{"id":394,"date":"2019-03-10T14:08:43","date_gmt":"2019-03-10T13:08:43","guid":{"rendered":"https:\/\/wordpress.nibis.de\/gswarmsen\/?page_id=394"},"modified":"2019-03-10T14:16:14","modified_gmt":"2019-03-10T13:16:14","slug":"beratungskonzept","status":"publish","type":"page","link":"https:\/\/wordpress.nibis.de\/gswarmsen\/beratungskonzept\/","title":{"rendered":"Beratungskonzept"},"content":{"rendered":"\n<p>Die allgemeine Beratung der Sch\u00fclerinnen und Sch\u00fcler\nfindet im t\u00e4glichen Unterricht statt. Bei der Begleitung im Lernprozess werden\nneben der notwendigen Unterst\u00fctzung zur Erfassung der Arbeitsanweisungen und\nzur Bew\u00e4ltigung der Aufgaben auch R\u00fcckmeldungen \u00fcber den Lernprozess und den\nerreichten Lernerfolg gegeben. Erfolge und Misserfolge werden kindgerecht\ngespiegelt. Bei Negativergebnissen wird nach Begr\u00fcndungen geforscht und eine\nentsprechende Beratung durchgef\u00fchrt.<\/p>\n\n\n\n<p>Grunds\u00e4tzlich wird f\u00fcr jedes einzelne Kind die\nindividuelle Lernentwicklung dokumentiert und er\u00f6rtert. Sie erfasst prozessual\ndie Lernverl\u00e4ufe, das Arbeits- und Sozialverhalten und die erreichten\nLernst\u00e4nde. Diese Entwicklung wird allen Beteiligten in einem Gespr\u00e4ch bekannt\ngegeben. <br>\nZum Entwicklungsstand der Kinder findet im ersten Halbjahr f\u00fcr alle ein\nallgemeiner Elternsprechtag im November statt, an dem auch die Fachkollegen zu\nsprechen sind. <\/p>\n\n\n\n<p>Im Fr\u00fchjahr wird ein zweiter Elternsprechtag mit der\nKlassenlehrkraft angeboten, der vor allem bei dringendem\nGespr\u00e4chsbedarf in Anspruch genommen werden sollte, in\ndenen der Lern- und Entwicklungsprozess und die Abstimmung \u00fcber weitere\nEntwicklungsbereiche des Kindes im Vordergrund stehen. <\/p>\n\n\n\n<p>Jederzeit ist auf Wunsch und nach Absprache ein Gespr\u00e4ch\nzu aktuellen Problemen oder Gegebenheiten m\u00f6glich. Dieses kann sowohl\ntelefonisch als auch im pers\u00f6nlichen Gespr\u00e4ch erfolgen. <\/p>\n\n\n\n<p>Vor Beginn und &nbsp;w\u00e4hrend der gesamten Schullaufbahn eines\nSchulkindes finden Beratungsgespr\u00e4che statt:<\/p>\n\n\n\n<ul class=\"wp-block-list\"><li>ein Jahr vor der Einschulung: Sprachstanderkennungsverfahren,\nSchulanmeldung<\/li><li>im Jahr der Einschulung: schul\u00e4rztliche und\np\u00e4dagogische \u00dcberpr\u00fcfung der Schulreife<\/li><li>in jedem Schuljahr: <ul><li>nach den Beratungen \u00fcber die Individuelle\nLernentwicklung (ILE) erfolgen<\/li><\/ul><\/li><\/ul>\n\n\n\n<p>Elternsprechtage\nim November und Fr\u00fchjahr. <\/p>\n\n\n\n<ul class=\"wp-block-list\"><li>anlassbezogene Gespr\u00e4che mit den Kindern und\nggf. mit den Eltern <\/li><\/ul>\n\n\n\n<p>Beratung f\u00fcr die vierten Klassen \u00fcber die weitere\nSchullaufbahn:<\/p>\n\n\n\n<ul class=\"wp-block-list\"><li>Anfang des Schuljahres erfolgt eine\nInformationsveranstaltung \u00fcber die m\u00f6glichen Bildungsg\u00e4nge und das\nBeratungsverfahren an sich. Diese Veranstaltung findet in Kooperation mit den\nanderen Grundschulen der Samtgemeinde und den weiterf\u00fchrenden Schulen statt.<\/li><li>Neben den Elternsprechtagen und den\nGespr\u00e4chen aus aktuellem Anlass findet noch einmal eine Eltern- und\nSch\u00fclerberatung Ende Januar und im Sommer nach den vorl\u00e4ufigen und endg\u00fcltigen\nSchullaufbahnempfehlungen statt. <\/li><\/ul>\n","protected":false},"excerpt":{"rendered":"<p>Die allgemeine Beratung der Sch\u00fclerinnen und Sch\u00fcler findet im t\u00e4glichen Unterricht statt. Bei der Begleitung im Lernprozess werden neben der notwendigen Unterst\u00fctzung zur Erfassung der Arbeitsanweisungen und zur Bew\u00e4ltigung der Aufgaben auch R\u00fcckmeldungen \u00fcber den Lernprozess und den erreichten Lernerfolg &hellip; <a href=\"https:\/\/wordpress.nibis.de\/gswarmsen\/beratungskonzept\/\">Weiterlesen <span class=\"meta-nav\">&rarr;<\/span><\/a><\/p>\n","protected":false},"author":9192574,"featured_media":0,"parent":0,"menu_order":0,"comment_status":"closed","ping_status":"closed","template":"","meta":{"footnotes":""},"class_list":["post-394","page","type-page","status-publish","hentry"],"_links":{"self":[{"href":"https:\/\/wordpress.nibis.de\/gswarmsen\/wp-json\/wp\/v2\/pages\/394","targetHints":{"allow":["GET"]}}],"collection":[{"href":"https:\/\/wordpress.nibis.de\/gswarmsen\/wp-json\/wp\/v2\/pages"}],"about":[{"href":"https:\/\/wordpress.nibis.de\/gswarmsen\/wp-json\/wp\/v2\/types\/page"}],"author":[{"embeddable":true,"href":"https:\/\/wordpress.nibis.de\/gswarmsen\/wp-json\/wp\/v2\/users\/9192574"}],"replies":[{"embeddable":true,"href":"https:\/\/wordpress.nibis.de\/gswarmsen\/wp-json\/wp\/v2\/comments?post=394"}],"version-history":[{"count":3,"href":"https:\/\/wordpress.nibis.de\/gswarmsen\/wp-json\/wp\/v2\/pages\/394\/revisions"}],"predecessor-version":[{"id":401,"href":"https:\/\/wordpress.nibis.de\/gswarmsen\/wp-json\/wp\/v2\/pages\/394\/revisions\/401"}],"wp:attachment":[{"href":"https:\/\/wordpress.nibis.de\/gswarmsen\/wp-json\/wp\/v2\/media?parent=394"}],"curies":[{"name":"wp","href":"https:\/\/api.w.org\/{rel}","templated":true}]}}