{"id":397,"date":"2019-03-10T14:09:44","date_gmt":"2019-03-10T13:09:44","guid":{"rendered":"https:\/\/wordpress.nibis.de\/gswarmsen\/?page_id=397"},"modified":"2019-03-10T19:37:30","modified_gmt":"2019-03-10T18:37:30","slug":"das-betreuungskonzept-der-gs-warmsen","status":"publish","type":"page","link":"https:\/\/wordpress.nibis.de\/gswarmsen\/das-betreuungskonzept-der-gs-warmsen\/","title":{"rendered":"Betreuungskonzept"},"content":{"rendered":"\n<p>Seit\ndem 01.08.2002 ist die Grundschule Warmsen eine verl\u00e4ssliche Grundschule und\nbietet in der Kernzeit Betreuungszeiten an. Die Betreuung an der GS Warmsen ist\nkostenlos und erfolgt vor oder nach dem Unterricht. Die Erziehungsberechtigten\nmelden ihr Kind freiwillig, aber verbindlich f\u00fcr ein Schulhalbjahr zur\nBetreuungsgruppe an.<\/p>\n\n\n\n<p>Seit\ndem 01.10.2013 ist die Grundschule Warmsen auch eine Ganztagsgrundschule mit\noffenem Ganztagsangebot. Kinder unserer Schule k\u00f6nnen freiwillig, aber\nverbindlich \u2013auch tageweise- zum Ganztag angemeldet werden. Das Ganztagsangebot\nendet montags bis donnerstags um 15:40 Uhr, freitags um 14:00 Uhr.<\/p>\n\n\n\n<p>Die\nBetreuung der Kinder solldurch eine\np\u00e4dagogisch vorgebildete Person erfolgen.<\/p>\n\n\n\n<p>Arbeitsschwerpunkte\nder p\u00e4dagogischen Betreuung werden mit der Betreuungskraft abgesprochen und\nfestgelegt. Das Betreuungskonzept basiert auf einem ganzheitlichen\nErziehungsansatz. <\/p>\n\n\n\n<p>Um den Bed\u00fcrfnissen\nder Kinder gerecht zu werden, ist es von grundlegender Bedeutung, die Kinder\nganzheitlich mit K\u00f6rper, Geist und Seele zu sehen und zu f\u00f6rdern. <\/p>\n\n\n\n<p>Schwerpunkte hierbei sind:<\/p>\n\n\n\n<ul class=\"wp-block-list\"><li>Bewegung<br>\nNicht nur als Ausgleich zum Stillsitzen w\u00e4hrend der Unterrichtszeiten ist\nBewegung wichtig. In der Betreuung wird dem Bewegungsdrang der Kinder Raum\ngeboten. Entsprechend viel wird der Au\u00dfen-, Sport- und Spielbereich mit all\nseinen M\u00f6glichkeiten genutzt. <\/li><li>F\u00f6rderung der Feinmotorik\n<br>\nDie Kinder \u00fcben sich in unterschiedlichsten T\u00e4tigkeiten um ihre feinmotorischen\nF\u00e4higkeiten zu festigen bzw. zu verbessern.<\/li><li>Sinneserziehung<br>\nDie Kinder sollen in all ihren Sinnesbereichen gef\u00f6rdert werden. Dazu werden\nunterschiedlichste Materialien und Medien genutzt.<\/li><li>Miteinander spielen<br>\nIn den Betreuungszeiten k\u00f6nnen die Kinder Gemeinsamkeiten entdecken,\nmiteinander Spa\u00df haben, Fantasiespiele ausdenken, Konflikte im Spiel l\u00f6sen\nlernen, &#8230;<\/li><li>Unbeobachtetes Spiel <br>\nSich zur\u00fcckziehen, f\u00fcr sich sein, ungest\u00f6rt sein &#8211; das ist wichtig f\u00fcr die\nseelische Ausgeglichenheit der Kinder. Deshalb kann ihnen w\u00e4hrend der\nBetreuungszeiten dieser Freiraum gew\u00e4hrt werden.<\/li><\/ul>\n\n\n\n<p>Die Betreuungskr\u00e4fte nehmen an den meisten Konferenzen der\nGS Warmsen teil. Wichtig sind Kontakte und Gespr\u00e4che zwischen den\nBetreuungskr\u00e4ften und den Lehrkr\u00e4ften um sich \u00fcber die Kinder auszutauschen.<\/p>\n\n\n\n<p>Der\nBetreuungsbereich erstreckt sich auf den oberen Geb\u00e4udeteil neben der\nSch\u00fclerb\u00fccherei, die Mensa und nat\u00fcrlich das Au\u00dfengel\u00e4nde. Die r\u00e4umliche\nAnordnung gew\u00e4hrleistet einerseits die bestm\u00f6gliche Beaufsichtigung der Kinder\nund andererseits k\u00f6nnen die Kinder ihren individuellen W\u00fcnschen nachgehen.<\/p>\n","protected":false},"excerpt":{"rendered":"<p>Seit dem 01.08.2002 ist die Grundschule Warmsen eine verl\u00e4ssliche Grundschule und bietet in der Kernzeit Betreuungszeiten an. Die Betreuung an der GS Warmsen ist kostenlos und erfolgt vor oder nach dem Unterricht. Die Erziehungsberechtigten melden ihr Kind freiwillig, aber verbindlich f\u00fcr ein Schulhalbjahr zur Betreuungsgruppe an. Seit dem 01.10.2013 ist die Grundschule Warmsen auch eine [&hellip;]<\/p>\n","protected":false},"author":9192574,"featured_media":0,"parent":0,"menu_order":0,"comment_status":"closed","ping_status":"closed","template":"","meta":{"footnotes":""},"class_list":["post-397","page","type-page","status-publish","hentry"],"_links":{"self":[{"href":"https:\/\/wordpress.nibis.de\/gswarmsen\/wp-json\/wp\/v2\/pages\/397","targetHints":{"allow":["GET"]}}],"collection":[{"href":"https:\/\/wordpress.nibis.de\/gswarmsen\/wp-json\/wp\/v2\/pages"}],"about":[{"href":"https:\/\/wordpress.nibis.de\/gswarmsen\/wp-json\/wp\/v2\/types\/page"}],"author":[{"embeddable":true,"href":"https:\/\/wordpress.nibis.de\/gswarmsen\/wp-json\/wp\/v2\/users\/9192574"}],"replies":[{"embeddable":true,"href":"https:\/\/wordpress.nibis.de\/gswarmsen\/wp-json\/wp\/v2\/comments?post=397"}],"version-history":[{"count":2,"href":"https:\/\/wordpress.nibis.de\/gswarmsen\/wp-json\/wp\/v2\/pages\/397\/revisions"}],"predecessor-version":[{"id":409,"href":"https:\/\/wordpress.nibis.de\/gswarmsen\/wp-json\/wp\/v2\/pages\/397\/revisions\/409"}],"wp:attachment":[{"href":"https:\/\/wordpress.nibis.de\/gswarmsen\/wp-json\/wp\/v2\/media?parent=397"}],"curies":[{"name":"wp","href":"https:\/\/api.w.org\/{rel}","templated":true}]}}