{"id":402,"date":"2019-03-10T14:11:55","date_gmt":"2019-03-10T13:11:55","guid":{"rendered":"https:\/\/wordpress.nibis.de\/gswarmsen\/?page_id=402"},"modified":"2019-03-10T19:37:16","modified_gmt":"2019-03-10T18:37:16","slug":"brandschutzerziehung-an-der-grundschule-warmsen","status":"publish","type":"page","link":"https:\/\/wordpress.nibis.de\/gswarmsen\/brandschutzerziehung-an-der-grundschule-warmsen\/","title":{"rendered":"Brandschutzerziehung"},"content":{"rendered":"\n<p>Zwischen\nder Grundschule und der Feuerwehr Warmsen (Kontaktperson ist Herr B\u00f6deker) &nbsp;besteht eine Kooperationsvereinbarung, die\nKinder an einen verantwortungsvollen Umgang mit der Thematik Feuer heranzuf\u00fchren.\n<\/p>\n\n\n\n<p>Dazu\ngestalten Mitglieder der Feuerwehr im Beisein einer Lehrkraft Unterricht in\nallen vier Klassenstufen. <\/p>\n\n\n\n<p>Es\nsind verschiedene Themen vorgesehen:<\/p>\n\n\n\n<ul class=\"wp-block-list\"><li>In der 1. Klasse steht\nein Besuch des Feuerwehrger\u00e4tehauses an, um die Aufgaben der Feuerwehr genauer\nkennenzulernen <\/li><li>In Klasse 2 geht es um\ndas Thema: \u201eFeuer \u2013 Gefahren und richtiges Verhalten im Notfall.\u201c Besondere\nBeachtung findet hier das Thema \u201eKerzenlicht \u2013 Weihnachten \u2013 richtiger Umgang\nmit Feuer\u201c. <\/li><li>Im 3. Schuljahrgang wird\n\u2013 in Zusammenarbeit mit dem DRK \u2013 die \u201eRettungswache\u201c behandelt. Es geht um die\nThemenbereiche \u201eErste Hilfe\u201c und \u201eNotruf\u201c. Schwerpunkte sind hierbei die\nInhalte Ver\u00e4tzungen, Verbrennungen und Vergiftungen sowie deren vorbeugende\nMa\u00dfnahmen und Erstma\u00dfnahmen.<\/li><li>In der 4. Klasse besuchen\ndie Kinder die Jugendfeuerwehr am Ger\u00e4tehaus. Sie besch\u00e4ftigen sich gemeinsam\nmit dem richtigen Verhalten bei einem Fritteusenbrand. Um den Sch\u00fclern die\nGefahren beim Umgang mit hei\u00dfem Fett zu verdeutlichen, werden eine\nFettexplosion und eine Mehlstaubexplosion durchgef\u00fchrt. Au\u00dferdem wird den\nViertkl\u00e4sslern der richtige Umgang mit dem Feuerl\u00f6scher gezeigt und\nInformationen zu den Fahrzeugen und den Ger\u00e4ten der Feuerwehr gegeben.<\/li><\/ul>\n\n\n\n<p>In\nallen Klassenstufen wird darauf geachtet, die Anwendung des Notrufes in \u00dcbungen\nzu erlernen.<\/p>\n\n\n\n<p><strong>Alarmplan der GS Warmsen<\/strong><\/p>\n\n\n\n<ol class=\"wp-block-list\"><li>Bricht in der Schule ein Brand aus, so ist\nohne R\u00fccksicht auf den Umfang des Feuers unverz\u00fcglich Alarm zu geben und die\nFeuerwehr und gegebenenfalls auch die Polizei und der Rettungsdienst zu\nverst\u00e4ndigen. Der Erfolg eigener L\u00f6sch\u00adversuche darf nicht abgewartet werden.<\/li><li>Der Alarm wird in der Regel von dem Schulleiter oder seiner\nStellvertreterin ausgel\u00f6st. Bei au\u00dfengew\u00f6hnlichen Gefahren ist jede Lehrkraft\nund jede Sch\u00fclerin \/ jeder Sch\u00fcler berechtigt und verpflichtet, Alarm zu geben.<\/li><li>Bei Dunkelheit muss sofort die gesamte Beleuchtung des Geb\u00e4udes\neingeschaltet werden.<\/li><li>Die Sch\u00fclerinnen und Sch\u00fcler verlassen unter Aufsicht der Lehrkr\u00e4fte,\nbei denen sie gerade Unterricht haben, die Unterrichtsr\u00e4ume und das Geb\u00e4ude. <br>\nGehbehinderte Kinder sind zu f\u00fchren oder zu tragen. Auf Ruhe und Ordnung ist zu\nachten.<\/li><li>Alle Fenster sind zu schlie\u00dfen, ebenso die T\u00fcren nach dem Verlassen\nder R\u00e4ume.<\/li><li>Die Lehrkr\u00e4fte bleiben bei ihren Klassen, sie \u00fcberzeugen sich davon,\ndass niemand zur\u00fcckgeblieben ist (Toiletten, Nebenr\u00e4ume).<\/li><li>Sch\u00fcler, die zum Zeitpunkt des Alarms nicht in der Klasse waren,\nbegeben sich unbedingt sofort zum Sammelplatz.<\/li><li>Ist eine Klasse \/ Lerngruppe unbeaufsichtigt, so ist sie von der\nLehrkraft einer benachbarten Klasse mit zu betreuen. <\/li><li>Auf dem Sammelplatz stellen die Lehrkr\u00e4fte die Vollz\u00e4hligkeit der\nSch\u00fclerinnen und Sch\u00fcler fest (Klassenbuch mit Sch\u00fclerliste mitnehmen).<\/li><li>Jede Klasse hat von den\nzur Verf\u00fcgung stehenden Au\u00dfent\u00fcren den n\u00e4chsten sicheren Fluchtweg zu w\u00e4hlen,\nder ins Freie f\u00fchrt. Notfalls muss der Raum \u00fcber die Fenster verlassen werden.<\/li><li>Der Sammelpunkt f\u00fcr alle\nKlassen befindet sich auf dem Schulhof an der gekennzeichneten Stelle neben dem\nWeg zur Turnhalle. Die Klassen sind geordnet von 1a bis 4b aufzustellen, um das\n\u00dcberpr\u00fcfen der Vollz\u00e4hligkeit zu erleichtern. Jede Klasse ist von der\nKlassenlehrkraft \u00fcber den Sammelpunkt zu informieren.<\/li><\/ol>\n","protected":false},"excerpt":{"rendered":"<p>Zwischen der Grundschule und der Feuerwehr Warmsen (Kontaktperson ist Herr B\u00f6deker) &nbsp;besteht eine Kooperationsvereinbarung, die Kinder an einen verantwortungsvollen Umgang mit der Thematik Feuer heranzuf\u00fchren. Dazu gestalten Mitglieder der Feuerwehr im Beisein einer Lehrkraft Unterricht in allen vier Klassenstufen. Es &hellip; <a href=\"https:\/\/wordpress.nibis.de\/gswarmsen\/brandschutzerziehung-an-der-grundschule-warmsen\/\">Weiterlesen <span class=\"meta-nav\">&rarr;<\/span><\/a><\/p>\n","protected":false},"author":9192574,"featured_media":0,"parent":0,"menu_order":0,"comment_status":"closed","ping_status":"closed","template":"","meta":{"footnotes":""},"class_list":["post-402","page","type-page","status-publish","hentry"],"_links":{"self":[{"href":"https:\/\/wordpress.nibis.de\/gswarmsen\/wp-json\/wp\/v2\/pages\/402","targetHints":{"allow":["GET"]}}],"collection":[{"href":"https:\/\/wordpress.nibis.de\/gswarmsen\/wp-json\/wp\/v2\/pages"}],"about":[{"href":"https:\/\/wordpress.nibis.de\/gswarmsen\/wp-json\/wp\/v2\/types\/page"}],"author":[{"embeddable":true,"href":"https:\/\/wordpress.nibis.de\/gswarmsen\/wp-json\/wp\/v2\/users\/9192574"}],"replies":[{"embeddable":true,"href":"https:\/\/wordpress.nibis.de\/gswarmsen\/wp-json\/wp\/v2\/comments?post=402"}],"version-history":[{"count":2,"href":"https:\/\/wordpress.nibis.de\/gswarmsen\/wp-json\/wp\/v2\/pages\/402\/revisions"}],"predecessor-version":[{"id":408,"href":"https:\/\/wordpress.nibis.de\/gswarmsen\/wp-json\/wp\/v2\/pages\/402\/revisions\/408"}],"wp:attachment":[{"href":"https:\/\/wordpress.nibis.de\/gswarmsen\/wp-json\/wp\/v2\/media?parent=402"}],"curies":[{"name":"wp","href":"https:\/\/api.w.org\/{rel}","templated":true}]}}