{"id":410,"date":"2019-03-10T19:38:39","date_gmt":"2019-03-10T18:38:39","guid":{"rendered":"https:\/\/wordpress.nibis.de\/gswarmsen\/?page_id=410"},"modified":"2019-03-10T19:38:39","modified_gmt":"2019-03-10T18:38:39","slug":"buecherei","status":"publish","type":"page","link":"https:\/\/wordpress.nibis.de\/gswarmsen\/buecherei\/","title":{"rendered":"B\u00fccherei"},"content":{"rendered":"\n<p><strong>Die Warmser Sch\u00fclerb\u00fccherei<\/strong> <\/p>\n\n\n\n<p><strong>Tradition der Warmser Sch\u00fclerb\u00fccherei<\/strong><\/p>\n\n\n\n<p>\u201e1899 wurde in der Schule erstmals eine Sch\u00fclerbibliothek mit 53 \nB\u00e4nden eingerichtet, zumeist vaterl\u00e4ndische Literatur und geschichtliche\n Werke. Die strengen Ausleihvorschriften verfasste Pastor Junge.\u201c<\/p>\n\n\n\n<p>Diese Notiz wird in der Chronik \u201e900 Jahre Warmsen\u201c wiedergegeben. \nVor \u00fcber 100 Jahren war das Vorhandensein einer Bibliothek mit 53 \nB\u00fcchern in einer kleinen Dorfschule sicher ein sch\u00f6ner Schatz. Daran \nl\u00e4sst sich erkennen, dass der Stellenwert des Lesens und der Literatur \nhier in Warmsen von den Lehrern schon immer sehr hoch gesch\u00e4tzt wurde. \nImmer wieder wurde in die Erhaltung und Erweiterung der Bibliothek, die \nWartung und Pflege der B\u00fccher viel Geld, Zeit und M\u00fche investiert.<\/p>\n\n\n\n<p>Seit Ende 2008 befindet sich die B\u00fccherei nicht mehr im \nMehrzweckraum, sondern in dem angrenzenden Geb\u00e4udeteil, der fr\u00fcher als \nLehrerwohnung diente. Hier haben die kleinen Leseratten nun einen sehr \nsch\u00f6nen Lesebereich.<\/p>\n\n\n\n<p><strong>Unsere B\u00fccherei heute<br> <\/strong><\/p>\n\n\n\n<ul class=\"wp-block-list\"><li>Heute umfasst unsere Sch\u00fclerb\u00fccherei ca. 1500 B\u00fccher.<\/li><li>Ausleihberechtigt sind alle Sch\u00fclerinnen und Sch\u00fcler der GS, von der ersten bis zur vierten Klasse.<\/li><li>Wir haben keine absoluten Ausleihfristen, m\u00f6chten aber B\u00fccher gerne \nin einem Zeitraum von 4 Wochen wieder zur\u00fcckbekommen. Sollte ein Kind \nsein Buch l\u00e4nger als 5 Wochen nicht zur\u00fcckgegeben haben, so wird es von \nden Mitarbeiterinnen oder der Klassenlehrkraft angesprochen.<\/li><li>Ausleihe ist jederzeit im Unterricht mit den Klassenlehrern m\u00f6glich.\n Seit 1998 ist immer in ausgew\u00e4hlten Pausen die B\u00fccherei ge\u00f6ffnet. Seit \nJahren sind der Dienstag und der Donnerstag in den K\u00f6pfen der Kinder \nfest verankert als \u201eB\u00fcchereitag\u201c.<\/li><\/ul>\n\n\n\n<p><strong>Gliederung der B\u00fccherei:<\/strong><\/p>\n\n\n\n<p>Die B\u00fccherei unterteilt sich in 6 gro\u00dfe Bereiche:<\/p>\n\n\n\n<ol class=\"wp-block-list\"><li>Sachb\u00fccher<\/li><li>Geschichtenb\u00fccher und besondere Themenfelder:<br> (Pferde, Bauernhof, Fu\u00dfball, Hexen)<\/li><li>M\u00e4rchen<\/li><li>Bibeln, biblische Geschichten, Themenfeld Leben und Sterben<\/li><li>Belletristik &#8211; B\u00fccher gestaffelt nach Schwierigkeitsgrad:<br>&#8211; erstes und leichtes Lesen<br>&#8211; fortgeschrittenes Lesen<br>&#8211; sehr gutes Lesen<\/li><li>Bilderb\u00fccher<\/li><\/ol>\n\n\n\n<p><strong>Betreuung, Organisation und Finanzierung der B\u00fccherei<\/strong><\/p>\n\n\n\n<p>Betreut wurde die B\u00fccherei bis 1998 von den Lehrern der GS, danach \n\u00fcbernahmen zun\u00e4chst M\u00fctter und dann ehrenamtlich Frau Roders-Krause und \nFrau Meier das Aufgabenfeld.<\/p>\n\n\n\n<p>Seit dem Jahr 2006 liegen die Aufgaben der B\u00fccherei wie \nAnschaffungen, Sichtung, Pflege, Wartung, Reparatur, Ausleihe, \nMahnungen, individuelle Beratung und Leseempfehlungen in der Hand von \nder ehrenamtlichen Mitarbeiterin Sibylle Roders-Krause.<\/p>\n\n\n\n<p>Finanziert wurden und werden Neuanschaffungen zum einen durch \nSchulmittel, die der B\u00fccherei aus dem Jahresetat der GS zur Verf\u00fcgung \ngestellt werden, zum anderen durch die gro\u00dfz\u00fcgigen Spenden des \nF\u00f6rdervereins der Warmser Grundschule.<\/p>\n\n\n\n<p>Zudem werden seit einigen Jahren die Eltern der jeweiligen \nErstkl\u00e4ssler darum gebeten, einen einmaligen Betrag f\u00fcr die B\u00fccherei zu \nspenden, dem die Eltern zumeist gerne nachkommen. Auch kleinere und \ngr\u00f6\u00dfere Privatspenden konnte die B\u00fccherei auf der Haben-Seite verbuchen.\n Manchmal entschlie\u00dfen sich Kinder und Eltern, der B\u00fccherei eigene gut \nerhaltene Kinderb\u00fccher zu schenken &#8211; eine tolle Idee und immer \nwillkommene Gabe!<\/p>\n\n\n\n<p><strong>Unser Konzept &#8211; unsere Ziele<\/strong><\/p>\n\n\n\n<p>Das Ziel der B\u00fcchereiarbeit in der GS Warmsen ist, die Kinder an das \nLesen heranzuf\u00fchren und ihnen das Wesen einer Bibliothek vertraut zu \nmachen.<\/p>\n\n\n\n<p>Sie lernen:<\/p>\n\n\n\n<ul class=\"wp-block-list\"><li>dass Lesen Spa\u00df macht \/ machen kann,<\/li><li>Literatur kennen,<\/li><li>pfleglich mit den B\u00fcchern umzugehen,<\/li><li>das System der Ausleihe zu verstehen,<\/li><li>ihren F\u00e4higkeiten, Interessen und Aufgaben entsprechend B\u00fccher zu suchen und zu finden,<\/li><li>dar\u00fcber hinaus auch, wenn sie m\u00f6chten, Hilfsarbeiten f\u00fcr die \nB\u00fccherei auszuf\u00fchren, indem sie z. B. zur\u00fcckgegebene B\u00fccher wieder an \nihren Platz in die Regale zur\u00fccksortieren, Ausleihkarten sortieren, \nAusleihe durchf\u00fchren &#8230;<\/li><\/ul>\n\n\n\n<p>Wir bem\u00fchen uns, einerseits ein breites Spektrum an Themen f\u00fcr die \nKinder bereitzuhalten, andererseits versuchen wir ihren speziellen \nInteressen durch Neuanschaffungen entgegenzukommen, sodass wir z. B. \ngezielt zu den Themenfeldern \u201eFu\u00dfball\u201c, \u201eBauernhof\u201c oder \u201ePferde\u201c neue \nBereiche eingerichtet haben, die gesondert stehen und deshalb schnell \nund einfach gefunden werden k\u00f6nnen. Weitere Themenbereiche sind in \nPlanung.<\/p>\n\n\n\n<p>Wir danken allen, die f\u00fcr den Fortbestand unserer kleinen, aber feinen B\u00fccherei sorgen und uns bei unserer Arbeit unterst\u00fctzen!<\/p>\n","protected":false},"excerpt":{"rendered":"<p>Die Warmser Sch\u00fclerb\u00fccherei Tradition der Warmser Sch\u00fclerb\u00fccherei \u201e1899 wurde in der Schule erstmals eine Sch\u00fclerbibliothek mit 53 B\u00e4nden eingerichtet, zumeist vaterl\u00e4ndische Literatur und geschichtliche Werke. Die strengen Ausleihvorschriften verfasste Pastor Junge.\u201c Diese Notiz wird in der Chronik \u201e900 Jahre Warmsen\u201c wiedergegeben. Vor \u00fcber 100 Jahren war das Vorhandensein einer Bibliothek mit 53 B\u00fcchern in einer [&hellip;]<\/p>\n","protected":false},"author":9192574,"featured_media":0,"parent":0,"menu_order":0,"comment_status":"closed","ping_status":"closed","template":"","meta":{"footnotes":""},"class_list":["post-410","page","type-page","status-publish","hentry"],"_links":{"self":[{"href":"https:\/\/wordpress.nibis.de\/gswarmsen\/wp-json\/wp\/v2\/pages\/410","targetHints":{"allow":["GET"]}}],"collection":[{"href":"https:\/\/wordpress.nibis.de\/gswarmsen\/wp-json\/wp\/v2\/pages"}],"about":[{"href":"https:\/\/wordpress.nibis.de\/gswarmsen\/wp-json\/wp\/v2\/types\/page"}],"author":[{"embeddable":true,"href":"https:\/\/wordpress.nibis.de\/gswarmsen\/wp-json\/wp\/v2\/users\/9192574"}],"replies":[{"embeddable":true,"href":"https:\/\/wordpress.nibis.de\/gswarmsen\/wp-json\/wp\/v2\/comments?post=410"}],"version-history":[{"count":1,"href":"https:\/\/wordpress.nibis.de\/gswarmsen\/wp-json\/wp\/v2\/pages\/410\/revisions"}],"predecessor-version":[{"id":412,"href":"https:\/\/wordpress.nibis.de\/gswarmsen\/wp-json\/wp\/v2\/pages\/410\/revisions\/412"}],"wp:attachment":[{"href":"https:\/\/wordpress.nibis.de\/gswarmsen\/wp-json\/wp\/v2\/media?parent=410"}],"curies":[{"name":"wp","href":"https:\/\/api.w.org\/{rel}","templated":true}]}}