{"id":432,"date":"2019-03-10T19:46:36","date_gmt":"2019-03-10T18:46:36","guid":{"rendered":"https:\/\/wordpress.nibis.de\/gswarmsen\/?page_id=432"},"modified":"2019-03-10T19:46:36","modified_gmt":"2019-03-10T18:46:36","slug":"kooperation-mit-ausserschulischen-institutionen","status":"publish","type":"page","link":"https:\/\/wordpress.nibis.de\/gswarmsen\/kooperation-mit-ausserschulischen-institutionen\/","title":{"rendered":"Kooperation mit au\u00dferschulischen Institutionen"},"content":{"rendered":"\n<p>Die Schule ist nur ein Teil der kindlichen Lebenswelt. Das, was \nKinder au\u00dferhalb der Schule erfahren und erleben, muss in das Schulleben\n integriert werden. \u201eLeben und Schule kommen nur dann ad\u00e4quat zusammen, \nwenn Erfahrungen in Lebenssituationen und die Reflexion dieser \nErfahrungen &#8230; st\u00e4ndig miteinander korrelieren.\u201c (Bunk\/Claussen: \nLernorte au\u00dferhalb des Klassenraums I, S. 31, 1994). Aus diesem Grunde \nwerden einerseits Besuche au\u00dferschulischer Lernorte erm\u00f6glicht, \nandererseits laden wir zu vielen Unterrichtsthemen \u201eFachkr\u00e4fte\u201c in den \nUnterricht ein:<\/p>\n\n\n\n<ol class=\"wp-block-list\"><li>Mit Hilfe der <strong>Polizei<\/strong> wird in den 4. Klassen die Radfahrpr\u00fcfung durchgef\u00fchrt, nachdem die Kinder sich im Sachunterricht darauf vorbereitet haben.<\/li><li>Die Kinder der jeweils ersten Klassen erfahren im Rahmen der \u201eGewaltpr\u00e4vention\u201c von <strong>Polizisten<\/strong>, wie sie sich in m\u00f6glichen Gefahrensituationen verhalten sollen und \u00fcben dieses mit ihnen.<\/li><li>Die Kinder der Klassen 3 erleben in dem Projekt \u201eMein K\u00f6rper geh\u00f6rt mir\u201c (<strong>Theaterp\u00e4dagogische Werkstatt Osnabr\u00fcck<\/strong>)Wichtiges zu den Fragen:<br>&#8211; Habe ich ein JA-oder NEIN-Gef\u00fchl?<br>&#8211; Wei\u00df eine vertraute Person, wo ich bin?<br>&#8211; Bekomme ich Hilfe, wenn ich welche ben\u00f6tige?<\/li><li>Die M\u00e4dchen der vierten Klassen lernen im Rahmen der \nGewaltpr\u00e4vention, sich selbst wahrzunehmen, zu behaupten und zu \nverteidigen (<strong>Wen-Do<\/strong>).<br> Parallel dazu werden die Jungen von einem Trainer der <strong>Polizei<\/strong>\n f\u00fcr geschlechts\u00adspezifisches Verhalten und den damit verbundenen \nGefahren des Alltags sensibilisiert. Angestrebt wird, dass die Jungen \nweder Opfer noch T\u00e4ter werden.<\/li><li>Einmal im Schuljahr unterst\u00fctzen uns Mitglieder der <strong>Feuerwehr<\/strong>,\n die den Kindern u.a. von den Gefahren des Feuers und vom richtigen \nVerhalten bei einem Brand erz\u00e4hlen. Dabei k\u00f6nnen die Kinder u.a. einen \nfiktiven Notruf abgeben oder kleine Versuche mit Feuer durchf\u00fchren. Zum \nSchluss erh\u00e4lt jedes Kind eine Teilnehmerurkunde.<\/li><li>Aber auch die Abstimmung des Alarmplans und die Feueralarm\u00fcbungen \nwerden in Zusammenarbeit mit der Feuerwehr geplant und durchgef\u00fchrt.<\/li><li>Im Bereich der \u201eGesundheitserziehung\u201c zeigt eine Fachkraft vom <strong>Gesundheitsamt<\/strong>\n jedes Jahr einmal, wie wichtig die t\u00e4gliche Zahnpflege ist. Die Kinder \n\u00fcben das richtige Z\u00e4hneputzen und erfahren u.a. etwas \u00fcber gesunde und \nungesunde Nahrungsmittel.<\/li><li>Das Projekt \u201e<strong>Klasse 2000<\/strong>\u201c mit Initialunterst\u00fctzung \ndurch den Lions Club, mit Unterst\u00fctzung des Schultr\u00e4gers und mit \nweiteren F\u00f6rderern aus unserer Umgebung ist seit 2008 zum Bestandteil \nunseres Schulprogramms geworden.<\/li><li>In dem Bereich \u201eGesundheitserziehung\u201c darf das Thema \u201eBewegung\u201c nat\u00fcrlich nicht fehlen. Deshalb findet mit dem Verein <strong>\u201eSport und Gesundheit e.V.\u201c<\/strong> und einer <strong>\u201eInteressengemeinschaft tischtennisbegeisterter Privatpersonen\u201c<\/strong> eine Kooperation mit zus\u00e4tzlichen AG-Stunden und Kooperationsstunden f\u00fcr den Ganztagsbetrieb statt.<\/li><li>Eine weitere Kooperation besteht mit dem <strong>\u201eMusizierkreis Warmsen e.V.\u201c<\/strong>.\n W\u00e4hrend dieser Kooperation werden Kinder des Vereins und zum Teil \nKinder der Grundschule w\u00e4hrend des Ganztagsbetriebs in Gesang und \nFl\u00f6tenspiel ausgebildet.<\/li><li>Die Religionsfachkr\u00e4fte arbeiten eng mit der \u00f6rtlichen <strong>Kirchengemeinde<\/strong> zusammen. So planen einige Schulklassen gemeinsam mit Pastor Krause Schulgottesdienste und f\u00fchren sie auch gemeinsam durch.<\/li><\/ol>\n\n\n\n<p>Aber nicht nur f\u00fcr die Durchf\u00fchrung des Unterrichts und des \nSchullebens ist die Zusammenarbeit mit au\u00dferschulischen Institutionen \nbedeutend.<\/p>\n\n\n\n<p>Um den Kindern den \u00dcbergang vom <strong>Kindergarten<\/strong> zur Grundschule aber auch den \u00dcbergang von der Grundschule zu den <strong>weiterf\u00fchrenden Schulen<\/strong>\n so gut wie m\u00f6glich zu erleichtern, arbeiten wir eng mit diesen \nInstitutionen zusammen. Es werden sowohl \u201eSchnuppertage\u201c f\u00fcr die Kinder \nals auch gegenseitige Besuche auf Kollegiums- und Leitungsebene statt. <br>\n Mit Kinderg\u00e4rten, Nachbarschulen und weiterf\u00fchrenden Schulen wurden \nKooperationsvereinbarungen getroffen, die gegenseitige Hospitationen, \nTeilnahme an Konferenzen und Absprachen beinhalten.<\/p>\n","protected":false},"excerpt":{"rendered":"<p>Die Schule ist nur ein Teil der kindlichen Lebenswelt. Das, was Kinder au\u00dferhalb der Schule erfahren und erleben, muss in das Schulleben integriert werden. \u201eLeben und Schule kommen nur dann ad\u00e4quat zusammen, wenn Erfahrungen in Lebenssituationen und die Reflexion dieser &hellip; <a href=\"https:\/\/wordpress.nibis.de\/gswarmsen\/kooperation-mit-ausserschulischen-institutionen\/\">Weiterlesen <span class=\"meta-nav\">&rarr;<\/span><\/a><\/p>\n","protected":false},"author":9192574,"featured_media":0,"parent":0,"menu_order":0,"comment_status":"closed","ping_status":"closed","template":"","meta":{"footnotes":""},"class_list":["post-432","page","type-page","status-publish","hentry"],"_links":{"self":[{"href":"https:\/\/wordpress.nibis.de\/gswarmsen\/wp-json\/wp\/v2\/pages\/432","targetHints":{"allow":["GET"]}}],"collection":[{"href":"https:\/\/wordpress.nibis.de\/gswarmsen\/wp-json\/wp\/v2\/pages"}],"about":[{"href":"https:\/\/wordpress.nibis.de\/gswarmsen\/wp-json\/wp\/v2\/types\/page"}],"author":[{"embeddable":true,"href":"https:\/\/wordpress.nibis.de\/gswarmsen\/wp-json\/wp\/v2\/users\/9192574"}],"replies":[{"embeddable":true,"href":"https:\/\/wordpress.nibis.de\/gswarmsen\/wp-json\/wp\/v2\/comments?post=432"}],"version-history":[{"count":1,"href":"https:\/\/wordpress.nibis.de\/gswarmsen\/wp-json\/wp\/v2\/pages\/432\/revisions"}],"predecessor-version":[{"id":434,"href":"https:\/\/wordpress.nibis.de\/gswarmsen\/wp-json\/wp\/v2\/pages\/432\/revisions\/434"}],"wp:attachment":[{"href":"https:\/\/wordpress.nibis.de\/gswarmsen\/wp-json\/wp\/v2\/media?parent=432"}],"curies":[{"name":"wp","href":"https:\/\/api.w.org\/{rel}","templated":true}]}}