{"id":444,"date":"2019-03-10T19:51:01","date_gmt":"2019-03-10T18:51:01","guid":{"rendered":"https:\/\/wordpress.nibis.de\/gswarmsen\/?page_id=444"},"modified":"2019-03-10T19:51:01","modified_gmt":"2019-03-10T18:51:01","slug":"soziale-erziehung","status":"publish","type":"page","link":"https:\/\/wordpress.nibis.de\/gswarmsen\/soziale-erziehung\/","title":{"rendered":"Soziale Erziehung"},"content":{"rendered":"\n<p>Zu den p\u00e4dagogischen Zielen geh\u00f6rt neben der Wissensvermittlung insbesondere auch die Erziehung an der GS Warmsen.<\/p>\n\n\n\n<p>Die Kinder sollen erkennen und erfahren, dass das Zusammenleben und \nLernen f\u00fcr alle angenehm verlaufen kann, wenn R\u00fccksicht aufeinander \ngenommen wird. Sie sollen lernen und \u00fcben, sich gegenseitig zu helfen \nund Probleme ohne Gewalt zu l\u00f6sen.<\/p>\n\n\n\n<p>An der Gestaltung des sozialen Lebens im Schulalltag sollen die Kinder aktiv mitwirken.<\/p>\n\n\n\n<p>Deshalb werden im (Sach-)Unterricht mit den Kindern gemeinsam Regeln  erarbeitet und aufgestellt, an die sich jeder in der Klasse halten muss.<br>Klassendienste, wie z. B. Aufr\u00e4um-, Getr\u00e4nke- oder Tafeldienst werden  zur Entwicklung eines gemeinschaftlichen Verantwortungsbewusstseins  eingerichtet. <br>Innerhalb des Klassenverbandes soll die Gemeinschaft  und gegenseitige Toleranz und Akzeptanz durch Rituale (z. B.  Morgenkreis, Geburtstagsfeiern, regelm\u00e4\u00dfige Platzwechsel) und Aktionen  (z. B. Klassennachmittage, -ausfl\u00fcge und \u2013fahrten) gest\u00e4rkt werden. <br>Im Unterricht wird die Zusammenarbeit der Kinder in verschiedenen  Sozialformen wie Partner- und Gruppenarbeit praktiziert und gef\u00f6rdert. <br>Dem Fach Religion kommt bei der sozialen Erziehung eine besondere  Bedeutung zu. Neben der traditionell christlichen Erziehung ist auch die  Hinwendung zu moralischen und ethischen Normen und Werten gefordert. Um  diesem Ziel m\u00f6glichst nahe zu kommen, erfolgt an der GS Warmsen keine  Streichung von Stunden im Fach Religion.<br>Auch im Fach Sport ist die  soziale Erziehung ein gro\u00dfer Bestandteil. Zum Beispiel f\u00f6rdern  Kooperations- und Mannschaftsspiele, aber auch das gemeinsame Aufbauen  und Ausprobierten von Ger\u00e4ten und Bewegungslandschaften, gegenseitige  R\u00fccksichtnahme, Einhalten von Regeln und St\u00e4rkung der Gemeinschaft.  Dieser Aspekt sowie die Gesundheit der Sch\u00fclerinnen und Sch\u00fcler sind uns  wichtig, so dass auch deshalb keine Streichung von Sportstunden  erfolgt.<\/p>\n\n\n\n<p>Das p\u00e4dagogische Konzept der sozialen Erziehung erstreckt sich auch auf das gesamte Angebot der Ganztagsbetreuung.<br> <br>Weiterhin wurde eine Schulordnung entwickelt, zu deren Einhaltung alle  Kinder und Erwachsenen verpflichtet sind. Wesentliche Punkte sind:  Vermeidung von Gewalt und ein ordentlicher und verantwortungsbewusster  Umgang mit Materialien und Schuleigentum.<\/p>\n\n\n\n<p>Konsequenzen bei Nichteinhalten der Schulregeln:<\/p>\n\n\n\n<ul class=\"wp-block-list\"><li>grunds\u00e4tzlich ein Gespr\u00e4ch<\/li><li>Entschuldigungsbrief schreiben oder Entschuldigungsbild malen<\/li><li>Wiedergutmachung<\/li><\/ul>\n\n\n\n<p>Jedem einzelnen Kind soll seine eigene Verantwortung f\u00fcr die Gemeinschaft deutlich und bewusst werden.<\/p>\n","protected":false},"excerpt":{"rendered":"<p>Zu den p\u00e4dagogischen Zielen geh\u00f6rt neben der Wissensvermittlung insbesondere auch die Erziehung an der GS Warmsen. Die Kinder sollen erkennen und erfahren, dass das Zusammenleben und Lernen f\u00fcr alle angenehm verlaufen kann, wenn R\u00fccksicht aufeinander genommen wird. Sie sollen lernen &hellip; <a href=\"https:\/\/wordpress.nibis.de\/gswarmsen\/soziale-erziehung\/\">Weiterlesen <span class=\"meta-nav\">&rarr;<\/span><\/a><\/p>\n","protected":false},"author":9192574,"featured_media":0,"parent":0,"menu_order":0,"comment_status":"closed","ping_status":"closed","template":"","meta":{"footnotes":""},"class_list":["post-444","page","type-page","status-publish","hentry"],"_links":{"self":[{"href":"https:\/\/wordpress.nibis.de\/gswarmsen\/wp-json\/wp\/v2\/pages\/444","targetHints":{"allow":["GET"]}}],"collection":[{"href":"https:\/\/wordpress.nibis.de\/gswarmsen\/wp-json\/wp\/v2\/pages"}],"about":[{"href":"https:\/\/wordpress.nibis.de\/gswarmsen\/wp-json\/wp\/v2\/types\/page"}],"author":[{"embeddable":true,"href":"https:\/\/wordpress.nibis.de\/gswarmsen\/wp-json\/wp\/v2\/users\/9192574"}],"replies":[{"embeddable":true,"href":"https:\/\/wordpress.nibis.de\/gswarmsen\/wp-json\/wp\/v2\/comments?post=444"}],"version-history":[{"count":1,"href":"https:\/\/wordpress.nibis.de\/gswarmsen\/wp-json\/wp\/v2\/pages\/444\/revisions"}],"predecessor-version":[{"id":446,"href":"https:\/\/wordpress.nibis.de\/gswarmsen\/wp-json\/wp\/v2\/pages\/444\/revisions\/446"}],"wp:attachment":[{"href":"https:\/\/wordpress.nibis.de\/gswarmsen\/wp-json\/wp\/v2\/media?parent=444"}],"curies":[{"name":"wp","href":"https:\/\/api.w.org\/{rel}","templated":true}]}}