{"id":447,"date":"2019-03-10T19:51:42","date_gmt":"2019-03-10T18:51:42","guid":{"rendered":"https:\/\/wordpress.nibis.de\/gswarmsen\/?page_id=447"},"modified":"2019-03-10T19:51:42","modified_gmt":"2019-03-10T18:51:42","slug":"umwelterziehung","status":"publish","type":"page","link":"https:\/\/wordpress.nibis.de\/gswarmsen\/umwelterziehung\/","title":{"rendered":"Umwelterziehung"},"content":{"rendered":"\n<p>Eine konsequente Umwelterziehung, die an der Leitidee der \nnachhaltigen Entwicklung im Sinne der Agenda 21 orientiert ist, geh\u00f6rt \nheute mehr denn je zum Leben und Lernen in der Schule. Umwelterziehung \nmeint zum einen die Vermittlung \u00f6kologischen Wissens, um Verst\u00e4ndnis und\n Bewusstsein f\u00fcr die Umwelt zu wecken. Zum anderen sollen die Kinder \nlernen, sich kritisch mit ihrer eigenen Lebensweise auseinander zu \nsetzen, M\u00f6glichkeiten aktiven Umweltschutzes im Alltag zu erkennen und \numzusetzen. Vorbild daf\u00fcr k\u00f6nnen Lehrende und Eltern durch \u00f6kologisch \nbewusstes Verhalten sein. Eine in diesem Sinne bewusst organisierte \nSchule wirkt f\u00fcr die Kinder glaubhaft und anregend. Wir versuchen durch \nfolgende Ma\u00dfnahmen Umweltschutz zu praktizieren:<\/p>\n\n\n\n<ul class=\"wp-block-list\"><li>Wir trennen in den Klassenr\u00e4umen nach Wertstoff, Papier und Restm\u00fcll.<\/li><li>Wir bieten die Versorgung mit Schulgetr\u00e4nken in Mehrwegflaschen an. \nSch\u00fcler, die sich selbst Getr\u00e4nke mitbringen, werden angehalten, auf \nEinwegflaschen zu verzichten.<\/li><li>Das Fr\u00fchst\u00fcck soll in Dosen mitgebracht werden.<\/li><li>Wir bem\u00fchen uns, mit Wasser und Energie sparsam umzugehen.<\/li><li>Auf Elternabenden informieren wir \u00fcber die M\u00f6glichkeiten umweltfreundlicher Schulmaterialien.<\/li><\/ul>\n\n\n\n<p>Die Vermittlung \u00f6kologischen Wissens erfolgt in erster Linie im \nSachunterricht. Die Rahmenrichtlinien geben den Themenkanon in vier \nLernfeldern vor:<\/p>\n\n\n\n<ul class=\"wp-block-list\"><li>Zusammenleben der Menschen<\/li><li>Mensch und heimatlicher Lebensraum<\/li><li>Sicherung menschlichen Lebens<\/li><li>Mensch und Natur \/ Mensch und Technik.<\/li><\/ul>\n\n\n\n<p>Die \u201eUmweltthemen\u201c sind in den schuleigenen Stoffverteilungspl\u00e4nen \nf\u00fcr die Klassen 1-4 verbindlich festgelegt. Umwelterziehung\/-bildung ist\n jedoch nicht nur als Thema im Sachunterricht in allen Klassenstufen \nverankert, sondern sollte ein durchg\u00e4ngiges Unterrichtsziel in m\u00f6glichst\n vielen F\u00e4chern sein, um dem Gebot von Nachhaltigkeit und \nZukunftsf\u00e4higkeit Rechnung zu tragen.<\/p>\n","protected":false},"excerpt":{"rendered":"<p>Eine konsequente Umwelterziehung, die an der Leitidee der nachhaltigen Entwicklung im Sinne der Agenda 21 orientiert ist, geh\u00f6rt heute mehr denn je zum Leben und Lernen in der Schule. Umwelterziehung meint zum einen die Vermittlung \u00f6kologischen Wissens, um Verst\u00e4ndnis und &hellip; <a href=\"https:\/\/wordpress.nibis.de\/gswarmsen\/umwelterziehung\/\">Weiterlesen <span class=\"meta-nav\">&rarr;<\/span><\/a><\/p>\n","protected":false},"author":9192574,"featured_media":0,"parent":0,"menu_order":0,"comment_status":"closed","ping_status":"closed","template":"","meta":{"footnotes":""},"class_list":["post-447","page","type-page","status-publish","hentry"],"_links":{"self":[{"href":"https:\/\/wordpress.nibis.de\/gswarmsen\/wp-json\/wp\/v2\/pages\/447","targetHints":{"allow":["GET"]}}],"collection":[{"href":"https:\/\/wordpress.nibis.de\/gswarmsen\/wp-json\/wp\/v2\/pages"}],"about":[{"href":"https:\/\/wordpress.nibis.de\/gswarmsen\/wp-json\/wp\/v2\/types\/page"}],"author":[{"embeddable":true,"href":"https:\/\/wordpress.nibis.de\/gswarmsen\/wp-json\/wp\/v2\/users\/9192574"}],"replies":[{"embeddable":true,"href":"https:\/\/wordpress.nibis.de\/gswarmsen\/wp-json\/wp\/v2\/comments?post=447"}],"version-history":[{"count":1,"href":"https:\/\/wordpress.nibis.de\/gswarmsen\/wp-json\/wp\/v2\/pages\/447\/revisions"}],"predecessor-version":[{"id":449,"href":"https:\/\/wordpress.nibis.de\/gswarmsen\/wp-json\/wp\/v2\/pages\/447\/revisions\/449"}],"wp:attachment":[{"href":"https:\/\/wordpress.nibis.de\/gswarmsen\/wp-json\/wp\/v2\/media?parent=447"}],"curies":[{"name":"wp","href":"https:\/\/api.w.org\/{rel}","templated":true}]}}