{"id":48,"date":"2018-10-09T14:16:15","date_gmt":"2018-10-09T12:16:15","guid":{"rendered":"http:\/\/wordpress.nibis.de\/gswarmsen\/?page_id=48"},"modified":"2018-10-10T19:24:52","modified_gmt":"2018-10-10T17:24:52","slug":"foerderverein","status":"publish","type":"page","link":"https:\/\/wordpress.nibis.de\/gswarmsen\/foerderverein\/","title":{"rendered":"F\u00f6rderverein"},"content":{"rendered":"<h2>F\u00f6rderverein der GS Warmsen<\/h2>\n<div id=\"nolis_content_site\">\n<p><strong>Der F\u00f6rderverein der GS Warmsen<br \/>\n<\/strong>Der Verein der Freunde und F\u00f6rderer der Grundschule Warmsen e.V. ist als gemeinn\u00fctziger Verein eingetragen im AG Walsrode VR 140116.<br \/>\nDer <strong>1. Vorsitzende<\/strong> ist <strong>Axel Reckweg<\/strong> (seit 2008)<\/p>\n<p>Die Steuernummer lautet 34\/215\/13629.<br \/>\nDas Konto ist bei der Volksbank Nienburg:<br \/>\nDE89 2569 0009 6806 8972 00<\/p>\n<p>Gegr\u00fcndet wurde der F\u00f6rderverein am 30.10.1974.<br \/>\nDie <strong>Gr\u00fcnder<\/strong> laut Gr\u00fcndungsversammlungsprotokoll waren:<br \/>\nRosemarie Gr\u00e4per, Margarete Wenzel, Marlene Bloch, J\u00fcrgen Bock, Ekkehard Kr\u00fcger, J\u00fcrgen Feierabend, Johannes Arnold, Heinrich Hormann und Ulli Bloch<\/p>\n<p>Der <strong>1. Vorsitzende<\/strong> war von<br \/>\n1974 bis 1986: \u00a0 Manfred Rebholz<br \/>\n1986 bis 1996: \u00a0 G\u00fcnter Ha\u00dffeld<br \/>\n1996 bis 2008: \u00a0 Karl-Heinz Lampe<br \/>\nseit 2008:\u00a0\u00a0\u00a0\u00a0\u00a0\u00a0\u00a0\u00a0\u00a0 Axel Reckweg<\/p>\n<p>Die zugrundeliegende Satzung gibt als Satzungszweck folgenden Inhalt vor:<\/p>\n<p>Der Verein ist g\u00e4nzlich selbstlos t\u00e4tig und verfolgt keine eigenwirtschaftlichen Zwecke. Er will die Eltern und Freunde der Grundschule Warmsen, sowie das Lehrerkollegium freundschaftlich zusammenschlie\u00dfen und im Einvernehmen mit der Gesamtkonferenz das kulturelle und sportliche Leben an der Schule ideell und materiell f\u00f6rdern.<br \/>\nDerzeit geh\u00f6ren 170 Mitglieder unserem F\u00f6rderverein an.<br \/>\nDer geringe Jahresbeitrag betr\u00e4gt 10,00 Euro f\u00fcr Eltern mit Kindern in der GS Warmsen, alle anderen Mitglieder bezahlen 7,50 Euro pro Jahr. Eintritt und Austritt haben in schriftlicher Form zu erfolgen.<br \/>\nDas Hauptprojekt der vergangenen Jahre war die Schulhofumgestaltung mit der \u00dcberschrift <strong>\u201eDie bewegte Schule&#8220;<\/strong>.<br \/>\nVon 2003 bis 2008 lief die vom Landschaftsarchitekten Heinrich Ha\u00dffeld geplante Umgestaltung des Schulgel\u00e4ndes.<br \/>\nIm Jahre 2002 wurde vom Schultr\u00e4ger das Gesamtkonzept genehmigt. Seither wurden in den Jahren Teilbereiche in kompletten Eigenleistungen hergestellt.<br \/>\nAls Ansprechpartner standen die beiden Vorsitzenden Karl-Heinz Lampe und Martin Wiehe gerne mit Rat und Tat zur Verf\u00fcgung.<\/p>\n<p>Nach diesem gewaltigen Projekt hei\u00dft es erst mal, das Vollbrachte zu genie\u00dfen, aber auch zu pflegen. Aber nicht nur damit ist Axel Reckweg besch\u00e4ftigt. Neue Projekte wie z. B. die Lesepaten wollen auch organisiert und begleitet werden.<\/p>\n<p>Seit 2012 organisiert der F\u00f6rderverein gemeinsam mit dem Schulelternrat j\u00e4hrlich wiederkehrend ein gro\u00dfes gemeinsames Schulfest. Dazu werden auch die Kindergartenkinder eingeladen, die nach den Sommerferien unsere Schule besuchen werden.<br \/>\nSo k\u00f6nnen die ganz Kleinen und auch deren Eltern ihre neue Schule mit den anderen Kinder und Eltern kennenlernen.<\/p>\n<\/div>\n","protected":false},"excerpt":{"rendered":"<p>F\u00f6rderverein der GS Warmsen Der F\u00f6rderverein der GS Warmsen Der Verein der Freunde und F\u00f6rderer der Grundschule Warmsen e.V. ist als gemeinn\u00fctziger Verein eingetragen im AG Walsrode VR 140116. Der 1. Vorsitzende ist Axel Reckweg (seit 2008) Die Steuernummer lautet 34\/215\/13629. Das Konto ist bei der Volksbank Nienburg: DE89 2569 0009 6806 8972 00 Gegr\u00fcndet [&hellip;]<\/p>\n","protected":false},"author":9192574,"featured_media":0,"parent":0,"menu_order":0,"comment_status":"closed","ping_status":"closed","template":"","meta":{"footnotes":""},"class_list":["post-48","page","type-page","status-publish","hentry"],"_links":{"self":[{"href":"https:\/\/wordpress.nibis.de\/gswarmsen\/wp-json\/wp\/v2\/pages\/48","targetHints":{"allow":["GET"]}}],"collection":[{"href":"https:\/\/wordpress.nibis.de\/gswarmsen\/wp-json\/wp\/v2\/pages"}],"about":[{"href":"https:\/\/wordpress.nibis.de\/gswarmsen\/wp-json\/wp\/v2\/types\/page"}],"author":[{"embeddable":true,"href":"https:\/\/wordpress.nibis.de\/gswarmsen\/wp-json\/wp\/v2\/users\/9192574"}],"replies":[{"embeddable":true,"href":"https:\/\/wordpress.nibis.de\/gswarmsen\/wp-json\/wp\/v2\/comments?post=48"}],"version-history":[{"count":2,"href":"https:\/\/wordpress.nibis.de\/gswarmsen\/wp-json\/wp\/v2\/pages\/48\/revisions"}],"predecessor-version":[{"id":2471,"href":"https:\/\/wordpress.nibis.de\/gswarmsen\/wp-json\/wp\/v2\/pages\/48\/revisions\/2471"}],"wp:attachment":[{"href":"https:\/\/wordpress.nibis.de\/gswarmsen\/wp-json\/wp\/v2\/media?parent=48"}],"curies":[{"name":"wp","href":"https:\/\/api.w.org\/{rel}","templated":true}]}}