{"id":981,"date":"2019-03-11T12:11:12","date_gmt":"2019-03-11T11:11:12","guid":{"rendered":"https:\/\/wordpress.nibis.de\/gswarmsen\/?page_id=981"},"modified":"2019-04-11T12:16:38","modified_gmt":"2019-04-11T10:16:38","slug":"thewabo","status":"publish","type":"page","link":"https:\/\/wordpress.nibis.de\/gswarmsen\/thewabo\/","title":{"rendered":"TheWaBo"},"content":{"rendered":"\n<p>Im Elternrat (und dem F\u00f6rderverein) der Grundschule Warmsen entstand Ende 2002 die Idee, ein kleines Theaterst\u00fcck einzustudieren und die Eintrittsgelder f\u00fcr den neu zu gestaltenden Schulhof zu spenden. \u00a0 <br \/>Was als einmalige Auff\u00fchrung geplant war, entwickelte sich schnell zum Selbstl\u00e4ufer. Schon das erste St\u00fcck \u201eIn einem tiefen dunklen Wald\u201c von Paul Maar wurde 2003 mehrfach auf verschiedenen B\u00fchnen gespielt. Au\u00dfer den urspr\u00fcnglich beteiligten Eltern und einigen Nachbarn und Freunden wirkten von Anfang an auch Kinder in dem Ensemble mit. (Entnommen der Homepage von <a href=\"https:\/\/thewabo.jimdo.com\/\" target=\"_blank\" rel=\"noopener noreferrer\">TheWaBo<\/a>)<\/p>\n\n\n\n<p>Diese \u201ekleine Geschichte\u201c macht deutlich, was sich aus gemeinschaftlichem Engagement entwickeln kann. TheWaBo ist heute immer noch aktiv. Wir freuen uns, dass der Zusammenhalt mit der Schule weiterhin besteht \u2013 immer wieder machen \u201eunsere\u201c Kinder an Theaterprojekten mit, selbst wenn diese \u201eKinder\u201c schon lange nicht mehr die Grundschule Warmsen besuchen.<\/p>\n","protected":false},"excerpt":{"rendered":"<p>Im Elternrat (und dem F\u00f6rderverein) der Grundschule Warmsen entstand Ende 2002 die Idee, ein kleines Theaterst\u00fcck einzustudieren und die Eintrittsgelder f\u00fcr den neu zu gestaltenden Schulhof zu spenden. \u00a0 Was als einmalige Auff\u00fchrung geplant war, entwickelte sich schnell zum Selbstl\u00e4ufer. Schon das erste St\u00fcck \u201eIn einem tiefen dunklen Wald\u201c von Paul Maar wurde 2003 mehrfach [&hellip;]<\/p>\n","protected":false},"author":9192574,"featured_media":0,"parent":0,"menu_order":0,"comment_status":"closed","ping_status":"closed","template":"","meta":{"footnotes":""},"class_list":["post-981","page","type-page","status-publish","hentry"],"_links":{"self":[{"href":"https:\/\/wordpress.nibis.de\/gswarmsen\/wp-json\/wp\/v2\/pages\/981","targetHints":{"allow":["GET"]}}],"collection":[{"href":"https:\/\/wordpress.nibis.de\/gswarmsen\/wp-json\/wp\/v2\/pages"}],"about":[{"href":"https:\/\/wordpress.nibis.de\/gswarmsen\/wp-json\/wp\/v2\/types\/page"}],"author":[{"embeddable":true,"href":"https:\/\/wordpress.nibis.de\/gswarmsen\/wp-json\/wp\/v2\/users\/9192574"}],"replies":[{"embeddable":true,"href":"https:\/\/wordpress.nibis.de\/gswarmsen\/wp-json\/wp\/v2\/comments?post=981"}],"version-history":[{"count":1,"href":"https:\/\/wordpress.nibis.de\/gswarmsen\/wp-json\/wp\/v2\/pages\/981\/revisions"}],"predecessor-version":[{"id":982,"href":"https:\/\/wordpress.nibis.de\/gswarmsen\/wp-json\/wp\/v2\/pages\/981\/revisions\/982"}],"wp:attachment":[{"href":"https:\/\/wordpress.nibis.de\/gswarmsen\/wp-json\/wp\/v2\/media?parent=981"}],"curies":[{"name":"wp","href":"https:\/\/api.w.org\/{rel}","templated":true}]}}