{"id":1182,"date":"2024-12-06T12:45:45","date_gmt":"2024-12-06T11:45:45","guid":{"rendered":"https:\/\/wordpress.nibis.de\/gswenden\/?page_id=1182"},"modified":"2026-03-02T07:37:44","modified_gmt":"2026-03-02T06:37:44","slug":"uebergang-klasse-4","status":"publish","type":"page","link":"https:\/\/wordpress.nibis.de\/gswenden\/uebergang-klasse-4\/","title":{"rendered":"\u00dcbergang Klasse 4"},"content":{"rendered":"<div class=\"wp-block-image is-style-default\">\n<figure class=\"aligncenter size-full is-resized\"><img loading=\"lazy\" decoding=\"async\" width=\"1684\" height=\"1190\" src=\"https:\/\/wordpress.nibis.de\/gswenden\/files\/2024\/12\/WF1-001.jpg\" alt=\"\" class=\"wp-image-1183\" style=\"width:369px;height:261px\" srcset=\"https:\/\/wordpress.nibis.de\/gswenden\/files\/2024\/12\/WF1-001.jpg 1684w, https:\/\/wordpress.nibis.de\/gswenden\/files\/2024\/12\/WF1-001-768x543.jpg 768w, https:\/\/wordpress.nibis.de\/gswenden\/files\/2024\/12\/WF1-001-1536x1085.jpg 1536w, https:\/\/wordpress.nibis.de\/gswenden\/files\/2024\/12\/WF1-001-538x380.jpg 538w\" sizes=\"auto, (max-width: 1684px) 100vw, 1684px\" \/><\/figure>\n<\/div>\n\n\n<p>Der Wechsel von der Grundschule in eine weiterf\u00fchrende Schule ist ein aufregender Schritt, der mit vielen Fragen verbunden ist. Sie als Eltern und Erziehungsberechtigte w\u00e4hlen die geeignete Schulform f\u00fcr Ihr Kind. Dabei begleiten, unterst\u00fctzen und beraten wir Sie sehr gern. Wir bieten Ihnen im 4. Schuljahrgang mindestens ein bis zwei Beratungsgespr\u00e4che an. Au\u00dferdem findet zu Beginn des Schuljahres ein Elterninformationsabend statt, zu dem wir Sie herzlich einladen. Hier stellen sich die weiterf\u00fchrenden Schulen der Stadt Braunschweig vor.<\/p>\n\n\n\n<p>Am <strong>08.10.2025<\/strong> findet ein <strong>Infoabend<\/strong> f\u00fcr Eltern und Erziehungsberechtigte statt. Die Einladung erfolgt \u00fcber das IServ-Elternmodul an unseren 4. Jahrgang.<\/p>\n\n\n\n<div class=\"wp-block-columns is-layout-flex wp-container-core-columns-is-layout-abceabcf wp-block-columns-is-layout-flex\">\n<div class=\"wp-block-column is-layout-flow wp-block-column-is-layout-flow\">\n<figure class=\"wp-block-image size-large is-style-default\"><img loading=\"lazy\" decoding=\"async\" width=\"1200\" height=\"675\" src=\"https:\/\/wordpress.nibis.de\/gswenden\/files\/2024\/12\/WF2-001-1200x675.jpg\" alt=\"\" class=\"wp-image-1185\" srcset=\"https:\/\/wordpress.nibis.de\/gswenden\/files\/2024\/12\/WF2-001-1200x675.jpg 1200w, https:\/\/wordpress.nibis.de\/gswenden\/files\/2024\/12\/WF2-001-850x478.jpg 850w, https:\/\/wordpress.nibis.de\/gswenden\/files\/2024\/12\/WF2-001-250x141.jpg 250w\" sizes=\"auto, (max-width: 1200px) 100vw, 1200px\" \/><\/figure>\n<\/div>\n\n\n\n<div class=\"wp-block-column is-layout-flow wp-block-column-is-layout-flow\">\n<figure class=\"wp-block-image size-large is-style-default\"><img loading=\"lazy\" decoding=\"async\" width=\"1200\" height=\"675\" src=\"https:\/\/wordpress.nibis.de\/gswenden\/files\/2024\/12\/WF3-001-1200x675.jpg\" alt=\"\" class=\"wp-image-1184\" srcset=\"https:\/\/wordpress.nibis.de\/gswenden\/files\/2024\/12\/WF3-001-1200x675.jpg 1200w, https:\/\/wordpress.nibis.de\/gswenden\/files\/2024\/12\/WF3-001-850x478.jpg 850w, https:\/\/wordpress.nibis.de\/gswenden\/files\/2024\/12\/WF3-001-250x141.jpg 250w\" sizes=\"auto, (max-width: 1200px) 100vw, 1200px\" \/><\/figure>\n<\/div>\n<\/div>\n\n\n\n<p><\/p>\n\n\n\n<p>Alle Antworten auf die wichtigsten Fragen finden Sie in den nachstehenden Flyern. <\/p>\n\n\n\n<div class=\"wp-block-file\"><a id=\"wp-block-file--media-004fc547-399c-49a3-a5eb-ac4cb1d93f07\" href=\"https:\/\/wordpress.nibis.de\/gswenden\/files\/2024\/12\/2024.02.23_FLYER_Uebergang_Nachdruck_2024_02_WEB_soe-3.pdf\" target=\"_blank\" rel=\"noreferrer noopener\">FLYER_\u00dcbergang_MK<\/a><a href=\"https:\/\/wordpress.nibis.de\/gswenden\/files\/2024\/12\/2024.02.23_FLYER_Uebergang_Nachdruck_2024_02_WEB_soe-3.pdf\" class=\"wp-block-file__button wp-element-button\" download aria-describedby=\"wp-block-file--media-004fc547-399c-49a3-a5eb-ac4cb1d93f07\">Herunterladen<\/a><\/div>\n\n\n\n<div class=\"wp-block-file\"><a id=\"wp-block-file--media-3acd11d5-95e5-4562-aede-15614ad09668\" href=\"https:\/\/wordpress.nibis.de\/gswenden\/files\/2024\/12\/BS_Schulbroschuere-A5_deutsch-2024-25-barrierefrei-1-1.pdf\">Schulbrosch\u00fcre_Stadt_Braunschweig<\/a><a href=\"https:\/\/wordpress.nibis.de\/gswenden\/files\/2024\/12\/BS_Schulbroschuere-A5_deutsch-2024-25-barrierefrei-1-1.pdf\" class=\"wp-block-file__button wp-element-button\" download aria-describedby=\"wp-block-file--media-3acd11d5-95e5-4562-aede-15614ad09668\">Herunterladen<\/a><\/div>\n\n\n\n<div class=\"wp-block-file\"><a id=\"wp-block-file--media-772afd74-d8c2-40bc-8ab5-650a131daeb8\" href=\"https:\/\/wordpress.nibis.de\/gswenden\/files\/2025\/01\/WebVersion_Flyer-IGSn.pdf\">Flyer-IGS<\/a><a href=\"https:\/\/wordpress.nibis.de\/gswenden\/files\/2025\/01\/WebVersion_Flyer-IGSn.pdf\" class=\"wp-block-file__button wp-element-button\" download aria-describedby=\"wp-block-file--media-772afd74-d8c2-40bc-8ab5-650a131daeb8\">Herunterladen<\/a><\/div>\n\n\n\n<div style=\"height:12px\" aria-hidden=\"true\" class=\"wp-block-spacer\"><\/div>\n\n\n<div class=\"wp-block-image is-style-default\">\n<figure class=\"alignleft size-full is-resized\"><img loading=\"lazy\" decoding=\"async\" width=\"1684\" height=\"1190\" src=\"https:\/\/wordpress.nibis.de\/gswenden\/files\/2024\/12\/WF4-001.jpg\" alt=\"\" class=\"wp-image-1187\" style=\"width:431px;height:303px\" srcset=\"https:\/\/wordpress.nibis.de\/gswenden\/files\/2024\/12\/WF4-001.jpg 1684w, https:\/\/wordpress.nibis.de\/gswenden\/files\/2024\/12\/WF4-001-768x543.jpg 768w, https:\/\/wordpress.nibis.de\/gswenden\/files\/2024\/12\/WF4-001-1536x1085.jpg 1536w, https:\/\/wordpress.nibis.de\/gswenden\/files\/2024\/12\/WF4-001-538x380.jpg 538w\" sizes=\"auto, (max-width: 1684px) 100vw, 1684px\" \/><\/figure>\n<\/div>\n\n\n<p><\/p>\n\n\n\n<p><\/p>\n\n\n\n<p><\/p>\n\n\n\n<p><\/p>\n\n\n\n<p><\/p>\n\n\n\n<p><\/p>\n\n\n\n<p><\/p>\n\n\n\n<p><strong>Anmeldezeitr\u00e4ume<\/strong>: <\/p>\n\n\n\n<p><strong>Gesamtschulen<\/strong>: 04. Mai 2026 bis 05. Mai 2026<\/p>\n\n\n\n<ul class=\"wp-block-list\">\n<li>Benachrichtigung bei <strong>Absage:<\/strong> 07. Mai 2026<\/li>\n\n\n\n<li>Benachrichtigung bei <strong>Zusage<\/strong>: 13. Mai 2026<\/li>\n<\/ul>\n\n\n\n<p><strong>Hauptschulen und Realschulen:<\/strong> 20. Mai bis 22. Mai 2026<\/p>\n\n\n\n<ul class=\"wp-block-list\">\n<li>Benachrichtigung bei <strong>Absage<\/strong>: 29. Mai 2026<\/li>\n\n\n\n<li>Benachrichtigung bei <strong>Zusage:<\/strong> 09. Juni 2026<\/li>\n<\/ul>\n\n\n\n<p><strong>Gymnasien:<\/strong> 20. Mai bis 21. Mai 2026<\/p>\n\n\n\n<ul class=\"wp-block-list\">\n<li>Benachrichtigung bei <strong>Absage<\/strong>: 27. Mai 2026<\/li>\n\n\n\n<li>Benachrichtigung bei <strong>Zusage<\/strong>: 09. Juni 2026<\/li>\n<\/ul>\n\n\n\n<p>Bei weiteren Fragen sind wir gern f\u00fcr Sie da. Aber auch die weiterf\u00fchrenden Schulen stehen Ihnen schon jetzt beratend zur Seite.<\/p>\n\n\n\n<p><\/p>\n","protected":false},"excerpt":{"rendered":"<p>Der Wechsel von der Grundschule in eine weiterf\u00fchrende Schule ist ein aufregender Schritt, der mit vielen Fragen verbunden ist. Sie als Eltern und Erziehungsberechtigte w\u00e4hlen die geeignete Schulform f\u00fcr Ihr Kind. Dabei begleiten, unterst\u00fctzen und beraten wir Sie sehr gern. Wir bieten Ihnen im 4. Schuljahrgang mindestens ein bis zwei Beratungsgespr\u00e4che an. Au\u00dferdem findet zu &hellip; <a href=\"https:\/\/wordpress.nibis.de\/gswenden\/uebergang-klasse-4\/\" class=\"more-link\">Weiterlesen <span class=\"screen-reader-text\">\u00dcbergang Klasse 4<\/span><\/a><\/p>\n","protected":false},"author":9194317,"featured_media":0,"parent":0,"menu_order":0,"comment_status":"closed","ping_status":"closed","template":"","meta":{"footnotes":""},"class_list":["post-1182","page","type-page","status-publish","hentry","without-featured-image"],"_links":{"self":[{"href":"https:\/\/wordpress.nibis.de\/gswenden\/wp-json\/wp\/v2\/pages\/1182","targetHints":{"allow":["GET"]}}],"collection":[{"href":"https:\/\/wordpress.nibis.de\/gswenden\/wp-json\/wp\/v2\/pages"}],"about":[{"href":"https:\/\/wordpress.nibis.de\/gswenden\/wp-json\/wp\/v2\/types\/page"}],"author":[{"embeddable":true,"href":"https:\/\/wordpress.nibis.de\/gswenden\/wp-json\/wp\/v2\/users\/9194317"}],"replies":[{"embeddable":true,"href":"https:\/\/wordpress.nibis.de\/gswenden\/wp-json\/wp\/v2\/comments?post=1182"}],"version-history":[{"count":23,"href":"https:\/\/wordpress.nibis.de\/gswenden\/wp-json\/wp\/v2\/pages\/1182\/revisions"}],"predecessor-version":[{"id":1808,"href":"https:\/\/wordpress.nibis.de\/gswenden\/wp-json\/wp\/v2\/pages\/1182\/revisions\/1808"}],"wp:attachment":[{"href":"https:\/\/wordpress.nibis.de\/gswenden\/wp-json\/wp\/v2\/media?parent=1182"}],"curies":[{"name":"wp","href":"https:\/\/api.w.org\/{rel}","templated":true}]}}