{"id":1327,"date":"2025-02-11T14:40:50","date_gmt":"2025-02-11T13:40:50","guid":{"rendered":"https:\/\/wordpress.nibis.de\/gswenden\/?page_id=1327"},"modified":"2025-08-17T11:30:34","modified_gmt":"2025-08-17T09:30:34","slug":"nutzung-iserv","status":"publish","type":"page","link":"https:\/\/wordpress.nibis.de\/gswenden\/nutzung-iserv\/","title":{"rendered":"Nutzung IServ"},"content":{"rendered":"\n<p>Sehr geehrte Eltern und Erziehungsberechtigte,<\/p>\n\n\n\n<p>zur internen Kommunikation bei uns an der Schule nutzen wir die <strong>IServ-Schulplattform<\/strong>. Alle Mitarbeitenden und alle Sch\u00fclerinnen und Sch\u00fcler haben dort einen Account und eine eigene Mailadresse. <\/p>\n\n\n\n<p>Die Plattform ist \u00fcber die <strong>Weboberfl\u00e4che<\/strong>: <a href=\"https:\/\/gswenden.de\/iserv\/\">https:\/\/gswenden.de\/iserv\/<\/a> oder die <strong>IServ-App<\/strong> zu erreichen.<\/p>\n\n\n\n<div class=\"wp-block-image is-style-tw-border\"><figure class=\"aligncenter size-full is-resized\"><img loading=\"lazy\" decoding=\"async\" src=\"https:\/\/wordpress.nibis.de\/gswenden\/files\/2025\/02\/iservanmelden.png\" alt=\"\" class=\"wp-image-1328\" width=\"286\" height=\"340\" srcset=\"https:\/\/wordpress.nibis.de\/gswenden\/files\/2025\/02\/iservanmelden.png 768w, https:\/\/wordpress.nibis.de\/gswenden\/files\/2025\/02\/iservanmelden-319x380.png 319w\" sizes=\"auto, (max-width: 286px) 100vw, 286px\" \/><\/figure><\/div>\n\n\n\n<p><strong>Einrichtung der IServ-App:<\/strong><\/p>\n\n\n\n<p>Um die IServ-App f\u00fcr iOS oder Android nutzen zu k\u00f6nnen, ben\u00f6tigen Sie ein Konto auf einem IServ sowie die entsprechenden Zugangsdaten. Jeder IServ hat eine eigene Internetadresse, unter der er gefunden und beispielsweise in einem Browser aufgerufen werden kann.<\/p>\n\n\n\n<p>Die Internetadresse des IServs ist die Adresse, \u00fcber die er im Browser aufgerufen werden kann. Der Benutzername besteht aus dem Vor- und Nachnamen des Benutzers und hat die Form vorname.nachname. Er wird klein geschrieben, Vor- und Nachname werden durch einen Punkt verbunden und Umlaute werden ersetzt, zum Beispiel wird Bj\u00f6rn M\u00fcller zu bjoern.mueller. Personen mit zwei Vornamen oder zwei Nachnamen werden entsprechend so angelegt: jan.peter.mustermann<\/p>\n\n\n\n<p><strong>In der App k\u00f6nnen Sie mehrere Sch\u00fcleraccounts, sowie Ihren Eltern-Zugang parallel verwalten. Gehen Sie in den Einstellungen einfach auf &#8222;Account wechseln&#8220; und f\u00fcgen dort \u00fcber das +-Symbol einen weiteren Account hinzu.<\/strong><\/p>\n\n\n\n<p><strong><u>Sch\u00fcleraccounts<\/u><\/strong><strong><u><\/u><\/strong><\/p>\n\n\n\n<p><strong>Das Anmelden mit vorl\u00e4ufigem Passwort ist \u00fcber die App nicht m\u00f6glich.<\/strong><\/p>\n\n\n\n<p>Bevor Sie die App also einrichten k\u00f6nnen, melden Sie sich unbedingt vorher \u00fcber die IServ-Weboberfl\u00e4che unter https:\/\/gswenden.de\/iserv\/ mit dem vorl\u00e4ufigen Passwort an. Hier werden Sie sofort aufgefordert, Ihrem Kind ein eigenes Passwort zu setzen. W\u00e4hlen Sie ein Passwort, dass Ihr Kind sich merken kann.<\/p>\n\n\n\n<p>Melden Sie sich so an:<\/p>\n\n\n\n<p>Internetadresse des IServs: <em>gswenden.de<\/em><\/p>\n\n\n\n<p>Benutzername:<em>&nbsp;vorname.nachname<\/em><\/p>\n\n\n\n<p>und Passwort:&nbsp;&nbsp;&nbsp;<em>erst vorl\u00e4ufiges Passwort, dann selbst erstellt<\/em><\/p>\n\n\n\n<p>Die Zugangsdaten erhalten Sie von der Klassenlehrkraft Ihres Kindes. F\u00fcr jede Klasse gibt es eine Gruppe, an die datenschutzkonform Mails gesendet werden kann und in der Dateien hochgeladen werden k\u00f6nnen. Sie k\u00f6nnen den Kalender, die Klausuren und den Stundenplan Ihres Kindes ebenfalls dort einsehen. Jedes Kind hat eine eigene Mailadresse (&#118;&#x6f;r&#110;&#x61;m&#x65;&#x2e;&#110;&#x61;c&#104;&#x6e;a&#109;&#x65;&#64;&#x67;s&#119;&#x65;n&#100;&#x65;&#110;&#x2e;&#x64;&#101;). <strong>Diese Mailadressen sind jedoch nicht zur Kommunikation zwischen Eltern und Lehrkr\u00e4ften gedacht! Bitte nutzen Sie zur Mailkommunikation Ihre privaten Mailadressen!<\/strong><\/p>\n\n\n\n<p><strong><u>Elternaccounts<\/u><\/strong><\/p>\n\n\n\n<p>F\u00fcr die schnelle Informationsweitergabe an die Elternschaft nutzen wir das Elternmodul der IServ-Plattform. Damit soll die Papierflut an der Schule im Sinne der Nachhaltigkeit einged\u00e4mmt werden. Elternbriefe und das Zustimmen\/Ablehnen dieser findet digital statt.<\/p>\n\n\n\n<p>Dazu ist es zwingend n\u00f6tig, dass mindestens ein Elternteil pro Kind einen eigenen Account f\u00fcr das Elternmodul anlegt.<\/p>\n\n\n\n<ul class=\"wp-block-list\"><li><strong>Dieser Elternaccount steht nicht im Zusammenhang mit den IServ-Zug\u00e4ngen, die Ihre Kinder besitzen.<\/strong><\/li><\/ul>\n\n\n\n<ul class=\"wp-block-list\"><li><strong>Wenn Sie bereits einen Elternaccount f\u00fcr eines Ihrer \u00e4lteren Kinder an der Schule besitzen, m\u00fcssen Sie sich nicht neu registrieren! Ihr \u201eneues\u201c Kind wird Ihrem Account automatisch hinzugef\u00fcgt. Sie erhalten keinen neuen QR-Code.<\/strong><\/li><\/ul>\n\n\n\n<p>Um diese digitale Kommunikation zu erm\u00f6glichen, bedarf es einiger Informationen, die Sie beachten m\u00fcssen:<\/p>\n\n\n\n<p><br>Sie ben\u00f6tigen zur Anmeldung einen <strong>QR-Code.<\/strong> Diesen erhalten Sie von der Klassenlehrkraft Ihres Kindes. F\u00fchren Sie die Anleitung durch.<strong> Nutzen Sie bei der Anmeldung Ihre private Mail-Adresse, keine Iserv-Mailadresse.<\/strong><\/p>\n\n\n\n<p>Hier ein Erkl\u00e4rvideo zum Erstellen des Accounts: <\/p>\n\n\n\n<figure class=\"wp-block-embed is-type-video is-provider-youtube wp-block-embed-youtube wp-embed-aspect-16-9 wp-has-aspect-ratio\"><div class=\"wp-block-embed__wrapper\">\n<iframe loading=\"lazy\"  id=\"_ytid_46117\"  width=\"800\" height=\"450\"  data-origwidth=\"800\" data-origheight=\"450\" src=\"https:\/\/www.youtube.com\/embed\/8f_Lm_xVVok?enablejsapi=1&#038;autoplay=0&#038;cc_load_policy=0&#038;cc_lang_pref=&#038;iv_load_policy=1&#038;loop=0&#038;rel=1&#038;fs=1&#038;playsinline=0&#038;autohide=2&#038;theme=dark&#038;color=red&#038;controls=1&#038;disablekb=0&#038;\" class=\"__youtube_prefs__  epyt-is-override  no-lazyload\" title=\"YouTube player\"  allow=\"fullscreen; accelerometer; autoplay; clipboard-write; encrypted-media; gyroscope; picture-in-picture; web-share\" referrerpolicy=\"strict-origin-when-cross-origin\" allowfullscreen data-no-lazy=\"1\" data-skipgform_ajax_framebjll=\"\"><\/iframe>\n<\/div><\/figure>\n\n\n\n<p>So sieht die Startseite Ihres Zugangs aus:<\/p>\n\n\n\n<figure class=\"wp-block-image size-full is-style-tw-border\"><img loading=\"lazy\" decoding=\"async\" width=\"1376\" height=\"887\" src=\"https:\/\/wordpress.nibis.de\/gswenden\/files\/2025\/02\/iservstart.png\" alt=\"\" class=\"wp-image-1329\" srcset=\"https:\/\/wordpress.nibis.de\/gswenden\/files\/2025\/02\/iservstart.png 1376w, https:\/\/wordpress.nibis.de\/gswenden\/files\/2025\/02\/iservstart-768x495.png 768w, https:\/\/wordpress.nibis.de\/gswenden\/files\/2025\/02\/iservstart-589x380.png 589w\" sizes=\"auto, (max-width: 1376px) 100vw, 1376px\" \/><\/figure>\n\n\n\n<p><strong><u>Elternbriefe<\/u><\/strong><\/p>\n\n\n\n<p>Elternbriefe und andere Informationen von den Lehrkr\u00e4ften und der Schulleitung werden \u00fcber das Elternbrief-Modul versendet. Sie erhalten die M\u00f6glichkeit, z.B. einem Elternbrief zuzustimmen, ihn als gelesen zu bewerten oder manchmal auch einen Kommentar dazu zu verfassen. Au\u00dferdem k\u00f6nnen die Elternbriefe in verschiedene Sprachen \u00fcbersetzt werden. Wenn ein neuer Brief vorliegt, werden Sie \u00fcber Ihre private E-Mail-Adresse per Push-Benachrichtigung informiert.<\/p>\n\n\n\n<p>Hier ein Erkl\u00e4rvideo:<\/p>\n\n\n\n<figure class=\"wp-block-embed is-type-video is-provider-youtube wp-block-embed-youtube wp-embed-aspect-16-9 wp-has-aspect-ratio\"><div class=\"wp-block-embed__wrapper\">\n<iframe loading=\"lazy\"  id=\"_ytid_50364\"  width=\"800\" height=\"450\"  data-origwidth=\"800\" data-origheight=\"450\" src=\"https:\/\/www.youtube.com\/embed\/CRSD8iHb4Ho?enablejsapi=1&#038;autoplay=0&#038;cc_load_policy=0&#038;cc_lang_pref=&#038;iv_load_policy=1&#038;loop=0&#038;rel=1&#038;fs=1&#038;playsinline=0&#038;autohide=2&#038;theme=dark&#038;color=red&#038;controls=1&#038;disablekb=0&#038;\" class=\"__youtube_prefs__  epyt-is-override  no-lazyload\" title=\"YouTube player\"  allow=\"fullscreen; accelerometer; autoplay; clipboard-write; encrypted-media; gyroscope; picture-in-picture; web-share\" referrerpolicy=\"strict-origin-when-cross-origin\" allowfullscreen data-no-lazy=\"1\" data-skipgform_ajax_framebjll=\"\"><\/iframe>\n<\/div><\/figure>\n\n\n\n<p><strong><u>Elternsprechtag<\/u><\/strong><\/p>\n\n\n\n<p>Sobald ein neuer Elternsprechtag ansteht, k\u00f6nnen Sie einen Termin bei der Lehrkraft Ihres Kindes buchen. <\/p>\n\n\n\n<p>Wie das funktioniert sehen Sie hier:<\/p>\n\n\n\n<figure class=\"wp-block-embed is-type-video is-provider-youtube wp-block-embed-youtube wp-embed-aspect-16-9 wp-has-aspect-ratio\"><div class=\"wp-block-embed__wrapper\">\n<iframe loading=\"lazy\"  id=\"_ytid_88280\"  width=\"800\" height=\"450\"  data-origwidth=\"800\" data-origheight=\"450\" src=\"https:\/\/www.youtube.com\/embed\/IOwNs98NLwI?enablejsapi=1&#038;autoplay=0&#038;cc_load_policy=0&#038;cc_lang_pref=&#038;iv_load_policy=1&#038;loop=0&#038;rel=1&#038;fs=1&#038;playsinline=0&#038;autohide=2&#038;theme=dark&#038;color=red&#038;controls=1&#038;disablekb=0&#038;\" class=\"__youtube_prefs__  epyt-is-override  no-lazyload\" title=\"YouTube player\"  allow=\"fullscreen; accelerometer; autoplay; clipboard-write; encrypted-media; gyroscope; picture-in-picture; web-share\" referrerpolicy=\"strict-origin-when-cross-origin\" allowfullscreen data-no-lazy=\"1\" data-skipgform_ajax_framebjll=\"\"><\/iframe>\n<\/div><\/figure>\n\n\n\n<p><strong><u>Krankmeldung<\/u><\/strong><\/p>\n\n\n\n<p>Wenn Ihr Kind krank ist, melden Sie es bitte \u00fcber die &#8222;Abwesenheiten&#8220;- Funktion krank.<\/p>\n\n\n\n<p>Hier eine Videoerkl\u00e4rung:<\/p>\n\n\n\n<figure class=\"wp-block-embed is-type-video is-provider-youtube wp-block-embed-youtube wp-embed-aspect-16-9 wp-has-aspect-ratio\"><div class=\"wp-block-embed__wrapper\">\n<iframe loading=\"lazy\"  id=\"_ytid_76358\"  width=\"800\" height=\"450\"  data-origwidth=\"800\" data-origheight=\"450\" src=\"https:\/\/www.youtube.com\/embed\/c3ld-hFkQJw?enablejsapi=1&#038;autoplay=0&#038;cc_load_policy=0&#038;cc_lang_pref=&#038;iv_load_policy=1&#038;loop=0&#038;rel=1&#038;fs=1&#038;playsinline=0&#038;autohide=2&#038;theme=dark&#038;color=red&#038;controls=1&#038;disablekb=0&#038;\" class=\"__youtube_prefs__  epyt-is-override  no-lazyload\" title=\"YouTube player\"  allow=\"fullscreen; accelerometer; autoplay; clipboard-write; encrypted-media; gyroscope; picture-in-picture; web-share\" referrerpolicy=\"strict-origin-when-cross-origin\" allowfullscreen data-no-lazy=\"1\" data-skipgform_ajax_framebjll=\"\"><\/iframe>\n<\/div><\/figure>\n\n\n\n<p><strong><u>Messenger<\/u><\/strong><\/p>\n\n\n\n<p>Diese Funktion werden wir vorerst nicht nutzen.<\/p>\n\n\n\n<p>Zur Kommunikation mit den Lehrkr\u00e4ften nutzen Sie bitte weiterhin die bekannte E-Mail-Kommunikation.<\/p>\n\n\n\n<p><strong><u>Stundenplan<\/u><\/strong><\/p>\n\n\n\n<p>Hier finden Sie die Stundenpl\u00e4ne Ihrer Kinder.<\/p>\n\n\n\n<p><\/p>\n\n\n\n<p><strong>Weitere Informationen:<\/strong><\/p>\n\n\n\n<ul class=\"wp-block-list\"><li>Bei gemeinsamem Sorgerecht, jedoch unterschiedlichen Adressen der Eltern, k\u00f6nnen selbstverst\u00e4ndlich auch<strong> beide Elternteile einen Account<\/strong> einrichten. Sie erhalten alle einen QR-Code.<br><\/li><li>Bei der Einrichtung eines des Elternzugangs handelt es sich <strong>nicht um eine E-Mail-Adresse<\/strong>, sondern Sie erhalten einen Zugang bei Iserv, bei dem es sich nur um oben im Bild dargestellten, mit dem Kind verkn\u00fcpften Bereich, handelt. Daher ist auch die Anmeldung der Eltern, die bereits eine schuleigene Iserv-Adresse besitzen (z.B. durch Schulvorstand, Schulelternrat o.\u00e4.), vonn\u00f6ten.<br><\/li><li>Eltern mit <strong>mehreren Kindern<\/strong> an unserer Schule, erhalten f\u00fcr alle Kinder <strong>nur einen Elternaccount<\/strong> (Kinderaccounts sind automatisch verkn\u00fcpft).<br><\/li><li>Uns ist sehr bewusst, dass das Anlegen der Accounts auch <strong>Schwierigkeiten <\/strong>bereiten kann. Sollten diese auftreten, obwohl Sie die Anleitung aufmerksam gelesen und die Videos geschaut haben, wenden Sie sich gerne per Mail an unsere IT-Beauftragte, Frau Steinbock (<a href=\"&#109;&#x61;&#x69;&#108;&#x74;&#x6f;&#58;&#x6b;&#x61;&#116;&#x61;&#x72;&#105;&#x6e;&#x61;&#46;&#x73;&#x74;&#101;&#x69;&#x6e;&#98;&#x6f;&#x63;&#107;&#x40;&#x67;s&#x77;&#x65;n&#x64;&#x65;n&#46;&#x64;e\">&#105;&#x74;&#64;&#103;&#x73;&#119;&#x65;n&#100;&#x65;n&#x2e;&#x64;&#101;<\/a>).<\/li><\/ul>\n\n\n\n<p><\/p>\n","protected":false},"excerpt":{"rendered":"<p>Sehr geehrte Eltern und Erziehungsberechtigte, zur internen Kommunikation bei uns an der Schule nutzen wir die IServ-Schulplattform. Alle Mitarbeitenden und alle Sch\u00fclerinnen und Sch\u00fcler haben dort einen Account und eine eigene Mailadresse. Die Plattform ist \u00fcber die Weboberfl\u00e4che: https:\/\/gswenden.de\/iserv\/ oder die IServ-App zu erreichen. Einrichtung der IServ-App: Um die IServ-App f\u00fcr iOS oder Android nutzen &hellip; <a href=\"https:\/\/wordpress.nibis.de\/gswenden\/nutzung-iserv\/\" class=\"more-link\">Weiterlesen <span class=\"screen-reader-text\">Nutzung IServ<\/span><\/a><\/p>\n","protected":false},"author":9194317,"featured_media":0,"parent":0,"menu_order":0,"comment_status":"closed","ping_status":"closed","template":"","meta":{"footnotes":""},"class_list":["post-1327","page","type-page","status-publish","hentry","without-featured-image"],"_links":{"self":[{"href":"https:\/\/wordpress.nibis.de\/gswenden\/wp-json\/wp\/v2\/pages\/1327","targetHints":{"allow":["GET"]}}],"collection":[{"href":"https:\/\/wordpress.nibis.de\/gswenden\/wp-json\/wp\/v2\/pages"}],"about":[{"href":"https:\/\/wordpress.nibis.de\/gswenden\/wp-json\/wp\/v2\/types\/page"}],"author":[{"embeddable":true,"href":"https:\/\/wordpress.nibis.de\/gswenden\/wp-json\/wp\/v2\/users\/9194317"}],"replies":[{"embeddable":true,"href":"https:\/\/wordpress.nibis.de\/gswenden\/wp-json\/wp\/v2\/comments?post=1327"}],"version-history":[{"count":11,"href":"https:\/\/wordpress.nibis.de\/gswenden\/wp-json\/wp\/v2\/pages\/1327\/revisions"}],"predecessor-version":[{"id":1532,"href":"https:\/\/wordpress.nibis.de\/gswenden\/wp-json\/wp\/v2\/pages\/1327\/revisions\/1532"}],"wp:attachment":[{"href":"https:\/\/wordpress.nibis.de\/gswenden\/wp-json\/wp\/v2\/media?parent=1327"}],"curies":[{"name":"wp","href":"https:\/\/api.w.org\/{rel}","templated":true}]}}