{"id":163,"date":"2024-02-13T14:50:23","date_gmt":"2024-02-13T13:50:23","guid":{"rendered":"https:\/\/wordpress.nibis.de\/gswenden\/?page_id=163"},"modified":"2024-02-21T16:53:00","modified_gmt":"2024-02-21T15:53:00","slug":"unterrichtszeiten","status":"publish","type":"page","link":"https:\/\/wordpress.nibis.de\/gswenden\/unterrichtszeiten\/","title":{"rendered":"Unterrichtszeiten"},"content":{"rendered":"\n<figure class=\"wp-block-table is-style-stripes\"><table><thead><tr><th class=\"has-text-align-center\" data-align=\"center\">Stunde<\/th><th class=\"has-text-align-center\" data-align=\"center\">Zeit<\/th><\/tr><\/thead><tbody><tr><td class=\"has-text-align-center\" data-align=\"center\">1.<\/td><td class=\"has-text-align-center\" data-align=\"center\">8:00-8:45<\/td><\/tr><tr><td class=\"has-text-align-center\" data-align=\"center\">2.<\/td><td class=\"has-text-align-center\" data-align=\"center\">8:50-9:35<\/td><\/tr><tr><td class=\"has-text-align-center\" data-align=\"center\">Fr\u00fchst\u00fcckspause<\/td><td class=\"has-text-align-center\" data-align=\"center\">9:35-9:45<\/td><\/tr><tr><td class=\"has-text-align-center\" data-align=\"center\">1. gro\u00dfe Pause<\/td><td class=\"has-text-align-center\" data-align=\"center\">9:45-10:05<\/td><\/tr><tr><td class=\"has-text-align-center\" data-align=\"center\">3.<\/td><td class=\"has-text-align-center\" data-align=\"center\">10:05-10:50<\/td><\/tr><tr><td class=\"has-text-align-center\" data-align=\"center\">4.<\/td><td class=\"has-text-align-center\" data-align=\"center\">10:55-11:40<\/td><\/tr><tr><td class=\"has-text-align-center\" data-align=\"center\">2. gro\u00dfe Pause<\/td><td class=\"has-text-align-center\" data-align=\"center\">11:40-12:00<\/td><\/tr><tr><td class=\"has-text-align-center\" data-align=\"center\">5.<\/td><td class=\"has-text-align-center\" data-align=\"center\">12:00-12:45<\/td><\/tr><tr><td class=\"has-text-align-center\" data-align=\"center\">6.<\/td><td class=\"has-text-align-center\" data-align=\"center\">12:45-13:30<\/td><\/tr><\/tbody><\/table><\/figure>\n","protected":false},"excerpt":{"rendered":"<p>Stunde Zeit 1. 8:00-8:45 2. 8:50-9:35 Fr\u00fchst\u00fcckspause 9:35-9:45 1. gro\u00dfe Pause 9:45-10:05 3. 10:05-10:50 4. 10:55-11:40 2. gro\u00dfe Pause 11:40-12:00 5. 12:00-12:45 6. 12:45-13:30<\/p>\n","protected":false},"author":9194317,"featured_media":0,"parent":0,"menu_order":0,"comment_status":"closed","ping_status":"closed","template":"","meta":{"footnotes":""},"class_list":["post-163","page","type-page","status-publish","hentry","without-featured-image"],"_links":{"self":[{"href":"https:\/\/wordpress.nibis.de\/gswenden\/wp-json\/wp\/v2\/pages\/163","targetHints":{"allow":["GET"]}}],"collection":[{"href":"https:\/\/wordpress.nibis.de\/gswenden\/wp-json\/wp\/v2\/pages"}],"about":[{"href":"https:\/\/wordpress.nibis.de\/gswenden\/wp-json\/wp\/v2\/types\/page"}],"author":[{"embeddable":true,"href":"https:\/\/wordpress.nibis.de\/gswenden\/wp-json\/wp\/v2\/users\/9194317"}],"replies":[{"embeddable":true,"href":"https:\/\/wordpress.nibis.de\/gswenden\/wp-json\/wp\/v2\/comments?post=163"}],"version-history":[{"count":3,"href":"https:\/\/wordpress.nibis.de\/gswenden\/wp-json\/wp\/v2\/pages\/163\/revisions"}],"predecessor-version":[{"id":473,"href":"https:\/\/wordpress.nibis.de\/gswenden\/wp-json\/wp\/v2\/pages\/163\/revisions\/473"}],"wp:attachment":[{"href":"https:\/\/wordpress.nibis.de\/gswenden\/wp-json\/wp\/v2\/media?parent=163"}],"curies":[{"name":"wp","href":"https:\/\/api.w.org\/{rel}","templated":true}]}}