{"id":165,"date":"2024-02-13T14:50:40","date_gmt":"2024-02-13T13:50:40","guid":{"rendered":"https:\/\/wordpress.nibis.de\/gswenden\/?page_id=165"},"modified":"2025-06-12T08:52:50","modified_gmt":"2025-06-12T06:52:50","slug":"schulordnung","status":"publish","type":"page","link":"https:\/\/wordpress.nibis.de\/gswenden\/schulordnung\/","title":{"rendered":"Schulordnung"},"content":{"rendered":"\n<figure class=\"wp-block-image size-full is-resized is-style-default\"><img loading=\"lazy\" decoding=\"async\" src=\"https:\/\/wordpress.nibis.de\/gswenden\/files\/2024\/02\/GrundschuleWenden-Logo_Reduziert-bunt-3.png\" alt=\"\" class=\"wp-image-139\" width=\"522\" height=\"357\" srcset=\"https:\/\/wordpress.nibis.de\/gswenden\/files\/2024\/02\/GrundschuleWenden-Logo_Reduziert-bunt-3.png 8363w, https:\/\/wordpress.nibis.de\/gswenden\/files\/2024\/02\/GrundschuleWenden-Logo_Reduziert-bunt-3-768x526.png 768w, https:\/\/wordpress.nibis.de\/gswenden\/files\/2024\/02\/GrundschuleWenden-Logo_Reduziert-bunt-3-1536x1052.png 1536w, https:\/\/wordpress.nibis.de\/gswenden\/files\/2024\/02\/GrundschuleWenden-Logo_Reduziert-bunt-3-2048x1402.png 2048w, https:\/\/wordpress.nibis.de\/gswenden\/files\/2024\/02\/GrundschuleWenden-Logo_Reduziert-bunt-3-555x380.png 555w\" sizes=\"auto, (max-width: 522px) 100vw, 522px\" \/><\/figure>\n\n\n\n<p><strong>Damit sich alle in unserer Schule wohlf\u00fchlen k\u00f6nnen, nehmen wir aufeinander R\u00fccksicht und vereinbaren folgende Schulordnung:<\/strong><\/p>\n\n\n\n<div data-wp-interactive=\"core\/file\" class=\"wp-block-file\"><object data-wp-bind--hidden=\"!state.hasPdfPreview\" hidden class=\"wp-block-file__embed\" data=\"https:\/\/wordpress.nibis.de\/gswenden\/files\/2025\/06\/Schulordnung_mit_Ergaenzung.pdf\" type=\"application\/pdf\" style=\"width:100%;height:600px\" aria-label=\"Einbettung von Einbettung von Schulordnung..\"><\/object><a id=\"wp-block-file--media-746822fd-c954-4952-b827-1109a442b24a\" href=\"https:\/\/wordpress.nibis.de\/gswenden\/files\/2025\/06\/Schulordnung_mit_Ergaenzung.pdf\">Schulordnung<\/a><a href=\"https:\/\/wordpress.nibis.de\/gswenden\/files\/2025\/06\/Schulordnung_mit_Ergaenzung.pdf\" class=\"wp-block-file__button\" download aria-describedby=\"wp-block-file--media-746822fd-c954-4952-b827-1109a442b24a\">Herunterladen<\/a><\/div>\n","protected":false},"excerpt":{"rendered":"<p>Damit sich alle in unserer Schule wohlf\u00fchlen k\u00f6nnen, nehmen wir aufeinander R\u00fccksicht und vereinbaren folgende Schulordnung:<\/p>\n","protected":false},"author":9194317,"featured_media":0,"parent":0,"menu_order":0,"comment_status":"closed","ping_status":"closed","template":"","meta":{"footnotes":""},"class_list":["post-165","page","type-page","status-publish","hentry","without-featured-image"],"_links":{"self":[{"href":"https:\/\/wordpress.nibis.de\/gswenden\/wp-json\/wp\/v2\/pages\/165","targetHints":{"allow":["GET"]}}],"collection":[{"href":"https:\/\/wordpress.nibis.de\/gswenden\/wp-json\/wp\/v2\/pages"}],"about":[{"href":"https:\/\/wordpress.nibis.de\/gswenden\/wp-json\/wp\/v2\/types\/page"}],"author":[{"embeddable":true,"href":"https:\/\/wordpress.nibis.de\/gswenden\/wp-json\/wp\/v2\/users\/9194317"}],"replies":[{"embeddable":true,"href":"https:\/\/wordpress.nibis.de\/gswenden\/wp-json\/wp\/v2\/comments?post=165"}],"version-history":[{"count":4,"href":"https:\/\/wordpress.nibis.de\/gswenden\/wp-json\/wp\/v2\/pages\/165\/revisions"}],"predecessor-version":[{"id":1509,"href":"https:\/\/wordpress.nibis.de\/gswenden\/wp-json\/wp\/v2\/pages\/165\/revisions\/1509"}],"wp:attachment":[{"href":"https:\/\/wordpress.nibis.de\/gswenden\/wp-json\/wp\/v2\/media?parent=165"}],"curies":[{"name":"wp","href":"https:\/\/api.w.org\/{rel}","templated":true}]}}