{"id":175,"date":"2024-02-13T14:52:14","date_gmt":"2024-02-13T13:52:14","guid":{"rendered":"https:\/\/wordpress.nibis.de\/gswenden\/?page_id=175"},"modified":"2025-12-10T13:21:57","modified_gmt":"2025-12-10T12:21:57","slug":"ganztag","status":"publish","type":"page","link":"https:\/\/wordpress.nibis.de\/gswenden\/ganztag\/","title":{"rendered":"Ganztag"},"content":{"rendered":"\n<figure class=\"wp-block-image size-large\"><img loading=\"lazy\" decoding=\"async\" width=\"1200\" height=\"675\" src=\"https:\/\/wordpress.nibis.de\/gswenden\/files\/2024\/02\/Homepage-GTB-Seite-001-1200x675.png\" alt=\"\" class=\"wp-image-300\" srcset=\"https:\/\/wordpress.nibis.de\/gswenden\/files\/2024\/02\/Homepage-GTB-Seite-001-1200x675.png 1200w, https:\/\/wordpress.nibis.de\/gswenden\/files\/2024\/02\/Homepage-GTB-Seite-001-850x478.png 850w, https:\/\/wordpress.nibis.de\/gswenden\/files\/2024\/02\/Homepage-GTB-Seite-001-250x141.png 250w\" sizes=\"auto, (max-width: 1200px) 100vw, 1200px\" \/><\/figure>\n\n\n\n<p>Ab dem kommenden Schuljahr 2026\/27 werden wir eine offene Kooperative Ganztagsgrundschule! Darauf freuen wir uns schon sehr und arbeiten bereits intensiv an den Vorbereitungen. N\u00e4here Infos erhalten Sie \u00fcber unsere Schulleitung und demn\u00e4chst auch hier.<\/p>\n","protected":false},"excerpt":{"rendered":"<p>Ab dem kommenden Schuljahr 2026\/27 werden wir eine offene Kooperative Ganztagsgrundschule! Darauf freuen wir uns schon sehr und arbeiten bereits intensiv an den Vorbereitungen. N\u00e4here Infos erhalten Sie \u00fcber unsere Schulleitung und demn\u00e4chst auch hier.<\/p>\n","protected":false},"author":9194317,"featured_media":0,"parent":0,"menu_order":0,"comment_status":"closed","ping_status":"closed","template":"","meta":{"footnotes":""},"class_list":["post-175","page","type-page","status-publish","hentry","without-featured-image"],"_links":{"self":[{"href":"https:\/\/wordpress.nibis.de\/gswenden\/wp-json\/wp\/v2\/pages\/175","targetHints":{"allow":["GET"]}}],"collection":[{"href":"https:\/\/wordpress.nibis.de\/gswenden\/wp-json\/wp\/v2\/pages"}],"about":[{"href":"https:\/\/wordpress.nibis.de\/gswenden\/wp-json\/wp\/v2\/types\/page"}],"author":[{"embeddable":true,"href":"https:\/\/wordpress.nibis.de\/gswenden\/wp-json\/wp\/v2\/users\/9194317"}],"replies":[{"embeddable":true,"href":"https:\/\/wordpress.nibis.de\/gswenden\/wp-json\/wp\/v2\/comments?post=175"}],"version-history":[{"count":4,"href":"https:\/\/wordpress.nibis.de\/gswenden\/wp-json\/wp\/v2\/pages\/175\/revisions"}],"predecessor-version":[{"id":1625,"href":"https:\/\/wordpress.nibis.de\/gswenden\/wp-json\/wp\/v2\/pages\/175\/revisions\/1625"}],"wp:attachment":[{"href":"https:\/\/wordpress.nibis.de\/gswenden\/wp-json\/wp\/v2\/media?parent=175"}],"curies":[{"name":"wp","href":"https:\/\/api.w.org\/{rel}","templated":true}]}}