{"id":177,"date":"2024-02-13T14:52:29","date_gmt":"2024-02-13T13:52:29","guid":{"rendered":"https:\/\/wordpress.nibis.de\/gswenden\/?page_id=177"},"modified":"2026-03-29T11:18:14","modified_gmt":"2026-03-29T09:18:14","slug":"foerderverein","status":"publish","type":"page","link":"https:\/\/wordpress.nibis.de\/gswenden\/foerderverein\/","title":{"rendered":"F\u00f6rderverein"},"content":{"rendered":"\n<p><strong>Willkommen beim F\u00f6rderverein der Grundschule Wenden e.V.!<\/strong><\/p>\n\n\n<div class=\"wp-block-image\">\n<figure class=\"alignright size-full is-resized\"><img loading=\"lazy\" decoding=\"async\" width=\"2560\" height=\"1495\" src=\"https:\/\/wordpress.nibis.de\/gswenden\/files\/2025\/12\/GSWendenFoerderverein-Logo_Details-Schriftzug-bunt-scaled.png\" alt=\"\" class=\"wp-image-1591\" style=\"aspect-ratio:1.7123189370061915;width:417px;height:auto\" srcset=\"https:\/\/wordpress.nibis.de\/gswenden\/files\/2025\/12\/GSWendenFoerderverein-Logo_Details-Schriftzug-bunt-scaled.png 2560w, https:\/\/wordpress.nibis.de\/gswenden\/files\/2025\/12\/GSWendenFoerderverein-Logo_Details-Schriftzug-bunt-768x448.png 768w, https:\/\/wordpress.nibis.de\/gswenden\/files\/2025\/12\/GSWendenFoerderverein-Logo_Details-Schriftzug-bunt-1536x897.png 1536w, https:\/\/wordpress.nibis.de\/gswenden\/files\/2025\/12\/GSWendenFoerderverein-Logo_Details-Schriftzug-bunt-2048x1196.png 2048w, https:\/\/wordpress.nibis.de\/gswenden\/files\/2025\/12\/GSWendenFoerderverein-Logo_Details-Schriftzug-bunt-651x380.png 651w\" sizes=\"auto, (max-width: 2560px) 100vw, 2560px\" \/><\/figure>\n<\/div>\n\n\n<p><br>Der <strong>F\u00f6rderverein der Grundschule Wenden <\/strong>hat es sich zur Aufgabe gemacht, die Schule finanziell und organisatorisch zu unterst\u00fctzen, um unseren Kindern eine bestm\u00f6gliche Lernatmosph\u00e4re und einen abwechslungsreichen Schulalltag zu erm\u00f6glichen. Er wurde 1971 gegr\u00fcndet, da sich zeigte, dass der von der Stadt Braunschweig zugewiesene Etat bei Weitem nicht ausreichte, um den Unterricht gut gestalten zu k\u00f6nnen. Seitdem unterst\u00fctzt der Verein die Schule Jahr f\u00fcr Jahr bei der Anschaffung von Lehrmitteln und zus\u00e4tzlicher Ausstattung sowie der Finanzierung besonderer Projekte.<\/p>\n\n\n\n<p>Doch was f\u00e4llt im Einzelnen darunter? Regelm\u00e4\u00dfig werden von unserem F\u00f6rderverein die Geschenke f\u00fcr die Mathe-Olympiade und den Vorlesewettbewerb sowie die Materialien f\u00fcr die Sprachf\u00f6rderung angeschafft. Die Sprachf\u00f6rderung der Stadt Braunschweig wird \u00fcber den F\u00f6rderverein mitorganisiert. Au\u00dferdem erhalten die ersten Klassen eine Beteiligung f\u00fcr die Ausstattung ihres Klassenraumes und die j\u00e4hrliche Einschulungsveranstaltung wird mit ausgerichtet. Neben diesen wiederkehrenden Aktionen werden vor allem auch viele einzelne Projekte unterst\u00fctzt, wie beispielsweise die Anschaffung von B\u00fcchern und Lizenzen f\u00fcr BiBoxen (digitale B\u00fccher passend zu den Schulb\u00fcchern zur Nutzung auf den digitalen Tafeln), der Kauf von Spielzeugen f\u00fcr die Pausen, neuen Rollbrettern f\u00fcr den Sportunterricht und Werkzeugen f\u00fcr den Werkraum. Auch besondere Projekte wie z.B. der Gl\u00fccks-Unterricht (Gl\u00fcGs) und der Selbstbehauptungskurs (KiJu) wurden durch den F\u00f6rderverein finanziell unterst\u00fctzt.<\/p>\n\n\n\n<p>Die Vorschl\u00e4ge f\u00fcr Anschaffungen kommen in nahezu allen F\u00e4llen von den Lehrkr\u00e4ften bzw. der Schulleitung. Gerne nehmen wir aber auch Anregungen von Seiten der Kinder und Eltern auf.<\/p>\n\n\n\n<p>Die finanziellen Mittel des Vereins setzen sich aus den Mitgliedsbeitr\u00e4gen und Spenden zusammen. Alle Gelder kommen uneingeschr\u00e4nkt unseren Kindern zugute!<\/p>\n\n\n\n<p>Wenn auch Sie Teil des F\u00f6rdervereins werden m\u00f6chten, haben Sie verschiedene M\u00f6glichkeiten uns zu unterst\u00fctzen:<br><br><strong>Mitglied werden:<\/strong> Werden Sie Mitglied im F\u00f6rderverein und unterst\u00fctzen Sie unsere Arbeit durch Ihren Mitgliedsbeitrag. Den Mitgliedsantrag k\u00f6nnen Sie am Ende der Seite herunterladen oder im Schulplaner Ihres Kindes heraustrennen. Geben Sie den Antrag gerne Ihrem Kind mit. Der\/Die Klassenlehrer*in leitet ihn dann an unseren F\u00f6rderverein weiter.<\/p>\n\n\n\n<p><strong>Spenden:<\/strong> Unterst\u00fctzen Sie den F\u00f6rderverein mit einer Spende, um Projekte und Anschaffungen f\u00fcr die Schule zu erm\u00f6glichen. <\/p>\n\n\n\n<p>Nutzen Sie hierzu unsere <strong>Kontonummer DE96 2505 0000 0152 0128 86<\/strong> oder unser<strong> Pay-Pal Konto<\/strong>:<\/p>\n\n\n<div class=\"wp-block-image is-resized\">\n<figure class=\"aligncenter size-full\"><a href=\"https:\/\/www.paypal.com\/donate\/?hosted_button_id=WAVLCM2EA9N8U&amp;source=qr\"><img loading=\"lazy\" decoding=\"async\" width=\"1684\" height=\"1190\" src=\"https:\/\/wordpress.nibis.de\/gswenden\/files\/2024\/06\/Paypalspende-001.png\" alt=\"\" class=\"wp-image-905\" srcset=\"https:\/\/wordpress.nibis.de\/gswenden\/files\/2024\/06\/Paypalspende-001.png 1684w, https:\/\/wordpress.nibis.de\/gswenden\/files\/2024\/06\/Paypalspende-001-768x543.png 768w, https:\/\/wordpress.nibis.de\/gswenden\/files\/2024\/06\/Paypalspende-001-1536x1085.png 1536w, https:\/\/wordpress.nibis.de\/gswenden\/files\/2024\/06\/Paypalspende-001-538x380.png 538w\" sizes=\"auto, (max-width: 1684px) 100vw, 1684px\" \/><\/a><\/figure>\n<\/div>\n\n\n<p><br><strong>Aktiv mithelfen: <\/strong>Haben Sie Lust und Zeit uns tatkr\u00e4ftig bei unserer Arbeit zu unterst\u00fctzen? Bringen Sie sich aktiv in die Arbeit des Vereins ein, indem Sie bei Veranstaltungen helfen, eigene Ideen einbringen oder bei der Umsetzung von Projekten mitwirken. F\u00fcr eine erfolgreiche Vereinsarbeit ist es wichtig, die Aufgaben auf viele Schultern zu verteilen. Wir freuen uns daher stets, neue Eltern zu begr\u00fc\u00dfen.<\/p>\n\n\n\n<p><br>Wer bildet den aktuellen Vorstand? Unser Vorstand setzt sich aus engagierten Eltern zusammen, die sich etwa alle 3 Monate treffen, um sich mit der Schulleitung \u00fcber die aktuellen Bed\u00fcrfnisse auszutauschen und Entscheidungen abzustimmen.<br><br>Unsere aktuellen Vorstandsmitglieder sind:<br><br><em><strong>1. Vorsitzende:<\/strong><\/em>           Ann-Kathrin Wilke<br><em><strong>2. Vorsitzender:<\/strong><\/em>         Lara-Theres Mundlos<br><em><strong>Kassenf\u00fchrerin:<\/strong><\/em>         Maren Olliges<br><em><strong>Kassenpr\u00fcferinnen:<\/strong><\/em>  Kistina Bartkowski, Judith Aiello<br><em><strong>Schriftf\u00fchrerin:<\/strong><\/em>         Stefanie Hoffmann<br><em><strong>Beisitzerinnen:<\/strong><\/em>         Carolin Mohr, Julia Wille<\/p>\n\n\n\n<p><strong><em>Schulleiterin:<\/em><\/strong>            Frau Schmidt &nbsp;&nbsp;&nbsp;&nbsp;&nbsp;&nbsp;&nbsp;&nbsp;&nbsp;&nbsp;&nbsp;&nbsp;&nbsp;<\/p>\n\n\n\n<p><br><br>Gemeinsam k\u00f6nnen wir viel bewegen und dazu beitragen, dass unsere Kinder eine optimale Lernumgebung erhalten und Spa\u00df in der Schule haben.<br><br>Vielen Dank f\u00fcr Ihre Unterst\u00fctzung!<br><br><strong><em>Ihr F\u00f6rderverein der Grundschule Wenden e.V.<\/em><\/strong><\/p>\n\n\n\n<p>Mail: <a href=\"&#x6d;&#97;&#x69;&#x6c;&#116;&#x6f;&#58;f&#x6f;&#101;r&#x64;&#101;r&#x76;&#101;r&#x65;&#105;&#x6e;&#x40;&#103;&#x73;&#x77;&#101;&#x6e;&#100;e&#x6e;&#46;d&#x65;\" target=\"_blank\" rel=\"noreferrer noopener\">&#102;&#x6f;&#101;&#x72;d&#x65;r&#118;&#x65;&#114;&#x65;&#105;&#x6e;&#64;&#x67;s&#119;&#x65;&#110;&#x64;e&#x6e;&#46;&#x64;&#x65;<\/a><\/p>\n\n\n\n<div class=\"wp-block-columns is-layout-flex wp-container-core-columns-is-layout-abceabcf wp-block-columns-is-layout-flex\">\n<div class=\"wp-block-column is-layout-flow wp-block-column-is-layout-flow\"><\/div>\n<\/div>\n\n\n\n<figure class=\"wp-block-image size-large is-style-rounded\"><img loading=\"lazy\" decoding=\"async\" width=\"1200\" height=\"675\" src=\"https:\/\/wordpress.nibis.de\/gswenden\/files\/2024\/02\/Homepage-FF-Seite-001-1-1200x675.png\" alt=\"\" class=\"wp-image-481\" srcset=\"https:\/\/wordpress.nibis.de\/gswenden\/files\/2024\/02\/Homepage-FF-Seite-001-1-1200x675.png 1200w, https:\/\/wordpress.nibis.de\/gswenden\/files\/2024\/02\/Homepage-FF-Seite-001-1-850x478.png 850w, https:\/\/wordpress.nibis.de\/gswenden\/files\/2024\/02\/Homepage-FF-Seite-001-1-250x141.png 250w\" sizes=\"auto, (max-width: 1200px) 100vw, 1200px\" \/><\/figure>\n\n\n\n<div class=\"wp-block-file\"><a id=\"wp-block-file--media-44ad16cb-0218-4518-b30d-23f1e5506b6f\" href=\"https:\/\/wordpress.nibis.de\/gswenden\/files\/2024\/12\/Newsletter-24-12.pdf\">Newsletter-24-12<\/a><a href=\"https:\/\/wordpress.nibis.de\/gswenden\/files\/2024\/12\/Newsletter-24-12.pdf\" class=\"wp-block-file__button wp-element-button\" download aria-describedby=\"wp-block-file--media-44ad16cb-0218-4518-b30d-23f1e5506b6f\">Herunterladen<\/a><\/div>\n\n\n\n<div class=\"wp-block-file\"><a id=\"wp-block-file--media-7189a5be-32fd-479a-8e76-05ce89b2886b\" href=\"https:\/\/wordpress.nibis.de\/gswenden\/files\/2024\/08\/Newsletter-24-08.pdf\">Newsletter-24-08<\/a><a href=\"https:\/\/wordpress.nibis.de\/gswenden\/files\/2024\/08\/Newsletter-24-08.pdf\" class=\"wp-block-file__button wp-element-button\" download aria-describedby=\"wp-block-file--media-7189a5be-32fd-479a-8e76-05ce89b2886b\">Herunterladen<\/a><\/div>\n\n\n\n<div class=\"wp-block-file\"><a id=\"wp-block-file--media-64fb0e61-958e-4004-ab39-ac6b32367959\" href=\"https:\/\/wordpress.nibis.de\/gswenden\/files\/2024\/03\/Newsletter-24-03.pdf\">Newsletter-24-03<\/a><a href=\"https:\/\/wordpress.nibis.de\/gswenden\/files\/2024\/03\/Newsletter-24-03.pdf\" class=\"wp-block-file__button wp-element-button\" download aria-describedby=\"wp-block-file--media-64fb0e61-958e-4004-ab39-ac6b32367959\">Herunterladen<\/a><\/div>\n\n\n\n<div class=\"wp-block-file\"><a id=\"wp-block-file--media-52a123fb-fd13-4858-b23a-d0177f0fa6d1\" href=\"https:\/\/wordpress.nibis.de\/gswenden\/files\/2024\/02\/Newsletter-23-12.pdf\">Newsletter-23-12<\/a><a href=\"https:\/\/wordpress.nibis.de\/gswenden\/files\/2024\/02\/Newsletter-23-12.pdf\" class=\"wp-block-file__button wp-element-button\" download aria-describedby=\"wp-block-file--media-52a123fb-fd13-4858-b23a-d0177f0fa6d1\">Herunterladen<\/a><\/div>\n\n\n\n<div class=\"wp-block-file\"><a id=\"wp-block-file--media-b4e4a65b-4e5a-450e-a030-6d8eecfe7a37\" href=\"https:\/\/wordpress.nibis.de\/gswenden\/files\/2024\/12\/Beitrittserklaerung-Foerderverein-GS-Wenden.pdf\">Beitrittserklaerung-Foerderverein-GS-Wenden<\/a><a href=\"https:\/\/wordpress.nibis.de\/gswenden\/files\/2024\/12\/Beitrittserklaerung-Foerderverein-GS-Wenden.pdf\" class=\"wp-block-file__button wp-element-button\" download aria-describedby=\"wp-block-file--media-b4e4a65b-4e5a-450e-a030-6d8eecfe7a37\">Herunterladen<\/a><\/div>\n\n\n\n<div class=\"wp-block-file\"><a id=\"wp-block-file--media-59eef4c8-0f4c-4790-8036-d2f33bc3eb53\" href=\"https:\/\/wordpress.nibis.de\/gswenden\/files\/2024\/06\/Satzung-des-Foerderverein-der-GS-Wenden.pdf\">Satzung-des-Foerderverein-der-GS-Wenden<\/a><a href=\"https:\/\/wordpress.nibis.de\/gswenden\/files\/2024\/06\/Satzung-des-Foerderverein-der-GS-Wenden.pdf\" class=\"wp-block-file__button wp-element-button\" download aria-describedby=\"wp-block-file--media-59eef4c8-0f4c-4790-8036-d2f33bc3eb53\">Herunterladen<\/a><\/div>\n\n\n\n<div class=\"wp-block-file\"><a id=\"wp-block-file--media-c8bf278f-c3ea-40f1-ab0e-f0701460e445\" href=\"https:\/\/wordpress.nibis.de\/gswenden\/files\/2024\/07\/Foerderverein-GS-Wenden_Datenschutzinformationen.pdf\">Foerderverein-GS-Wenden_Datenschutzinformationen<\/a><a href=\"https:\/\/wordpress.nibis.de\/gswenden\/files\/2024\/07\/Foerderverein-GS-Wenden_Datenschutzinformationen.pdf\" class=\"wp-block-file__button wp-element-button\" download aria-describedby=\"wp-block-file--media-c8bf278f-c3ea-40f1-ab0e-f0701460e445\">Herunterladen<\/a><\/div>\n","protected":false},"excerpt":{"rendered":"<p>Willkommen beim F\u00f6rderverein der Grundschule Wenden e.V.! Der F\u00f6rderverein der Grundschule Wenden hat es sich zur Aufgabe gemacht, die Schule finanziell und organisatorisch zu unterst\u00fctzen, um unseren Kindern eine bestm\u00f6gliche Lernatmosph\u00e4re und einen abwechslungsreichen Schulalltag zu erm\u00f6glichen. Er wurde 1971 gegr\u00fcndet, da sich zeigte, dass der von der Stadt Braunschweig zugewiesene Etat bei Weitem nicht &hellip; <a href=\"https:\/\/wordpress.nibis.de\/gswenden\/foerderverein\/\" class=\"more-link\">Weiterlesen <span class=\"screen-reader-text\">F\u00f6rderverein<\/span><\/a><\/p>\n","protected":false},"author":9194317,"featured_media":0,"parent":0,"menu_order":0,"comment_status":"closed","ping_status":"closed","template":"","meta":{"footnotes":""},"class_list":["post-177","page","type-page","status-publish","hentry","without-featured-image"],"_links":{"self":[{"href":"https:\/\/wordpress.nibis.de\/gswenden\/wp-json\/wp\/v2\/pages\/177","targetHints":{"allow":["GET"]}}],"collection":[{"href":"https:\/\/wordpress.nibis.de\/gswenden\/wp-json\/wp\/v2\/pages"}],"about":[{"href":"https:\/\/wordpress.nibis.de\/gswenden\/wp-json\/wp\/v2\/types\/page"}],"author":[{"embeddable":true,"href":"https:\/\/wordpress.nibis.de\/gswenden\/wp-json\/wp\/v2\/users\/9194317"}],"replies":[{"embeddable":true,"href":"https:\/\/wordpress.nibis.de\/gswenden\/wp-json\/wp\/v2\/comments?post=177"}],"version-history":[{"count":35,"href":"https:\/\/wordpress.nibis.de\/gswenden\/wp-json\/wp\/v2\/pages\/177\/revisions"}],"predecessor-version":[{"id":1850,"href":"https:\/\/wordpress.nibis.de\/gswenden\/wp-json\/wp\/v2\/pages\/177\/revisions\/1850"}],"wp:attachment":[{"href":"https:\/\/wordpress.nibis.de\/gswenden\/wp-json\/wp\/v2\/media?parent=177"}],"curies":[{"name":"wp","href":"https:\/\/api.w.org\/{rel}","templated":true}]}}