{"id":201,"date":"2024-02-13T15:19:13","date_gmt":"2024-02-13T14:19:13","guid":{"rendered":"https:\/\/wordpress.nibis.de\/gswenden\/?page_id=201"},"modified":"2026-03-29T11:21:07","modified_gmt":"2026-03-29T09:21:07","slug":"201-2","status":"publish","type":"page","link":"https:\/\/wordpress.nibis.de\/gswenden\/","title":{"rendered":""},"content":{"rendered":"\n<div id=\"marquee\" class=\"marquee\"><span> NEWS:\ud83c\udfc3 Die Anmeldung f\u00fcr den Nachtlauf startet am 16. Februar 2026 \ud83c\udfc3 <\/span><\/div>\n\n\n\n<div style=\"height:84px\" aria-hidden=\"true\" class=\"wp-block-spacer\"><\/div>\n\n\n<div class=\"wp-block-image is-resized\">\n<figure class=\"aligncenter size-large\"><img loading=\"lazy\" decoding=\"async\" width=\"1200\" height=\"675\" src=\"https:\/\/wordpress.nibis.de\/gswenden\/files\/2024\/02\/LOGO-PP-1200x675.png\" alt=\"\" class=\"wp-image-226\" srcset=\"https:\/\/wordpress.nibis.de\/gswenden\/files\/2024\/02\/LOGO-PP-1200x675.png 1200w, https:\/\/wordpress.nibis.de\/gswenden\/files\/2024\/02\/LOGO-PP-850x478.png 850w, https:\/\/wordpress.nibis.de\/gswenden\/files\/2024\/02\/LOGO-PP-250x141.png 250w, https:\/\/wordpress.nibis.de\/gswenden\/files\/2024\/02\/LOGO-PP-768x432.png 768w, https:\/\/wordpress.nibis.de\/gswenden\/files\/2024\/02\/LOGO-PP-676x380.png 676w, https:\/\/wordpress.nibis.de\/gswenden\/files\/2024\/02\/LOGO-PP.png 1280w\" sizes=\"auto, (max-width: 1200px) 100vw, 1200px\" \/><\/figure>\n<\/div>\n\n\n<h2 class=\"wp-block-heading has-text-align-center\">Herzlich willkommen auf der Homepage der <br>Grundschule Wenden!<\/h2>\n\n\n\n<p class=\"has-text-align-center\">Sch\u00f6n, dass Sie bei uns vorbeischauen!<br>Wir sind eine Verl\u00e4ssliche Grundschule im Norden Braunschweigs. Man findet uns im Heideblick direkt neben dem Lessinggymnasium und der \u00f6rtlichen B\u00fccherei. Zu unserem Einzugsgebiet z\u00e4hlen die Stadtteile Wenden, Thune und Harxb\u00fcttel. Aktuell spielen, lachen und lernen bei uns rund 200 Sch\u00fclerinnen und Sch\u00fcler.<br>Wir laden Sie sehr herzlich ein, auf unseren Seiten mehr \u00fcber uns zu erfahren.<br><br>Viel Spa\u00df beim St\u00f6bern!<\/p>\n\n\n<div class=\"wp-block-image is-resized is-style-tw-frame\">\n<figure class=\"aligncenter size-large\"><img loading=\"lazy\" decoding=\"async\" width=\"1200\" height=\"675\" src=\"https:\/\/wordpress.nibis.de\/gswenden\/files\/2024\/02\/2016_05_0616-2-1200x675.jpg\" alt=\"\" class=\"wp-image-246\" srcset=\"https:\/\/wordpress.nibis.de\/gswenden\/files\/2024\/02\/2016_05_0616-2-1200x675.jpg 1200w, https:\/\/wordpress.nibis.de\/gswenden\/files\/2024\/02\/2016_05_0616-2-850x478.jpg 850w, https:\/\/wordpress.nibis.de\/gswenden\/files\/2024\/02\/2016_05_0616-2-250x141.jpg 250w\" sizes=\"auto, (max-width: 1200px) 100vw, 1200px\" \/><\/figure>\n<\/div>\n\n\n<p><\/p>\n\n\n\n<p class=\"has-text-align-center\">Aktuelles aus unserem Schulleben finden Sie <a href=\"https:\/\/wordpress.nibis.de\/gswenden\/schulleben\/\">hier<\/a>!<br><\/p>\n\n\n\n<p class=\"has-text-align-center\"><\/p>\n\n\n\n<p class=\"has-text-align-center\"><\/p>\n","protected":false},"excerpt":{"rendered":"<p>NEWS:\ud83c\udfc3 Die Anmeldung f\u00fcr den Nachtlauf startet am 16. Februar 2026 \ud83c\udfc3 Herzlich willkommen auf der Homepage der Grundschule Wenden! Sch\u00f6n, dass Sie bei uns vorbeischauen!Wir sind eine Verl\u00e4ssliche Grundschule im Norden Braunschweigs. Man findet uns im Heideblick direkt neben dem Lessinggymnasium und der \u00f6rtlichen B\u00fccherei. Zu unserem Einzugsgebiet z\u00e4hlen die Stadtteile Wenden, Thune und &hellip; <a href=\"https:\/\/wordpress.nibis.de\/gswenden\/\" class=\"more-link\">Weiterlesen <span class=\"screen-reader-text\"><\/span><\/a><\/p>\n","protected":false},"author":9194317,"featured_media":0,"parent":0,"menu_order":0,"comment_status":"closed","ping_status":"closed","template":"","meta":{"footnotes":""},"class_list":["post-201","page","type-page","status-publish","hentry","without-featured-image"],"_links":{"self":[{"href":"https:\/\/wordpress.nibis.de\/gswenden\/wp-json\/wp\/v2\/pages\/201","targetHints":{"allow":["GET"]}}],"collection":[{"href":"https:\/\/wordpress.nibis.de\/gswenden\/wp-json\/wp\/v2\/pages"}],"about":[{"href":"https:\/\/wordpress.nibis.de\/gswenden\/wp-json\/wp\/v2\/types\/page"}],"author":[{"embeddable":true,"href":"https:\/\/wordpress.nibis.de\/gswenden\/wp-json\/wp\/v2\/users\/9194317"}],"replies":[{"embeddable":true,"href":"https:\/\/wordpress.nibis.de\/gswenden\/wp-json\/wp\/v2\/comments?post=201"}],"version-history":[{"count":43,"href":"https:\/\/wordpress.nibis.de\/gswenden\/wp-json\/wp\/v2\/pages\/201\/revisions"}],"predecessor-version":[{"id":1854,"href":"https:\/\/wordpress.nibis.de\/gswenden\/wp-json\/wp\/v2\/pages\/201\/revisions\/1854"}],"wp:attachment":[{"href":"https:\/\/wordpress.nibis.de\/gswenden\/wp-json\/wp\/v2\/media?parent=201"}],"curies":[{"name":"wp","href":"https:\/\/api.w.org\/{rel}","templated":true}]}}