{"id":425,"date":"2024-02-16T14:28:06","date_gmt":"2024-02-16T13:28:06","guid":{"rendered":"https:\/\/wordpress.nibis.de\/gswenden\/?page_id=425"},"modified":"2024-02-16T14:28:06","modified_gmt":"2024-02-16T13:28:06","slug":"palaverzelt","status":"publish","type":"page","link":"https:\/\/wordpress.nibis.de\/gswenden\/palaverzelt\/","title":{"rendered":"Palaverzelt"},"content":{"rendered":"\n<div class=\"wp-block-image is-style-rounded\"><figure class=\"alignright size-full is-resized\"><img loading=\"lazy\" decoding=\"async\" src=\"https:\/\/wordpress.nibis.de\/gswenden\/files\/2024\/02\/Homepage-Palaverzelt-001-1.png\" alt=\"\" class=\"wp-image-433\" width=\"408\" height=\"282\" \/><\/figure><\/div>\n\n\n\n<p>Kindliche Konflikte und Streitereien, von Streit um Spielsachen bis hin zu Konflikten bei Pausenspielen, pr\u00e4gen den Schulalltag. Die Kl\u00e4rung und L\u00f6sungsfindung kommen dabei leider oft zu kurz. Den Kindern kann in den Pausen oder im Klassenrat oft nicht genug Geh\u00f6r und Raum gegeben werden, ihre Probleme zufriedenstellend und nachhaltig zu kl\u00e4ren.<\/p>\n\n\n\n<p>Wir bieten eine Sprechstunde in der Woche an, in der die Sch\u00fclerinnen und Sch\u00fcler ihre Konflikte mit Betreuung und Unterst\u00fctzung einer ausgebildeten Lehrkraft kl\u00e4ren k\u00f6nnen \u2013 die <strong>Palaverzeltstunde<\/strong>.<\/p>\n\n\n\n<p>Das <em>Palaverzelt<\/em> ist eine Methode der Mediation, die speziell f\u00fcr Kita und Grundschule hier in der Region von einem Wolfenb\u00fcttler Professor entwickelt und erforscht wurde.<\/p>\n\n\n\n<p>Dabei sollen Kinder unterst\u00fctzt werden, ohne ihnen den Konflikt aus der Hand zu nehmen. Das hei\u00dft, es wird Raum gegeben, die Konflikte der Kinder ernst zu nehmen und sie dazu anzuleiten, selbstst\u00e4ndig und konstruktiv eine Konfliktl\u00f6sung zu entwickeln.<\/p>\n\n\n\n<figure class=\"wp-block-image size-full is-resized is-style-default\"><img loading=\"lazy\" decoding=\"async\" src=\"https:\/\/wordpress.nibis.de\/gswenden\/files\/2024\/02\/12307306_978103025564793_3102200905008812046_o.jpg\" alt=\"\" class=\"wp-image-428\" width=\"186\" height=\"184\" srcset=\"https:\/\/wordpress.nibis.de\/gswenden\/files\/2024\/02\/12307306_978103025564793_3102200905008812046_o.jpg 1693w, https:\/\/wordpress.nibis.de\/gswenden\/files\/2024\/02\/12307306_978103025564793_3102200905008812046_o-768x761.jpg 768w, https:\/\/wordpress.nibis.de\/gswenden\/files\/2024\/02\/12307306_978103025564793_3102200905008812046_o-1536x1522.jpg 1536w, https:\/\/wordpress.nibis.de\/gswenden\/files\/2024\/02\/12307306_978103025564793_3102200905008812046_o-90x90.jpg 90w, https:\/\/wordpress.nibis.de\/gswenden\/files\/2024\/02\/12307306_978103025564793_3102200905008812046_o-383x380.jpg 383w\" sizes=\"auto, (max-width: 186px) 100vw, 186px\" \/><\/figure>\n\n\n\n<p>Es werden gemeinsam mit den betroffenen Kindern ritualisiert und kindgerecht 5 Phasen durchgespielt:<br><\/p>\n\n\n\n<p><strong>1.<\/strong> Streitgeschichten erz\u00e4hlen<br><strong>2.<\/strong> Gef\u00fchle beschreiben<br><strong>3.<\/strong> W\u00fcnsche \u00e4u\u00dfern<br><strong>4.<\/strong> L\u00f6sungen sammeln<br><strong>5. <\/strong>sich einigen &amp; Frieden schlie\u00dfen<\/p>\n\n\n\n<p>Die sozialen F\u00e4higkeiten der Kinder sollen dabei fr\u00fchzeitig gest\u00e4rkt und gewaltfreie Kommunikation gef\u00f6rdert werden. Damit leistet diese Methode auch einen Teil zur Friedenserziehung.<br><br><\/p>\n\n\n\n<p>Wir freuen uns auf produktive Mediationen mit den Kindern!<\/p>\n\n\n\n<figure class=\"wp-block-image size-large is-style-default\"><img loading=\"lazy\" decoding=\"async\" width=\"1200\" height=\"675\" src=\"https:\/\/wordpress.nibis.de\/gswenden\/files\/2024\/02\/DSC06143-1200x675.jpg\" alt=\"\" class=\"wp-image-452\" srcset=\"https:\/\/wordpress.nibis.de\/gswenden\/files\/2024\/02\/DSC06143-1200x675.jpg 1200w, https:\/\/wordpress.nibis.de\/gswenden\/files\/2024\/02\/DSC06143-850x478.jpg 850w, https:\/\/wordpress.nibis.de\/gswenden\/files\/2024\/02\/DSC06143-250x141.jpg 250w\" sizes=\"auto, (max-width: 1200px) 100vw, 1200px\" \/><\/figure>\n\n\n\n<p><em>Quelle und weitere Infos: <a href=\"https:\/\/www.palaverzelt.de\/\" target=\"_blank\" rel=\"noreferrer noopener\">https:\/\/www.palaverzelt.de\/<\/a><\/em><\/p>\n\n\n\n<figure class=\"wp-block-image size-full is-resized is-style-rounded\"><img loading=\"lazy\" decoding=\"async\" src=\"https:\/\/wordpress.nibis.de\/gswenden\/files\/2024\/02\/Logo-Palaver.png\" alt=\"\" class=\"wp-image-427\" width=\"235\" height=\"166\" srcset=\"https:\/\/wordpress.nibis.de\/gswenden\/files\/2024\/02\/Logo-Palaver.png 615w, https:\/\/wordpress.nibis.de\/gswenden\/files\/2024\/02\/Logo-Palaver-538x380.png 538w\" sizes=\"auto, (max-width: 235px) 100vw, 235px\" \/><\/figure>\n\n\n\n<p><\/p>\n","protected":false},"excerpt":{"rendered":"<p>Kindliche Konflikte und Streitereien, von Streit um Spielsachen bis hin zu Konflikten bei Pausenspielen, pr\u00e4gen den Schulalltag. Die Kl\u00e4rung und L\u00f6sungsfindung kommen dabei leider oft zu kurz. Den Kindern kann in den Pausen oder im Klassenrat oft nicht genug Geh\u00f6r und Raum gegeben werden, ihre Probleme zufriedenstellend und nachhaltig zu kl\u00e4ren. Wir bieten eine Sprechstunde &hellip; <a href=\"https:\/\/wordpress.nibis.de\/gswenden\/palaverzelt\/\" class=\"more-link\">Weiterlesen <span class=\"screen-reader-text\">Palaverzelt<\/span><\/a><\/p>\n","protected":false},"author":9194317,"featured_media":0,"parent":0,"menu_order":0,"comment_status":"closed","ping_status":"closed","template":"","meta":{"footnotes":""},"class_list":["post-425","page","type-page","status-publish","hentry","without-featured-image"],"_links":{"self":[{"href":"https:\/\/wordpress.nibis.de\/gswenden\/wp-json\/wp\/v2\/pages\/425","targetHints":{"allow":["GET"]}}],"collection":[{"href":"https:\/\/wordpress.nibis.de\/gswenden\/wp-json\/wp\/v2\/pages"}],"about":[{"href":"https:\/\/wordpress.nibis.de\/gswenden\/wp-json\/wp\/v2\/types\/page"}],"author":[{"embeddable":true,"href":"https:\/\/wordpress.nibis.de\/gswenden\/wp-json\/wp\/v2\/users\/9194317"}],"replies":[{"embeddable":true,"href":"https:\/\/wordpress.nibis.de\/gswenden\/wp-json\/wp\/v2\/comments?post=425"}],"version-history":[{"count":10,"href":"https:\/\/wordpress.nibis.de\/gswenden\/wp-json\/wp\/v2\/pages\/425\/revisions"}],"predecessor-version":[{"id":453,"href":"https:\/\/wordpress.nibis.de\/gswenden\/wp-json\/wp\/v2\/pages\/425\/revisions\/453"}],"wp:attachment":[{"href":"https:\/\/wordpress.nibis.de\/gswenden\/wp-json\/wp\/v2\/media?parent=425"}],"curies":[{"name":"wp","href":"https:\/\/api.w.org\/{rel}","templated":true}]}}