{"id":549,"date":"2024-03-02T11:25:58","date_gmt":"2024-03-02T10:25:58","guid":{"rendered":"https:\/\/wordpress.nibis.de\/gswenden\/?page_id=549"},"modified":"2024-03-02T11:25:58","modified_gmt":"2024-03-02T10:25:58","slug":"lessinggymnasium","status":"publish","type":"page","link":"https:\/\/wordpress.nibis.de\/gswenden\/lessinggymnasium\/","title":{"rendered":"Lessinggymnasium"},"content":{"rendered":"\n<p>Wir sch\u00e4tzen die gute Zusammenarbeit mit unserer Nachbarschule, dem Lessinggymnasium. Mit einigen Sch\u00fclerinnen und Sch\u00fclern lernen wir sogar unter einem Dach, denn die Jahrg\u00e4nge 5 und 6 sind in unserem Geb\u00e4ude untergebracht. <\/p>\n\n\n\n<p>F\u00fcr unsere Einschulungsfeiern d\u00fcrfen wir die Aula des Gymnasiums nutzen. Die Technik-AG der Schule unterst\u00fctzt uns dort und auch auf anderen Veranstaltungen, die auf unserem Gel\u00e4nde stattfinden. Das ist total toll! Unsere Viertkl\u00e4sslerinnen und Viertkl\u00e4ssler d\u00fcrfen sogar an ausgew\u00e4hlten AGs des Gymnasiums teilnehmen. Zu Beginn eines Schuljahres findet ein Austausch zwischen den Lehrkr\u00e4ften der neuen 5. Klassen und der ehemaligen 4. Klassen unserer Schulen statt. Zuk\u00fcnftig, wenn unsere Schule Ganztagsschule wird, werden wir uns eine neue Mensa und eine neue Sporthalle teilen. <\/p>\n\n\n\n<div class=\"wp-block-columns is-layout-flex wp-container-core-columns-is-layout-abceabcf wp-block-columns-is-layout-flex\">\n<div class=\"wp-block-column is-layout-flow wp-block-column-is-layout-flow\">\n<figure class=\"wp-block-image size-full is-resized is-style-tw-rounded-corners\"><a href=\"https:\/\/www.lessinggymnasium.de\/\"><img loading=\"lazy\" decoding=\"async\" src=\"https:\/\/wordpress.nibis.de\/gswenden\/files\/2024\/03\/logo_transparent.png\" alt=\"\" class=\"wp-image-659\" width=\"349\" height=\"212\" srcset=\"https:\/\/wordpress.nibis.de\/gswenden\/files\/2024\/03\/logo_transparent.png 640w, https:\/\/wordpress.nibis.de\/gswenden\/files\/2024\/03\/logo_transparent-624x380.png 624w\" sizes=\"auto, (max-width: 349px) 100vw, 349px\" \/><\/a><\/figure>\n<\/div>\n\n\n\n<div class=\"wp-block-column is-layout-flow wp-block-column-is-layout-flow\">\n<figure style=\"--shape: url(#tw-shape-organic-circle-2);\" class=\"wp-block-image size-full is-style-default\"><img loading=\"lazy\" decoding=\"async\" width=\"2362\" height=\"1575\" src=\"https:\/\/wordpress.nibis.de\/gswenden\/files\/2024\/03\/Aussenbereich-Haupteingang-2.jpg\" alt=\"\" class=\"wp-image-658\" srcset=\"https:\/\/wordpress.nibis.de\/gswenden\/files\/2024\/03\/Aussenbereich-Haupteingang-2.jpg 2362w, https:\/\/wordpress.nibis.de\/gswenden\/files\/2024\/03\/Aussenbereich-Haupteingang-2-768x512.jpg 768w, https:\/\/wordpress.nibis.de\/gswenden\/files\/2024\/03\/Aussenbereich-Haupteingang-2-1536x1024.jpg 1536w, https:\/\/wordpress.nibis.de\/gswenden\/files\/2024\/03\/Aussenbereich-Haupteingang-2-2048x1366.jpg 2048w, https:\/\/wordpress.nibis.de\/gswenden\/files\/2024\/03\/Aussenbereich-Haupteingang-2-570x380.jpg 570w\" sizes=\"auto, (max-width: 2362px) 100vw, 2362px\" \/><\/figure>\n<\/div>\n<\/div>\n\n\n\n<p><\/p>\n","protected":false},"excerpt":{"rendered":"<p>Wir sch\u00e4tzen die gute Zusammenarbeit mit unserer Nachbarschule, dem Lessinggymnasium. Mit einigen Sch\u00fclerinnen und Sch\u00fclern lernen wir sogar unter einem Dach, denn die Jahrg\u00e4nge 5 und 6 sind in unserem Geb\u00e4ude untergebracht. F\u00fcr unsere Einschulungsfeiern d\u00fcrfen wir die Aula des Gymnasiums nutzen. Die Technik-AG der Schule unterst\u00fctzt uns dort und auch auf anderen Veranstaltungen, die &hellip; <a href=\"https:\/\/wordpress.nibis.de\/gswenden\/lessinggymnasium\/\" class=\"more-link\">Weiterlesen <span class=\"screen-reader-text\">Lessinggymnasium<\/span><\/a><\/p>\n","protected":false},"author":9194317,"featured_media":0,"parent":0,"menu_order":0,"comment_status":"closed","ping_status":"closed","template":"","meta":{"footnotes":""},"class_list":["post-549","page","type-page","status-publish","hentry","without-featured-image"],"_links":{"self":[{"href":"https:\/\/wordpress.nibis.de\/gswenden\/wp-json\/wp\/v2\/pages\/549","targetHints":{"allow":["GET"]}}],"collection":[{"href":"https:\/\/wordpress.nibis.de\/gswenden\/wp-json\/wp\/v2\/pages"}],"about":[{"href":"https:\/\/wordpress.nibis.de\/gswenden\/wp-json\/wp\/v2\/types\/page"}],"author":[{"embeddable":true,"href":"https:\/\/wordpress.nibis.de\/gswenden\/wp-json\/wp\/v2\/users\/9194317"}],"replies":[{"embeddable":true,"href":"https:\/\/wordpress.nibis.de\/gswenden\/wp-json\/wp\/v2\/comments?post=549"}],"version-history":[{"count":6,"href":"https:\/\/wordpress.nibis.de\/gswenden\/wp-json\/wp\/v2\/pages\/549\/revisions"}],"predecessor-version":[{"id":661,"href":"https:\/\/wordpress.nibis.de\/gswenden\/wp-json\/wp\/v2\/pages\/549\/revisions\/661"}],"wp:attachment":[{"href":"https:\/\/wordpress.nibis.de\/gswenden\/wp-json\/wp\/v2\/media?parent=549"}],"curies":[{"name":"wp","href":"https:\/\/api.w.org\/{rel}","templated":true}]}}