{"id":566,"date":"2024-02-23T15:31:09","date_gmt":"2024-02-23T14:31:09","guid":{"rendered":"https:\/\/wordpress.nibis.de\/gswenden\/?page_id=566"},"modified":"2024-03-07T13:55:41","modified_gmt":"2024-03-07T12:55:41","slug":"loewenbande","status":"publish","type":"page","link":"https:\/\/wordpress.nibis.de\/gswenden\/loewenbande\/","title":{"rendered":"L\u00f6wenbande"},"content":{"rendered":"\n<p>Seit dem Schuljahr 2023\/2024 ist unsere Schule stolzer L\u00f6wenbande-Kooperationspartner von Eintracht Braunschweig! <\/p>\n\n\n\n<p>Zur Begr\u00fc\u00dfung unserer Schulanf\u00e4ngerinnen und Schulanf\u00e4nger kam sogar Leo, das Eintracht-Maskottchen, h\u00f6chstpers\u00f6nlich zu Besuch und hat uns mit blau-gelben Schult\u00fcten und coolen Autogrammkarten \u00fcberrascht. Wow!<\/p>\n\n\n\n<p>Wir freuen uns schon jetzt auf viele weitere tolle Aktionen &#8211; insbesondere auf einen gemeinsamen Stadionbesuch bei unseren L\u00f6wen an der Hamburger Stra\u00dfe: &#8222;Auf geht&#8217;s, Eintracht&#8230;!!!&#8220;<\/p>\n\n\n\n<figure class=\"wp-block-gallery has-nested-images columns-default is-cropped is-style-default wp-block-gallery-1 is-layout-flex wp-block-gallery-is-layout-flex\">\n<figure class=\"wp-block-image size-large\"><img loading=\"lazy\" decoding=\"async\" width=\"1024\" height=\"675\" data-id=\"568\" src=\"https:\/\/wordpress.nibis.de\/gswenden\/files\/2024\/02\/IMG_9764-1024x675.jpg\" alt=\"\" class=\"wp-image-568\" \/><\/figure>\n\n\n\n<figure class=\"wp-block-image size-large\"><img loading=\"lazy\" decoding=\"async\" width=\"1024\" height=\"675\" data-id=\"569\" src=\"https:\/\/wordpress.nibis.de\/gswenden\/files\/2024\/02\/IMG_9767-1024x675.jpg\" alt=\"\" class=\"wp-image-569\" \/><\/figure>\n\n\n\n<figure class=\"wp-block-image size-large\"><img loading=\"lazy\" decoding=\"async\" width=\"1024\" height=\"675\" data-id=\"570\" src=\"https:\/\/wordpress.nibis.de\/gswenden\/files\/2024\/02\/IMG_9800-1024x675.jpg\" alt=\"\" class=\"wp-image-570\" \/><\/figure>\n\n\n\n<figure class=\"wp-block-image size-large\"><img loading=\"lazy\" decoding=\"async\" width=\"1024\" height=\"675\" data-id=\"571\" src=\"https:\/\/wordpress.nibis.de\/gswenden\/files\/2024\/02\/IMG_9817-1024x675.jpg\" alt=\"\" class=\"wp-image-571\" \/><\/figure>\n<\/figure>\n\n\n\n<p><\/p>\n","protected":false},"excerpt":{"rendered":"<p>Seit dem Schuljahr 2023\/2024 ist unsere Schule stolzer L\u00f6wenbande-Kooperationspartner von Eintracht Braunschweig! Zur Begr\u00fc\u00dfung unserer Schulanf\u00e4ngerinnen und Schulanf\u00e4nger kam sogar Leo, das Eintracht-Maskottchen, h\u00f6chstpers\u00f6nlich zu Besuch und hat uns mit blau-gelben Schult\u00fcten und coolen Autogrammkarten \u00fcberrascht. Wow! Wir freuen uns schon jetzt auf viele weitere tolle Aktionen &#8211; insbesondere auf einen gemeinsamen Stadionbesuch bei unseren &hellip; <a href=\"https:\/\/wordpress.nibis.de\/gswenden\/loewenbande\/\" class=\"more-link\">Weiterlesen <span class=\"screen-reader-text\">L\u00f6wenbande<\/span><\/a><\/p>\n","protected":false},"author":9194317,"featured_media":0,"parent":0,"menu_order":0,"comment_status":"closed","ping_status":"closed","template":"","meta":{"footnotes":""},"class_list":["post-566","page","type-page","status-publish","hentry","without-featured-image"],"_links":{"self":[{"href":"https:\/\/wordpress.nibis.de\/gswenden\/wp-json\/wp\/v2\/pages\/566","targetHints":{"allow":["GET"]}}],"collection":[{"href":"https:\/\/wordpress.nibis.de\/gswenden\/wp-json\/wp\/v2\/pages"}],"about":[{"href":"https:\/\/wordpress.nibis.de\/gswenden\/wp-json\/wp\/v2\/types\/page"}],"author":[{"embeddable":true,"href":"https:\/\/wordpress.nibis.de\/gswenden\/wp-json\/wp\/v2\/users\/9194317"}],"replies":[{"embeddable":true,"href":"https:\/\/wordpress.nibis.de\/gswenden\/wp-json\/wp\/v2\/comments?post=566"}],"version-history":[{"count":4,"href":"https:\/\/wordpress.nibis.de\/gswenden\/wp-json\/wp\/v2\/pages\/566\/revisions"}],"predecessor-version":[{"id":668,"href":"https:\/\/wordpress.nibis.de\/gswenden\/wp-json\/wp\/v2\/pages\/566\/revisions\/668"}],"wp:attachment":[{"href":"https:\/\/wordpress.nibis.de\/gswenden\/wp-json\/wp\/v2\/media?parent=566"}],"curies":[{"name":"wp","href":"https:\/\/api.w.org\/{rel}","templated":true}]}}