{"id":592,"date":"2024-02-29T08:35:44","date_gmt":"2024-02-29T07:35:44","guid":{"rendered":"https:\/\/wordpress.nibis.de\/gswenden\/?page_id=592"},"modified":"2024-12-24T09:04:00","modified_gmt":"2024-12-24T08:04:00","slug":"digitales-lernen","status":"publish","type":"page","link":"https:\/\/wordpress.nibis.de\/gswenden\/digitales-lernen\/","title":{"rendered":"Digitales Lernen"},"content":{"rendered":"\n<p>Alle Klassenr\u00e4ume verf\u00fcgen bei uns \u00fcber eine <strong>digitale Panel-Tafel<\/strong>. Jeder Pavillon ist mit einer <strong>Dokumentenkamera<\/strong> ausgestattet, die mit der Tafel verbunden werden kann. Zeichnungen der Kinder oder Arbeitsbl\u00e4tter k\u00f6nnen damit anschaulich an der Tafel gezeigt werden. Die Mathe- und Deutschlehrwerke haben wir im Westermann-BiBox-Programm komplett digital. So k\u00f6nnen auch dort die Heftseiten an der Tafel bearbeitet und interaktive \u00dcbungen angewendet werden.<\/p>\n\n\n\n<p>Unsere Schule verf\u00fcgt zudem \u00fcber zwei Klassens\u00e4tze an <strong>iPads<\/strong>, die mit verschiedenen Lernapps best\u00fcckt sind. Alle Kinder der Schule haben einen eigenen Zugang zur der Lernapp <strong>ANTON,<\/strong> mit der zuhause und in der Schule zu verschiedenen Themen und F\u00e4chern ge\u00fcbt werden kann. Im Englischunterricht k\u00f6nnen die Online-Welt des Lehrwerks entdeckt oder Vokabellernspiele \u00fcber die Learningapps gespielt werden. Auch das Recherchieren \u00fcber sichere Kindersuchmaschinen wird ge\u00fcbt. Die Sch\u00fclerinnen und Sch\u00fcler verf\u00fcgen dank unserer Schullizenz zudem \u00fcber Zug\u00e4nge des Online-Portals <strong>ANTOLIN,<\/strong> welches der Lesef\u00f6rderung dient. Dort k\u00f6nnen die Kinder Fragen zu gelesenen B\u00fcchern beantworten und Punkte sammeln.<\/p>\n\n\n\n<p>Dank unseres F\u00f6rdervereins haben wir jetzt auch einen Klassensatz an Kopfh\u00f6rern, sodass auch Videos geschaut werden k\u00f6nnen, ohne dass andere gest\u00f6rt werden. <\/p>\n\n\n\n<p>Wir freuen uns, das Lernen so abwechslungsreicher, moderner und motivierender zu gestalten!<\/p>\n\n\n\n<figure class=\"wp-block-gallery has-nested-images columns-default is-cropped wp-block-gallery-1 is-layout-flex wp-block-gallery-is-layout-flex\">\n<figure class=\"wp-block-image size-full\"><img loading=\"lazy\" decoding=\"async\" width=\"1920\" height=\"2560\" data-id=\"595\" src=\"https:\/\/wordpress.nibis.de\/gswenden\/files\/2024\/02\/IMG_20220315_135457-scaled.jpg\" alt=\"\" class=\"wp-image-595\" srcset=\"https:\/\/wordpress.nibis.de\/gswenden\/files\/2024\/02\/IMG_20220315_135457-scaled.jpg 1920w, https:\/\/wordpress.nibis.de\/gswenden\/files\/2024\/02\/IMG_20220315_135457-768x1024.jpg 768w, https:\/\/wordpress.nibis.de\/gswenden\/files\/2024\/02\/IMG_20220315_135457-1152x1536.jpg 1152w, https:\/\/wordpress.nibis.de\/gswenden\/files\/2024\/02\/IMG_20220315_135457-1536x2048.jpg 1536w, https:\/\/wordpress.nibis.de\/gswenden\/files\/2024\/02\/IMG_20220315_135457-285x380.jpg 285w\" sizes=\"auto, (max-width: 1920px) 100vw, 1920px\" \/><\/figure>\n\n\n\n<figure class=\"wp-block-image size-full\"><img loading=\"lazy\" decoding=\"async\" width=\"1200\" height=\"1600\" data-id=\"594\" src=\"https:\/\/wordpress.nibis.de\/gswenden\/files\/2024\/02\/IMG-20240208-WA0006.jpg\" alt=\"\" class=\"wp-image-594\" srcset=\"https:\/\/wordpress.nibis.de\/gswenden\/files\/2024\/02\/IMG-20240208-WA0006.jpg 1200w, https:\/\/wordpress.nibis.de\/gswenden\/files\/2024\/02\/IMG-20240208-WA0006-768x1024.jpg 768w, https:\/\/wordpress.nibis.de\/gswenden\/files\/2024\/02\/IMG-20240208-WA0006-1152x1536.jpg 1152w, https:\/\/wordpress.nibis.de\/gswenden\/files\/2024\/02\/IMG-20240208-WA0006-285x380.jpg 285w\" sizes=\"auto, (max-width: 1200px) 100vw, 1200px\" \/><\/figure>\n\n\n\n<figure class=\"wp-block-image size-full\"><img loading=\"lazy\" decoding=\"async\" width=\"1920\" height=\"2560\" data-id=\"596\" src=\"https:\/\/wordpress.nibis.de\/gswenden\/files\/2024\/02\/IMG_20240228_083101-scaled.jpg\" alt=\"\" class=\"wp-image-596\" srcset=\"https:\/\/wordpress.nibis.de\/gswenden\/files\/2024\/02\/IMG_20240228_083101-scaled.jpg 1920w, https:\/\/wordpress.nibis.de\/gswenden\/files\/2024\/02\/IMG_20240228_083101-768x1024.jpg 768w, https:\/\/wordpress.nibis.de\/gswenden\/files\/2024\/02\/IMG_20240228_083101-1152x1536.jpg 1152w, https:\/\/wordpress.nibis.de\/gswenden\/files\/2024\/02\/IMG_20240228_083101-1536x2048.jpg 1536w, https:\/\/wordpress.nibis.de\/gswenden\/files\/2024\/02\/IMG_20240228_083101-285x380.jpg 285w\" sizes=\"auto, (max-width: 1920px) 100vw, 1920px\" \/><\/figure>\n<\/figure>\n\n\n\n<figure class=\"wp-block-gallery has-nested-images columns-default is-cropped wp-block-gallery-2 is-layout-flex wp-block-gallery-is-layout-flex\">\n<figure class=\"wp-block-image size-large\"><img loading=\"lazy\" decoding=\"async\" width=\"1200\" height=\"675\" data-id=\"602\" src=\"https:\/\/wordpress.nibis.de\/gswenden\/files\/2024\/02\/IMG_20230504_115337-1200x675.jpg\" alt=\"\" class=\"wp-image-602\" srcset=\"https:\/\/wordpress.nibis.de\/gswenden\/files\/2024\/02\/IMG_20230504_115337-1200x675.jpg 1200w, https:\/\/wordpress.nibis.de\/gswenden\/files\/2024\/02\/IMG_20230504_115337-850x478.jpg 850w, https:\/\/wordpress.nibis.de\/gswenden\/files\/2024\/02\/IMG_20230504_115337-250x141.jpg 250w\" sizes=\"auto, (max-width: 1200px) 100vw, 1200px\" \/><\/figure>\n<\/figure>\n\n\n\n<p><\/p>\n\n\n\n<p><\/p>\n\n\n\n<p><\/p>\n\n\n\n<p><\/p>\n\n\n\n<p><\/p>\n\n\n\n<p><\/p>\n\n\n\n<div class=\"wp-block-columns is-layout-flex wp-container-core-columns-is-layout-abceabcf wp-block-columns-is-layout-flex\">\n<div class=\"wp-block-column is-layout-flow wp-block-column-is-layout-flow\">\n<figure class=\"wp-block-gallery has-nested-images columns-default is-cropped wp-block-gallery-3 is-layout-flex wp-block-gallery-is-layout-flex\">\n<figure class=\"wp-block-image size-large tw-width-100\"><a href=\"https:\/\/anton.app\/de\/\"><img loading=\"lazy\" decoding=\"async\" width=\"800\" height=\"255\" data-id=\"597\" src=\"https:\/\/wordpress.nibis.de\/gswenden\/files\/2024\/02\/antonlogo.jpg\" alt=\"\" class=\"wp-image-597\" srcset=\"https:\/\/wordpress.nibis.de\/gswenden\/files\/2024\/02\/antonlogo.jpg 800w, https:\/\/wordpress.nibis.de\/gswenden\/files\/2024\/02\/antonlogo-768x245.jpg 768w\" sizes=\"auto, (max-width: 800px) 100vw, 800px\" \/><\/a><\/figure>\n<\/figure>\n<\/div>\n\n\n\n<div class=\"wp-block-column is-layout-flow wp-block-column-is-layout-flow\">\n<figure class=\"wp-block-gallery has-nested-images columns-default is-cropped wp-block-gallery-4 is-layout-flex wp-block-gallery-is-layout-flex\">\n<figure class=\"wp-block-image size-full tw-width-100\"><a href=\"https:\/\/antolin.westermann.de\/\"><img loading=\"lazy\" decoding=\"async\" width=\"351\" height=\"501\" data-id=\"598\" src=\"https:\/\/wordpress.nibis.de\/gswenden\/files\/2024\/02\/Antolin_Grafik_1.jpg\" alt=\"\" class=\"wp-image-598\" srcset=\"https:\/\/wordpress.nibis.de\/gswenden\/files\/2024\/02\/Antolin_Grafik_1.jpg 351w, https:\/\/wordpress.nibis.de\/gswenden\/files\/2024\/02\/Antolin_Grafik_1-266x380.jpg 266w\" sizes=\"auto, (max-width: 351px) 100vw, 351px\" \/><\/a><\/figure>\n<\/figure>\n<\/div>\n<\/div>\n\n\n\n<div class=\"wp-block-image is-style-tw-frame\"><figure class=\"aligncenter size-full is-resized\"><img loading=\"lazy\" decoding=\"async\" src=\"https:\/\/wordpress.nibis.de\/gswenden\/files\/2024\/12\/UrkundeDigitapakt-001.jpg\" alt=\"\" class=\"wp-image-1252\" width=\"421\" height=\"596\" srcset=\"https:\/\/wordpress.nibis.de\/gswenden\/files\/2024\/12\/UrkundeDigitapakt-001.jpg 1684w, https:\/\/wordpress.nibis.de\/gswenden\/files\/2024\/12\/UrkundeDigitapakt-001-768x1086.jpg 768w, https:\/\/wordpress.nibis.de\/gswenden\/files\/2024\/12\/UrkundeDigitapakt-001-1086x1536.jpg 1086w, https:\/\/wordpress.nibis.de\/gswenden\/files\/2024\/12\/UrkundeDigitapakt-001-1448x2048.jpg 1448w, https:\/\/wordpress.nibis.de\/gswenden\/files\/2024\/12\/UrkundeDigitapakt-001-269x380.jpg 269w\" sizes=\"auto, (max-width: 421px) 100vw, 421px\" \/><\/figure><\/div>\n","protected":false},"excerpt":{"rendered":"<p>Alle Klassenr\u00e4ume verf\u00fcgen bei uns \u00fcber eine digitale Panel-Tafel. Jeder Pavillon ist mit einer Dokumentenkamera ausgestattet, die mit der Tafel verbunden werden kann. Zeichnungen der Kinder oder Arbeitsbl\u00e4tter k\u00f6nnen damit anschaulich an der Tafel gezeigt werden. Die Mathe- und Deutschlehrwerke haben wir im Westermann-BiBox-Programm komplett digital. So k\u00f6nnen auch dort die Heftseiten an der Tafel &hellip; <a href=\"https:\/\/wordpress.nibis.de\/gswenden\/digitales-lernen\/\" class=\"more-link\">Weiterlesen <span class=\"screen-reader-text\">Digitales Lernen<\/span><\/a><\/p>\n","protected":false},"author":9194317,"featured_media":0,"parent":0,"menu_order":0,"comment_status":"closed","ping_status":"closed","template":"","meta":{"footnotes":""},"class_list":["post-592","page","type-page","status-publish","hentry","without-featured-image"],"_links":{"self":[{"href":"https:\/\/wordpress.nibis.de\/gswenden\/wp-json\/wp\/v2\/pages\/592","targetHints":{"allow":["GET"]}}],"collection":[{"href":"https:\/\/wordpress.nibis.de\/gswenden\/wp-json\/wp\/v2\/pages"}],"about":[{"href":"https:\/\/wordpress.nibis.de\/gswenden\/wp-json\/wp\/v2\/types\/page"}],"author":[{"embeddable":true,"href":"https:\/\/wordpress.nibis.de\/gswenden\/wp-json\/wp\/v2\/users\/9194317"}],"replies":[{"embeddable":true,"href":"https:\/\/wordpress.nibis.de\/gswenden\/wp-json\/wp\/v2\/comments?post=592"}],"version-history":[{"count":13,"href":"https:\/\/wordpress.nibis.de\/gswenden\/wp-json\/wp\/v2\/pages\/592\/revisions"}],"predecessor-version":[{"id":1265,"href":"https:\/\/wordpress.nibis.de\/gswenden\/wp-json\/wp\/v2\/pages\/592\/revisions\/1265"}],"wp:attachment":[{"href":"https:\/\/wordpress.nibis.de\/gswenden\/wp-json\/wp\/v2\/media?parent=592"}],"curies":[{"name":"wp","href":"https:\/\/api.w.org\/{rel}","templated":true}]}}