{"id":672,"date":"2024-03-09T16:02:37","date_gmt":"2024-03-09T15:02:37","guid":{"rendered":"https:\/\/wordpress.nibis.de\/gswenden\/?page_id=672"},"modified":"2025-06-08T11:40:00","modified_gmt":"2025-06-08T09:40:00","slug":"elternlotsen","status":"publish","type":"page","link":"https:\/\/wordpress.nibis.de\/gswenden\/elternlotsen\/","title":{"rendered":"Elternlotsen"},"content":{"rendered":"\n<div style=\"--shape: url(#tw-shape-diamond);\" class=\"wp-block-image is-style-tw-rounded-corners\"><figure class=\"aligncenter size-full is-resized\"><img loading=\"lazy\" decoding=\"async\" src=\"https:\/\/wordpress.nibis.de\/gswenden\/files\/2024\/03\/DSC0614734-scaled.jpg\" alt=\"\" class=\"wp-image-675\" width=\"519\" height=\"456\" srcset=\"https:\/\/wordpress.nibis.de\/gswenden\/files\/2024\/03\/DSC0614734-scaled.jpg 2560w, https:\/\/wordpress.nibis.de\/gswenden\/files\/2024\/03\/DSC0614734-768x675.jpg 768w, https:\/\/wordpress.nibis.de\/gswenden\/files\/2024\/03\/DSC0614734-1536x1351.jpg 1536w, https:\/\/wordpress.nibis.de\/gswenden\/files\/2024\/03\/DSC0614734-2048x1801.jpg 2048w, https:\/\/wordpress.nibis.de\/gswenden\/files\/2024\/03\/DSC0614734-432x380.jpg 432w\" sizes=\"auto, (max-width: 519px) 100vw, 519px\" \/><\/figure><\/div>\n\n\n\n<p>Bereits seit 35 Jahren (Gr\u00fcndungsjahr 1989) stehen unsere engagierten<strong> Elternlotsen<\/strong> fr\u00fch vor unserer Schule. Von der Polizei mit Warnweste und Anhaltekelle ausgestattet, helfen sie bei Wind und Wetter den Kindern unserer Schule sicher die Stra\u00dfe zu \u00fcberqueren. Mittlerweile kann unser Elternlotsenteam eine stolze Zahl von 19 Helferinnen und Helfern vorweisen. Damit z\u00e4hlt unsere Schule in Braunschweig zu den Spitzenreitern!<\/p>\n\n\n\n<p>Um Mitglied im Elternlotsenteam zu werden, muss man an einer einmaligen Schulung teilnehmen, die von der Polizei geleitet wird. Diese dauert ungef\u00e4hr eine Stunde und ist eine wichtige Voraussetzung, um Lotse, bzw. Lotsin zu werden, da man erst im Anschluss Versicherungsschutz genie\u00dft. <\/p>\n\n\n\n<p><mark>N\u00e4chster Termin f\u00fcr die Elternlotsenschulung: <\/mark><strong>04.09.2025 um 19 Uhr<\/strong><\/p>\n\n\n\n<p>Treffpunkt: <strong>Haupteingang der GS Wenden<\/strong><\/p>\n\n\n\n<p>Falls Sie Fragen zu diesem Thema haben oder gern Mitglied des Elternlotsenteams werden m\u00f6chten, dann kontaktieren Sie gerne die folgende Adresse: <a href=\"&#109;&#x61;&#105;&#x6c;&#116;&#x6f;&#58;&#x6d;&#111;&#x62;&#105;&#x6c;i&#x74;a&#x65;t&#x40;g&#x73;w&#x65;n&#100;&#x65;&#110;&#x2e;&#100;&#x65;\" target=\"_blank\" rel=\"noreferrer noopener\">mobilita&#101;&#116;&#64;&#103;&#115;&#119;&#101;&#110;&#100;&#101;&#x6e;&#x2e;&#x64;&#x65;<\/a><\/p>\n","protected":false},"excerpt":{"rendered":"<p>Bereits seit 35 Jahren (Gr\u00fcndungsjahr 1989) stehen unsere engagierten Elternlotsen fr\u00fch vor unserer Schule. Von der Polizei mit Warnweste und Anhaltekelle ausgestattet, helfen sie bei Wind und Wetter den Kindern unserer Schule sicher die Stra\u00dfe zu \u00fcberqueren. Mittlerweile kann unser Elternlotsenteam eine stolze Zahl von 19 Helferinnen und Helfern vorweisen. Damit z\u00e4hlt unsere Schule in &hellip; <a href=\"https:\/\/wordpress.nibis.de\/gswenden\/elternlotsen\/\" class=\"more-link\">Weiterlesen <span class=\"screen-reader-text\">Elternlotsen<\/span><\/a><\/p>\n","protected":false},"author":9194317,"featured_media":0,"parent":0,"menu_order":0,"comment_status":"closed","ping_status":"closed","template":"","meta":{"footnotes":""},"class_list":["post-672","page","type-page","status-publish","hentry","without-featured-image"],"_links":{"self":[{"href":"https:\/\/wordpress.nibis.de\/gswenden\/wp-json\/wp\/v2\/pages\/672","targetHints":{"allow":["GET"]}}],"collection":[{"href":"https:\/\/wordpress.nibis.de\/gswenden\/wp-json\/wp\/v2\/pages"}],"about":[{"href":"https:\/\/wordpress.nibis.de\/gswenden\/wp-json\/wp\/v2\/types\/page"}],"author":[{"embeddable":true,"href":"https:\/\/wordpress.nibis.de\/gswenden\/wp-json\/wp\/v2\/users\/9194317"}],"replies":[{"embeddable":true,"href":"https:\/\/wordpress.nibis.de\/gswenden\/wp-json\/wp\/v2\/comments?post=672"}],"version-history":[{"count":4,"href":"https:\/\/wordpress.nibis.de\/gswenden\/wp-json\/wp\/v2\/pages\/672\/revisions"}],"predecessor-version":[{"id":1490,"href":"https:\/\/wordpress.nibis.de\/gswenden\/wp-json\/wp\/v2\/pages\/672\/revisions\/1490"}],"wp:attachment":[{"href":"https:\/\/wordpress.nibis.de\/gswenden\/wp-json\/wp\/v2\/media?parent=672"}],"curies":[{"name":"wp","href":"https:\/\/api.w.org\/{rel}","templated":true}]}}