{"id":677,"date":"2024-03-09T16:03:00","date_gmt":"2024-03-09T15:03:00","guid":{"rendered":"https:\/\/wordpress.nibis.de\/gswenden\/?page_id=677"},"modified":"2026-03-02T07:35:37","modified_gmt":"2026-03-02T06:35:37","slug":"schulwegplaene","status":"publish","type":"page","link":"https:\/\/wordpress.nibis.de\/gswenden\/schulwegplaene\/","title":{"rendered":"Schulwegsicherheit"},"content":{"rendered":"\n<figure class=\"wp-block-image size-full\"><img loading=\"lazy\" decoding=\"async\" width=\"1684\" height=\"1190\" src=\"https:\/\/wordpress.nibis.de\/gswenden\/files\/2024\/02\/Schulwegsicherheit-001.png\" alt=\"\" class=\"wp-image-580\" srcset=\"https:\/\/wordpress.nibis.de\/gswenden\/files\/2024\/02\/Schulwegsicherheit-001.png 1684w, https:\/\/wordpress.nibis.de\/gswenden\/files\/2024\/02\/Schulwegsicherheit-001-768x543.png 768w, https:\/\/wordpress.nibis.de\/gswenden\/files\/2024\/02\/Schulwegsicherheit-001-1536x1085.png 1536w, https:\/\/wordpress.nibis.de\/gswenden\/files\/2024\/02\/Schulwegsicherheit-001-538x380.png 538w\" sizes=\"auto, (max-width: 1684px) 100vw, 1684px\" \/><\/figure>\n\n\n\n<p><strong>Schulwegpl\u00e4ne<\/strong><\/p>\n\n\n\n<p>Allgemeine Informationen der Stadt Braunschweig zu den Schulwegpl\u00e4nen k\u00f6nnen Sie dem nachstehenden Informationsschreiben entnehmen oder <a href=\"https:\/\/www.braunschweig.de\/leben\/schule_bildung\/schulportal\/schulen\/schulwegplaene.php\" data-type=\"URL\" data-id=\"https:\/\/www.braunschweig.de\/leben\/schule_bildung\/schulportal\/schulen\/schulwegplaene.php\">hier <\/a>nachlesen.<\/p>\n\n\n\n<div class=\"wp-block-file\"><a id=\"wp-block-file--media-6b7f43fd-b52f-4c0f-8331-07dc3d7af42a\" href=\"https:\/\/wordpress.nibis.de\/gswenden\/files\/2024\/03\/InfoSchulwegplaene.pdf\">InfoSchulwegplaene<\/a><a href=\"https:\/\/wordpress.nibis.de\/gswenden\/files\/2024\/03\/InfoSchulwegplaene.pdf\" class=\"wp-block-file__button wp-element-button\" download aria-describedby=\"wp-block-file--media-6b7f43fd-b52f-4c0f-8331-07dc3d7af42a\">Herunterladen<\/a><\/div>\n\n\n\n<p><strong>WENDEN<\/strong><\/p>\n\n\n\n<div data-wp-interactive=\"core\/file\" class=\"wp-block-file\"><object data-wp-bind--hidden=\"!state.hasPdfPreview\" hidden class=\"wp-block-file__embed\" data=\"https:\/\/wordpress.nibis.de\/gswenden\/files\/2024\/03\/30-GS-BS-Wenden_f-Wenden_2022_A4-h_R.pdf\" type=\"application\/pdf\" style=\"width:100%;height:600px\" aria-label=\"Einbettung von 30-GS-BS-Wenden_f-Wenden_2022_A4-h_R.\"><\/object><a id=\"wp-block-file--media-2ade62b8-c9a4-4659-9b7e-a45db7f7cd19\" href=\"https:\/\/wordpress.nibis.de\/gswenden\/files\/2024\/03\/30-GS-BS-Wenden_f-Wenden_2022_A4-h_R.pdf\">30-GS-BS-Wenden_f-Wenden_2022_A4-h_R<\/a><a href=\"https:\/\/wordpress.nibis.de\/gswenden\/files\/2024\/03\/30-GS-BS-Wenden_f-Wenden_2022_A4-h_R.pdf\" class=\"wp-block-file__button wp-element-button\" download aria-describedby=\"wp-block-file--media-2ade62b8-c9a4-4659-9b7e-a45db7f7cd19\">Herunterladen<\/a><\/div>\n\n\n\n<p><strong>THUNE<\/strong><\/p>\n\n\n\n<div data-wp-interactive=\"core\/file\" class=\"wp-block-file\"><object data-wp-bind--hidden=\"!state.hasPdfPreview\" hidden class=\"wp-block-file__embed\" data=\"https:\/\/wordpress.nibis.de\/gswenden\/files\/2024\/03\/29-GS-BS-Wenden_f-Thune_2020_A4-h_R-2.pdf\" type=\"application\/pdf\" style=\"width:100%;height:600px\" aria-label=\"Einbettung von 29-GS-BS-Wenden_f-Thune_2020_A4-h_R-2.\"><\/object><a id=\"wp-block-file--media-7d001bdd-b78a-4762-84b6-bda94422c461\" href=\"https:\/\/wordpress.nibis.de\/gswenden\/files\/2024\/03\/29-GS-BS-Wenden_f-Thune_2020_A4-h_R-2.pdf\">29-GS-BS-Wenden_f-Thune_2020_A4-h_R-2<\/a><a href=\"https:\/\/wordpress.nibis.de\/gswenden\/files\/2024\/03\/29-GS-BS-Wenden_f-Thune_2020_A4-h_R-2.pdf\" class=\"wp-block-file__button wp-element-button\" download aria-describedby=\"wp-block-file--media-7d001bdd-b78a-4762-84b6-bda94422c461\">Herunterladen<\/a><\/div>\n\n\n\n<p><strong>HARXB\u00dcTTEL<\/strong><\/p>\n\n\n\n<div data-wp-interactive=\"core\/file\" class=\"wp-block-file\"><object data-wp-bind--hidden=\"!state.hasPdfPreview\" hidden class=\"wp-block-file__embed\" data=\"https:\/\/wordpress.nibis.de\/gswenden\/files\/2024\/03\/28-GS-BS-Wenden_f-Harxbuettel_2020_A4-q_R-3.pdf\" type=\"application\/pdf\" style=\"width:100%;height:600px\" aria-label=\"Einbettung von 28-GS-BS-Wenden_f-Harxbuettel_2020_A4-q_R-3.\"><\/object><a id=\"wp-block-file--media-2000c155-916d-419b-8ccf-caf4c414dae2\" href=\"https:\/\/wordpress.nibis.de\/gswenden\/files\/2024\/03\/28-GS-BS-Wenden_f-Harxbuettel_2020_A4-q_R-3.pdf\">28-GS-BS-Wenden_f-Harxbuettel_2020_A4-q_R-3<\/a><a href=\"https:\/\/wordpress.nibis.de\/gswenden\/files\/2024\/03\/28-GS-BS-Wenden_f-Harxbuettel_2020_A4-q_R-3.pdf\" class=\"wp-block-file__button wp-element-button\" download aria-describedby=\"wp-block-file--media-2000c155-916d-419b-8ccf-caf4c414dae2\">Herunterladen<\/a><\/div>\n\n\n\n<p><\/p>\n\n\n\n<p><strong>Gesetzlicher Unfallversicherungsschutz f\u00fcr Ihr Kind<\/strong><\/p>\n\n\n\n<p>Wichtige Informationen zur Schulwegsicherheit und zum Unfallversicherungsschutz des <strong>BS GUV<\/strong> k\u00f6nnen Sie dem nachstehenden Flyer entnehmen oder <a href=\"https:\/\/www.bs-guv.de\/\" data-type=\"URL\" data-id=\"https:\/\/www.bs-guv.de\/\">hier<\/a> nachlesen.<\/p>\n\n\n\n<div class=\"wp-block-file\"><a id=\"wp-block-file--media-0fe02d22-82b4-4543-9ba7-8daae0b70f67\" href=\"https:\/\/wordpress.nibis.de\/gswenden\/files\/2024\/04\/BS_GUV_Digitaler_Flyer_Grundschule.pdf\">BS_GUV_Digitaler_Flyer_Grundschule<\/a><a href=\"https:\/\/wordpress.nibis.de\/gswenden\/files\/2024\/04\/BS_GUV_Digitaler_Flyer_Grundschule.pdf\" class=\"wp-block-file__button wp-element-button\" download aria-describedby=\"wp-block-file--media-0fe02d22-82b4-4543-9ba7-8daae0b70f67\">Herunterladen<\/a><\/div>\n\n\n\n<p><strong>Hol- und Bringzone<\/strong><\/p>\n\n\n\n<p>Der Runde Tisch &#8222;Sichere Schulwege Braunschweig&#8220; hat die Grundschule Wenden im Jahr 2021 als eine von drei Schulen ausgew\u00e4hlt, um eine Hol- und Bringzone einzurichten. Nutzen Sie diese Zone sehr gerne, wenn Sie Ihr Kind mit dem Auto zur Schule bringen! Sie finden sie auf der rechten Stra\u00dfenseite am Anfang des Heideblicks.<\/p>\n\n\n\n<figure class=\"wp-block-image size-full is-style-tw-shadow\"><img loading=\"lazy\" decoding=\"async\" width=\"1161\" height=\"554\" src=\"https:\/\/wordpress.nibis.de\/gswenden\/files\/2024\/10\/hbz.png\" alt=\"\" class=\"wp-image-1077\" srcset=\"https:\/\/wordpress.nibis.de\/gswenden\/files\/2024\/10\/hbz.png 1161w, https:\/\/wordpress.nibis.de\/gswenden\/files\/2024\/10\/hbz-768x366.png 768w, https:\/\/wordpress.nibis.de\/gswenden\/files\/2024\/10\/hbz-796x380.png 796w\" sizes=\"auto, (max-width: 1161px) 100vw, 1161px\" \/><\/figure>\n\n\n\n<h2 class=\"wp-block-heading\">Fahrplan Schulbus<\/h2>\n\n\n\n<div data-wp-interactive=\"core\/file\" class=\"wp-block-file\"><object data-wp-bind--hidden=\"!state.hasPdfPreview\" hidden class=\"wp-block-file__embed\" data=\"https:\/\/wordpress.nibis.de\/gswenden\/files\/2026\/03\/GS-Wenden-ab-15.09.2025.pdf\" type=\"application\/pdf\" style=\"width:100%;height:600px\" aria-label=\"Einbettung von GS Wenden ab 15.09.2025.\"><\/object><a id=\"wp-block-file--media-32136524-9eea-4d1b-ac36-b5a274431cdf\" href=\"https:\/\/wordpress.nibis.de\/gswenden\/files\/2026\/03\/GS-Wenden-ab-15.09.2025.pdf\">GS Wenden ab 15.09.2025<\/a><a href=\"https:\/\/wordpress.nibis.de\/gswenden\/files\/2026\/03\/GS-Wenden-ab-15.09.2025.pdf\" class=\"wp-block-file__button wp-element-button\" download aria-describedby=\"wp-block-file--media-32136524-9eea-4d1b-ac36-b5a274431cdf\">Herunterladen<\/a><\/div>\n","protected":false},"excerpt":{"rendered":"<p>Schulwegpl\u00e4ne Allgemeine Informationen der Stadt Braunschweig zu den Schulwegpl\u00e4nen k\u00f6nnen Sie dem nachstehenden Informationsschreiben entnehmen oder hier nachlesen. WENDEN THUNE HARXB\u00dcTTEL Gesetzlicher Unfallversicherungsschutz f\u00fcr Ihr Kind Wichtige Informationen zur Schulwegsicherheit und zum Unfallversicherungsschutz des BS GUV k\u00f6nnen Sie dem nachstehenden Flyer entnehmen oder hier nachlesen. Hol- und Bringzone Der Runde Tisch &#8222;Sichere Schulwege Braunschweig&#8220; hat &hellip; <a href=\"https:\/\/wordpress.nibis.de\/gswenden\/schulwegplaene\/\" class=\"more-link\">Weiterlesen <span class=\"screen-reader-text\">Schulwegsicherheit<\/span><\/a><\/p>\n","protected":false},"author":9194317,"featured_media":0,"parent":0,"menu_order":0,"comment_status":"closed","ping_status":"closed","template":"","meta":{"footnotes":""},"class_list":["post-677","page","type-page","status-publish","hentry","without-featured-image"],"_links":{"self":[{"href":"https:\/\/wordpress.nibis.de\/gswenden\/wp-json\/wp\/v2\/pages\/677","targetHints":{"allow":["GET"]}}],"collection":[{"href":"https:\/\/wordpress.nibis.de\/gswenden\/wp-json\/wp\/v2\/pages"}],"about":[{"href":"https:\/\/wordpress.nibis.de\/gswenden\/wp-json\/wp\/v2\/types\/page"}],"author":[{"embeddable":true,"href":"https:\/\/wordpress.nibis.de\/gswenden\/wp-json\/wp\/v2\/users\/9194317"}],"replies":[{"embeddable":true,"href":"https:\/\/wordpress.nibis.de\/gswenden\/wp-json\/wp\/v2\/comments?post=677"}],"version-history":[{"count":12,"href":"https:\/\/wordpress.nibis.de\/gswenden\/wp-json\/wp\/v2\/pages\/677\/revisions"}],"predecessor-version":[{"id":1807,"href":"https:\/\/wordpress.nibis.de\/gswenden\/wp-json\/wp\/v2\/pages\/677\/revisions\/1807"}],"wp:attachment":[{"href":"https:\/\/wordpress.nibis.de\/gswenden\/wp-json\/wp\/v2\/media?parent=677"}],"curies":[{"name":"wp","href":"https:\/\/api.w.org\/{rel}","templated":true}]}}