{"id":741,"date":"2024-04-01T18:42:59","date_gmt":"2024-04-01T16:42:59","guid":{"rendered":"https:\/\/wordpress.nibis.de\/gswenden\/?page_id=741"},"modified":"2024-04-10T15:26:25","modified_gmt":"2024-04-10T13:26:25","slug":"fc-wenden","status":"publish","type":"page","link":"https:\/\/wordpress.nibis.de\/gswenden\/fc-wenden\/","title":{"rendered":"FC Wenden"},"content":{"rendered":"\n<p>Wir sind Kooperationspartner des Sportvereins <strong>FC Wenden 1920 e.V.<\/strong>!<\/p>\n\n\n\n<div class=\"wp-block-image\"><figure class=\"alignright size-full is-resized\"><a href=\"https:\/\/fcwenden.de\/\"><img loading=\"lazy\" decoding=\"async\" src=\"https:\/\/wordpress.nibis.de\/gswenden\/files\/2024\/03\/FC-Wenden-Logo-Transparent.png\" alt=\"\" class=\"wp-image-742\" width=\"338\" height=\"399\" srcset=\"https:\/\/wordpress.nibis.de\/gswenden\/files\/2024\/03\/FC-Wenden-Logo-Transparent.png 769w, https:\/\/wordpress.nibis.de\/gswenden\/files\/2024\/03\/FC-Wenden-Logo-Transparent-322x380.png 322w\" sizes=\"auto, (max-width: 338px) 100vw, 338px\" \/><\/a><\/figure><\/div>\n\n\n\n<p><br>Viele Kinder unserer Schule sind im Sportverein unseres Stadtteils aktiv, zum Beispiel beim Zumba oder auch beim Fu\u00dfball. Daher freuen wir uns dar\u00fcber die Zusammenarbeit auch in unseren Schulalltag \u00fcbertragen zu k\u00f6nnen. <\/p>\n\n\n\n<p>Derzeit begleitet uns die <strong>Tischtennisabteilung<\/strong> des FC Wenden beim Rundlauf-Team-Cup! Die Tischtennistrainer des Vereins haben unseren Kindern der dritten und vierten Klassen gezeigt, wie man Tischtennis spielt und vor allem auch, wie man Rundlauf gemeinsam spielen kann. Derzeit \u00fcben wir f\u00fcr unser schulinternes Turnier und freuen uns auch schon auf die Regionalmeisterschaft im Rundlauf-Team-Cup. <\/p>\n\n\n\n<p>Dar\u00fcber hinaus planen wir langfristig auch in anderen Sportarten zusammen zu arbeiten und gemeinsam Freude am Sport und der Bewegung zu haben!<\/p>\n\n\n\n<div class=\"wp-block-image\"><figure class=\"aligncenter size-large is-resized\"><img loading=\"lazy\" decoding=\"async\" src=\"https:\/\/wordpress.nibis.de\/gswenden\/files\/2024\/04\/IMG_20240410_151710-1200x675.jpg\" alt=\"\" class=\"wp-image-798\" width=\"645\" height=\"362\" srcset=\"https:\/\/wordpress.nibis.de\/gswenden\/files\/2024\/04\/IMG_20240410_151710-1200x675.jpg 1200w, https:\/\/wordpress.nibis.de\/gswenden\/files\/2024\/04\/IMG_20240410_151710-850x478.jpg 850w, https:\/\/wordpress.nibis.de\/gswenden\/files\/2024\/04\/IMG_20240410_151710-250x141.jpg 250w\" sizes=\"auto, (max-width: 645px) 100vw, 645px\" \/><\/figure><\/div>\n\n\n\n<p><\/p>\n","protected":false},"excerpt":{"rendered":"<p>Wir sind Kooperationspartner des Sportvereins FC Wenden 1920 e.V.! Viele Kinder unserer Schule sind im Sportverein unseres Stadtteils aktiv, zum Beispiel beim Zumba oder auch beim Fu\u00dfball. Daher freuen wir uns dar\u00fcber die Zusammenarbeit auch in unseren Schulalltag \u00fcbertragen zu k\u00f6nnen. Derzeit begleitet uns die Tischtennisabteilung des FC Wenden beim Rundlauf-Team-Cup! Die Tischtennistrainer des Vereins &hellip; <a href=\"https:\/\/wordpress.nibis.de\/gswenden\/fc-wenden\/\" class=\"more-link\">Weiterlesen <span class=\"screen-reader-text\">FC Wenden<\/span><\/a><\/p>\n","protected":false},"author":9194317,"featured_media":0,"parent":0,"menu_order":0,"comment_status":"closed","ping_status":"closed","template":"","meta":{"footnotes":""},"class_list":["post-741","page","type-page","status-publish","hentry","without-featured-image"],"_links":{"self":[{"href":"https:\/\/wordpress.nibis.de\/gswenden\/wp-json\/wp\/v2\/pages\/741","targetHints":{"allow":["GET"]}}],"collection":[{"href":"https:\/\/wordpress.nibis.de\/gswenden\/wp-json\/wp\/v2\/pages"}],"about":[{"href":"https:\/\/wordpress.nibis.de\/gswenden\/wp-json\/wp\/v2\/types\/page"}],"author":[{"embeddable":true,"href":"https:\/\/wordpress.nibis.de\/gswenden\/wp-json\/wp\/v2\/users\/9194317"}],"replies":[{"embeddable":true,"href":"https:\/\/wordpress.nibis.de\/gswenden\/wp-json\/wp\/v2\/comments?post=741"}],"version-history":[{"count":4,"href":"https:\/\/wordpress.nibis.de\/gswenden\/wp-json\/wp\/v2\/pages\/741\/revisions"}],"predecessor-version":[{"id":800,"href":"https:\/\/wordpress.nibis.de\/gswenden\/wp-json\/wp\/v2\/pages\/741\/revisions\/800"}],"wp:attachment":[{"href":"https:\/\/wordpress.nibis.de\/gswenden\/wp-json\/wp\/v2\/media?parent=741"}],"curies":[{"name":"wp","href":"https:\/\/api.w.org\/{rel}","templated":true}]}}