{"id":760,"date":"2024-04-10T08:08:43","date_gmt":"2024-04-10T06:08:43","guid":{"rendered":"https:\/\/wordpress.nibis.de\/gswenden\/?page_id=760"},"modified":"2025-12-10T13:10:20","modified_gmt":"2025-12-10T12:10:20","slug":"einschulung","status":"publish","type":"page","link":"https:\/\/wordpress.nibis.de\/gswenden\/einschulung\/","title":{"rendered":"Einschulung"},"content":{"rendered":"\n<p><strong>Einschulung 2026\/2027<\/strong><\/p>\n\n\n\n<p>Die <strong>Einschulung<\/strong> f\u00fcr unsere neuen Erstkl\u00e4sslerinnen und Erstkl\u00e4ssler findet am Samstag, d. <strong>15.08.2026<\/strong> um <strong>10:00 Uhr<\/strong> statt. <\/p>\n\n\n\n<p>Wir begleiten Ihr Kind und Sie im letzten Jahr vor der Einschulung intensiv. Unter anderem laden wir zu Infoabenden, Schnupperunterricht, &#8222;Fexikinder-Beratung&#8220; usw. ein, denn wir m\u00f6chten Ihr Kind und Sie sehr gern schon jetzt gut kennenlernen. Daher bitten wir Sie herzlich, alle Informationen, W\u00fcnsche etc. zeitnah mit uns zu teilen, die f\u00fcr unsere Arbeit mit Ihrem Kind wichtig sein k\u00f6nnten. <\/p>\n\n\n\n<p>Alle weiteren Informationen rund um die Einschulung erhalten Sie beim ersten <strong>Elternabend<\/strong> am Dienstag, d. <strong>23.06.2026<\/strong> um <strong>19:00 Uhr<\/strong>. Dazu laden wir Sie rechtzeitig ein. Wir freuen uns auf Sie!<\/p>\n\n\n\n<p>Die Termine f\u00fcr den Schnupperunterricht finden Sie <a href=\"https:\/\/wordpress.nibis.de\/gswenden\/termine\/\">hier<\/a>! <\/p>\n\n\n<div class=\"wp-block-image\">\n<figure class=\"aligncenter size-full is-resized\"><img loading=\"lazy\" decoding=\"async\" width=\"1946\" height=\"1962\" src=\"https:\/\/wordpress.nibis.de\/gswenden\/files\/2024\/04\/4.jpeg\" alt=\"\" class=\"wp-image-784\" style=\"width:421px;height:424px\" srcset=\"https:\/\/wordpress.nibis.de\/gswenden\/files\/2024\/04\/4.jpeg 1946w, https:\/\/wordpress.nibis.de\/gswenden\/files\/2024\/04\/4-768x774.jpeg 768w, https:\/\/wordpress.nibis.de\/gswenden\/files\/2024\/04\/4-1523x1536.jpeg 1523w, https:\/\/wordpress.nibis.de\/gswenden\/files\/2024\/04\/4-90x90.jpeg 90w, https:\/\/wordpress.nibis.de\/gswenden\/files\/2024\/04\/4-377x380.jpeg 377w\" sizes=\"auto, (max-width: 1946px) 100vw, 1946px\" \/><\/figure>\n<\/div>\n\n\n<p><\/p>\n\n\n\n<p><strong>Einschulung 2027\/2028<\/strong><\/p>\n\n\n\n<p>Der\u00a0<strong>Anmeldezeitraum <\/strong>f\u00fcr die Schulanf\u00e4ngerinnen und Schulanf\u00e4nger f\u00fcr das Schuljahr <strong>2027\/2028<\/strong> ist die Woche vom<strong> 04. bis 08.05.2026.<\/strong> Wir stehen Ihnen in dieser Woche montags bis donnerstags von 09:00 bis 11:00 Uhr gern pers\u00f6nlich zur Verf\u00fcgung. Selbstverst\u00e4ndlich k\u00f6nnen Sie uns die vollst\u00e4ndig ausgef\u00fcllten Unterlagen auch auf dem Postweg zukommen lassen. Alle Unterlagen gehen Ihnen postalisch zu.<\/p>\n\n\n\n<p>Die Unterlagen f\u00fcr die GS Wenden zur Schulanmeldung finden Sie ebenfalls <a href=\"https:\/\/wordpress.nibis.de\/gswenden\/downloads\/\" data-type=\"URL\" data-id=\"https:\/\/wordpress.nibis.de\/gswenden\/downloads\/\">hier<\/a>!<\/p>\n\n\n\n<p>Wenn Ihr Kind das sechste Lebensjahr in der Zeit vom 1. Juli bis zum 30. September vollendet haben Sie die M\u00f6glichkeit, den Einschulungstermin um ein Jahr zu verschieben. Weitere Informationen dazu k\u00f6nnen Sie dem nachstehenden Informationsblatt entnehmen.<\/p>\n\n\n\n<p>Wir laden alle &#8222;Flexi-Kinder&#8220; immer vor dem Stichtag zu einem Schnupperunterricht in Kleingruppen ein und stehen bei Unsicherheiten und Fragen zur Einschulung gern f\u00fcr Ihre Beratung zur Verf\u00fcgung.<\/p>\n\n\n\n<div class=\"wp-block-file\"><a id=\"wp-block-file--media-d3fd2578-296b-40dc-a9ec-bad2e3a70465\" href=\"https:\/\/wordpress.nibis.de\/gswenden\/files\/2024\/04\/Informationsblatt_fr_Erziehungsberechtigte_Einschulungstermin_Stand_Mrz_2024.pdf\">Informationsblatt_Flexikinder<\/a><a href=\"https:\/\/wordpress.nibis.de\/gswenden\/files\/2024\/04\/Informationsblatt_fr_Erziehungsberechtigte_Einschulungstermin_Stand_Mrz_2024.pdf\" class=\"wp-block-file__button wp-element-button\" download aria-describedby=\"wp-block-file--media-d3fd2578-296b-40dc-a9ec-bad2e3a70465\">Herunterladen<\/a><\/div>\n\n\n<div class=\"wp-block-image\">\n<figure class=\"aligncenter size-large is-resized\"><img loading=\"lazy\" decoding=\"async\" width=\"1200\" height=\"675\" src=\"https:\/\/wordpress.nibis.de\/gswenden\/files\/2024\/04\/Einschulung-001-1200x675.png\" alt=\"\" class=\"wp-image-775\" style=\"width:591px;height:332px\" srcset=\"https:\/\/wordpress.nibis.de\/gswenden\/files\/2024\/04\/Einschulung-001-1200x675.png 1200w, https:\/\/wordpress.nibis.de\/gswenden\/files\/2024\/04\/Einschulung-001-850x478.png 850w, https:\/\/wordpress.nibis.de\/gswenden\/files\/2024\/04\/Einschulung-001-250x141.png 250w\" sizes=\"auto, (max-width: 1200px) 100vw, 1200px\" \/><\/figure>\n<\/div>","protected":false},"excerpt":{"rendered":"<p>Einschulung 2026\/2027 Die Einschulung f\u00fcr unsere neuen Erstkl\u00e4sslerinnen und Erstkl\u00e4ssler findet am Samstag, d. 15.08.2026 um 10:00 Uhr statt. Wir begleiten Ihr Kind und Sie im letzten Jahr vor der Einschulung intensiv. Unter anderem laden wir zu Infoabenden, Schnupperunterricht, &#8222;Fexikinder-Beratung&#8220; usw. ein, denn wir m\u00f6chten Ihr Kind und Sie sehr gern schon jetzt gut kennenlernen. &hellip; <a href=\"https:\/\/wordpress.nibis.de\/gswenden\/einschulung\/\" class=\"more-link\">Weiterlesen <span class=\"screen-reader-text\">Einschulung<\/span><\/a><\/p>\n","protected":false},"author":9194317,"featured_media":786,"parent":0,"menu_order":0,"comment_status":"closed","ping_status":"closed","template":"","meta":{"footnotes":""},"class_list":["post-760","page","type-page","status-publish","has-post-thumbnail","hentry","with-featured-image"],"_links":{"self":[{"href":"https:\/\/wordpress.nibis.de\/gswenden\/wp-json\/wp\/v2\/pages\/760","targetHints":{"allow":["GET"]}}],"collection":[{"href":"https:\/\/wordpress.nibis.de\/gswenden\/wp-json\/wp\/v2\/pages"}],"about":[{"href":"https:\/\/wordpress.nibis.de\/gswenden\/wp-json\/wp\/v2\/types\/page"}],"author":[{"embeddable":true,"href":"https:\/\/wordpress.nibis.de\/gswenden\/wp-json\/wp\/v2\/users\/9194317"}],"replies":[{"embeddable":true,"href":"https:\/\/wordpress.nibis.de\/gswenden\/wp-json\/wp\/v2\/comments?post=760"}],"version-history":[{"count":27,"href":"https:\/\/wordpress.nibis.de\/gswenden\/wp-json\/wp\/v2\/pages\/760\/revisions"}],"predecessor-version":[{"id":1621,"href":"https:\/\/wordpress.nibis.de\/gswenden\/wp-json\/wp\/v2\/pages\/760\/revisions\/1621"}],"wp:featuredmedia":[{"embeddable":true,"href":"https:\/\/wordpress.nibis.de\/gswenden\/wp-json\/wp\/v2\/media\/786"}],"wp:attachment":[{"href":"https:\/\/wordpress.nibis.de\/gswenden\/wp-json\/wp\/v2\/media?parent=760"}],"curies":[{"name":"wp","href":"https:\/\/api.w.org\/{rel}","templated":true}]}}