{"id":189,"date":"2024-07-26T19:21:13","date_gmt":"2024-07-26T17:21:13","guid":{"rendered":"https:\/\/wordpress.nibis.de\/gswiebru\/?page_id=189"},"modified":"2026-01-13T17:30:35","modified_gmt":"2026-01-13T16:30:35","slug":"klassen","status":"publish","type":"page","link":"https:\/\/wordpress.nibis.de\/gswiebru\/klassen\/","title":{"rendered":"Klassen"},"content":{"rendered":"\n<p><strong><span style=\"text-decoration: underline\" class=\"underline\">Schuljahr 2025\/2026<\/span><\/strong><\/p>\n\n\n\n<figure class=\"wp-block-table is-style-regular\"><table><tbody><tr><td><strong>Klasse<\/strong><\/td><td><strong>Klassenlehrerin<\/strong><\/td><td><strong>K\u00fcrzel<\/strong><\/td><td><strong>Raum<\/strong><\/td><\/tr><tr><td>1a<\/td><td>Frau H\u00f6ppner<\/td><td>H\u00f6<\/td><td>11 (OG)<\/td><\/tr><tr><td>1b<\/td><td>Frau Bauschke<\/td><td>Bau<\/td><td>12 (OG)<\/td><\/tr><tr><td>2a<\/td><td>Frau Rehl\u00e4nder<\/td><td>Reh<\/td><td>09 (OG)<\/td><\/tr><tr><td>2b<\/td><td>Frau Gichie<\/td><td>Gi<\/td><td>08 (OG)<\/td><\/tr><tr><td>3a<\/td><td>Frau Paesch<\/td><td>Pae<\/td><td>19 (EG)<\/td><\/tr><tr><td>3b<\/td><td>Frau Diocl\u00e8s<\/td><td>Dio<\/td><td>20 (EG)<\/td><\/tr><tr><td>4a<\/td><td>Frau Dammeyer<\/td><td>Da<\/td><td>02 (OG)<\/td><\/tr><tr><td>4b<\/td><td>Frau Camp<\/td><td>Ca<\/td><td>06 (OG)<\/td><\/tr><tr><td>4c<\/td><td>Frau da Costa Pinto<\/td><td>Pin<\/td><td>10 (OG)<\/td><\/tr><\/tbody><\/table><\/figure>\n\n\n\n<p><\/p>\n\n\n<div class=\"wp-block-image\">\n<figure class=\"aligncenter size-medium\"><img loading=\"lazy\" decoding=\"async\" width=\"300\" height=\"226\" src=\"https:\/\/wordpress.nibis.de\/gswiebru\/files\/2026\/01\/GS-Wietzenbruch_Tuerschild-2025-300x226.jpeg\" alt=\"\" class=\"wp-image-1370\" srcset=\"https:\/\/wordpress.nibis.de\/gswiebru\/files\/2026\/01\/GS-Wietzenbruch_Tuerschild-2025-300x226.jpeg 300w, https:\/\/wordpress.nibis.de\/gswiebru\/files\/2026\/01\/GS-Wietzenbruch_Tuerschild-2025-1024x770.jpeg 1024w, https:\/\/wordpress.nibis.de\/gswiebru\/files\/2026\/01\/GS-Wietzenbruch_Tuerschild-2025-768x578.jpeg 768w, https:\/\/wordpress.nibis.de\/gswiebru\/files\/2026\/01\/GS-Wietzenbruch_Tuerschild-2025-100x75.jpeg 100w, https:\/\/wordpress.nibis.de\/gswiebru\/files\/2026\/01\/GS-Wietzenbruch_Tuerschild-2025-1536x1155.jpeg 1536w, https:\/\/wordpress.nibis.de\/gswiebru\/files\/2026\/01\/GS-Wietzenbruch_Tuerschild-2025-359x270.jpeg 359w, https:\/\/wordpress.nibis.de\/gswiebru\/files\/2026\/01\/GS-Wietzenbruch_Tuerschild-2025.jpeg 1606w\" sizes=\"auto, (max-width: 300px) 100vw, 300px\" \/><\/figure>\n<\/div>","protected":false},"excerpt":{"rendered":"<p>Schuljahr 2025\/2026 Klasse Klassenlehrerin K\u00fcrzel Raum 1a Frau H\u00f6ppner H\u00f6 11 (OG) 1b Frau Bauschke Bau 12 (OG) 2a Frau Rehl\u00e4nder Reh 09 (OG) 2b Frau Gichie Gi 08 (OG) 3a Frau Paesch Pae 19 (EG) 3b Frau Diocl\u00e8s Dio 20 (EG) 4a Frau Dammeyer Da 02 (OG) 4b Frau Camp Ca 06 (OG) 4c Frau da Costa Pinto Pin 10 (OG)<\/p>\n","protected":false},"author":9194369,"featured_media":0,"parent":0,"menu_order":0,"comment_status":"closed","ping_status":"closed","template":"","meta":{"footnotes":""},"class_list":["post-189","page","type-page","status-publish","hentry"],"_links":{"self":[{"href":"https:\/\/wordpress.nibis.de\/gswiebru\/wp-json\/wp\/v2\/pages\/189","targetHints":{"allow":["GET"]}}],"collection":[{"href":"https:\/\/wordpress.nibis.de\/gswiebru\/wp-json\/wp\/v2\/pages"}],"about":[{"href":"https:\/\/wordpress.nibis.de\/gswiebru\/wp-json\/wp\/v2\/types\/page"}],"author":[{"embeddable":true,"href":"https:\/\/wordpress.nibis.de\/gswiebru\/wp-json\/wp\/v2\/users\/9194369"}],"replies":[{"embeddable":true,"href":"https:\/\/wordpress.nibis.de\/gswiebru\/wp-json\/wp\/v2\/comments?post=189"}],"version-history":[{"count":21,"href":"https:\/\/wordpress.nibis.de\/gswiebru\/wp-json\/wp\/v2\/pages\/189\/revisions"}],"predecessor-version":[{"id":1371,"href":"https:\/\/wordpress.nibis.de\/gswiebru\/wp-json\/wp\/v2\/pages\/189\/revisions\/1371"}],"wp:attachment":[{"href":"https:\/\/wordpress.nibis.de\/gswiebru\/wp-json\/wp\/v2\/media?parent=189"}],"curies":[{"name":"wp","href":"https:\/\/api.w.org\/{rel}","templated":true}]}}