{"id":298,"date":"2024-07-28T14:06:49","date_gmt":"2024-07-28T12:06:49","guid":{"rendered":"https:\/\/wordpress.nibis.de\/gswiebru\/?page_id=298"},"modified":"2026-04-07T17:07:45","modified_gmt":"2026-04-07T15:07:45","slug":"kollegium","status":"publish","type":"page","link":"https:\/\/wordpress.nibis.de\/gswiebru\/kollegium\/","title":{"rendered":"Kollegium"},"content":{"rendered":"\n<p>Das Team der Grundschule Wietzenbruch besteht aus 12 aktiven Lehrerinnen (inklusive der Schulleitung und der Konrektorin), 2 Lehrerinnen in Elternzeit, 1 p\u00e4dagogischen Mitarbeiterin, der Schulverwaltungskraft und dem Haustechniker.<\/p>\n\n\n\n<p>Gemeinsam sind wir &#8222;Wietzenbrucher F\u00fcchse&#8220; ein starkes Team, das sich gegenseitig unterst\u00fctzt und erg\u00e4nzt. T\u00e4glich arbeiten wir mit unterschiedlichen Aufgaben und Professionen mit den Sch\u00fclerinnen und Sch\u00fclern. Mit Herz und p\u00e4dagogischem Handeln sind wir f\u00fcr alle Kinder unserer Schule da.<\/p>\n\n\n\n<p><\/p>\n\n\n\n<div class=\"wp-block-media-text alignwide is-stacked-on-mobile\" style=\"grid-template-columns:15% auto\"><figure class=\"wp-block-media-text__media\"><img loading=\"lazy\" decoding=\"async\" width=\"465\" height=\"453\" src=\"https:\/\/wordpress.nibis.de\/gswiebru\/files\/2024\/09\/Logo_Fuchs_grau.jpg\" alt=\"\" class=\"wp-image-786 size-full\" srcset=\"https:\/\/wordpress.nibis.de\/gswiebru\/files\/2024\/09\/Logo_Fuchs_grau.jpg 465w, https:\/\/wordpress.nibis.de\/gswiebru\/files\/2024\/09\/Logo_Fuchs_grau-300x292.jpg 300w\" sizes=\"auto, (max-width: 465px) 100vw, 465px\" \/><\/figure><div class=\"wp-block-media-text__content\">\n<p class=\"has-medium-font-size\">Frau Krumm (komm. Schulleitung)<\/p>\n\n\n\n<p style=\"font-size:15px\">&#107;&#x72;u&#109;&#x6d;&#64;&#119;&#x69;e&#116;&#x7a;e&#110;&#x62;&#114;&#x75;&#x63;&#104;&#x73;&#x63;&#104;&#x75;l&#101;&#x2e;d&#101;<\/p>\n<\/div><\/div>\n\n\n\n<p><\/p>\n\n\n\n<div class=\"wp-block-media-text alignwide is-stacked-on-mobile\" style=\"grid-template-columns:15% auto\"><figure class=\"wp-block-media-text__media\"><img loading=\"lazy\" decoding=\"async\" width=\"465\" height=\"453\" src=\"https:\/\/wordpress.nibis.de\/gswiebru\/files\/2024\/09\/Logo_Fuchs_grau.jpg\" alt=\"\" class=\"wp-image-786 size-full\" srcset=\"https:\/\/wordpress.nibis.de\/gswiebru\/files\/2024\/09\/Logo_Fuchs_grau.jpg 465w, https:\/\/wordpress.nibis.de\/gswiebru\/files\/2024\/09\/Logo_Fuchs_grau-300x292.jpg 300w\" sizes=\"auto, (max-width: 465px) 100vw, 465px\" \/><\/figure><div class=\"wp-block-media-text__content\">\n<p class=\"has-medium-font-size\">Frau Forgber-Henkel (komm. Konrektorin) (F\u00f6rderschullehrkraft)<\/p>\n\n\n\n<p style=\"font-size:15px\">&#x66;o&#x72;&#103;b&#x65;&#114;&#x2d;&#x68;e&#x6e;&#107;e&#x6c;&#64;&#x77;&#105;e&#x74;&#122;e&#x6e;&#98;&#x72;&#117;c&#x68;&#115;&#x63;&#x68;u&#x6c;&#101;&#46;&#x64;&#101;<\/p>\n<\/div><\/div>\n\n\n\n<p><\/p>\n\n\n\n<div class=\"wp-block-media-text alignwide is-stacked-on-mobile\" style=\"grid-template-columns:15% auto\"><figure class=\"wp-block-media-text__media\"><img loading=\"lazy\" decoding=\"async\" width=\"465\" height=\"453\" src=\"https:\/\/wordpress.nibis.de\/gswiebru\/files\/2024\/09\/Logo_Fuchs_grau.jpg\" alt=\"\" class=\"wp-image-786 size-full\" srcset=\"https:\/\/wordpress.nibis.de\/gswiebru\/files\/2024\/09\/Logo_Fuchs_grau.jpg 465w, https:\/\/wordpress.nibis.de\/gswiebru\/files\/2024\/09\/Logo_Fuchs_grau-300x292.jpg 300w\" sizes=\"auto, (max-width: 465px) 100vw, 465px\" \/><\/figure><div class=\"wp-block-media-text__content\">\n<p class=\"has-medium-font-size\">Frau Bergengruen (Schulverwaltungskraft)<\/p>\n\n\n\n<p style=\"font-size:15px\">&#x6b;&#111;&#x6e;&#x74;&#97;&#x6b;&#x74;&#64;&#x77;&#x69;&#101;&#x74;&#x7a;e&#x6e;&#x62;r&#x75;&#99;h&#x73;&#99;h&#x75;&#108;e&#x2e;&#100;e<\/p>\n<\/div><\/div>\n\n\n\n<p><\/p>\n\n\n\n<div class=\"wp-block-media-text alignwide is-stacked-on-mobile\" style=\"grid-template-columns:15% auto\"><figure class=\"wp-block-media-text__media\"><img loading=\"lazy\" decoding=\"async\" width=\"465\" height=\"453\" src=\"https:\/\/wordpress.nibis.de\/gswiebru\/files\/2024\/09\/Logo_Fuchs_grau.jpg\" alt=\"\" class=\"wp-image-786 size-full\" srcset=\"https:\/\/wordpress.nibis.de\/gswiebru\/files\/2024\/09\/Logo_Fuchs_grau.jpg 465w, https:\/\/wordpress.nibis.de\/gswiebru\/files\/2024\/09\/Logo_Fuchs_grau-300x292.jpg 300w\" sizes=\"auto, (max-width: 465px) 100vw, 465px\" \/><\/figure><div class=\"wp-block-media-text__content\">\n<p class=\"has-medium-font-size\">Herr Loessin (Haustechniker)<\/p>\n<\/div><\/div>\n\n\n\n<p><\/p>\n\n\n\n<p class=\"has-background\" style=\"background-color:#3c8476;font-size:2px\"><\/p>\n\n\n\n<p><\/p>\n\n\n\n<div class=\"wp-block-media-text alignwide is-stacked-on-mobile\" style=\"grid-template-columns:15% auto\"><figure class=\"wp-block-media-text__media\"><img loading=\"lazy\" decoding=\"async\" width=\"465\" height=\"453\" src=\"https:\/\/wordpress.nibis.de\/gswiebru\/files\/2024\/09\/Logo_Fuchs_grau.jpg\" alt=\"\" class=\"wp-image-786 size-full\" srcset=\"https:\/\/wordpress.nibis.de\/gswiebru\/files\/2024\/09\/Logo_Fuchs_grau.jpg 465w, https:\/\/wordpress.nibis.de\/gswiebru\/files\/2024\/09\/Logo_Fuchs_grau-300x292.jpg 300w\" sizes=\"auto, (max-width: 465px) 100vw, 465px\" \/><\/figure><div class=\"wp-block-media-text__content\">\n<p class=\"has-medium-font-size\">Frau Bauschke <\/p>\n\n\n\n<p style=\"font-size:15px\">&#98;&#x61;&#x75;s&#99;&#x68;k&#101;&#x40;w&#105;&#x65;t&#122;&#x65;&#x6e;&#98;&#x72;&#x75;c&#104;&#x73;c&#104;&#x75;l&#101;&#x2e;&#x64;&#101;<\/p>\n<\/div><\/div>\n\n\n\n<p><\/p>\n\n\n\n<div class=\"wp-block-media-text alignwide is-stacked-on-mobile\" style=\"grid-template-columns:15% auto\"><figure class=\"wp-block-media-text__media\"><img loading=\"lazy\" decoding=\"async\" width=\"465\" height=\"453\" src=\"https:\/\/wordpress.nibis.de\/gswiebru\/files\/2024\/09\/Logo_Fuchs_grau.jpg\" alt=\"\" class=\"wp-image-786 size-full\" srcset=\"https:\/\/wordpress.nibis.de\/gswiebru\/files\/2024\/09\/Logo_Fuchs_grau.jpg 465w, https:\/\/wordpress.nibis.de\/gswiebru\/files\/2024\/09\/Logo_Fuchs_grau-300x292.jpg 300w\" sizes=\"auto, (max-width: 465px) 100vw, 465px\" \/><\/figure><div class=\"wp-block-media-text__content\">\n<p class=\"has-medium-font-size\">Frau B\u00f6hme (aktuell in Elternzeit)<\/p>\n\n\n\n<p style=\"font-size:15px\">&#98;o&#x65;h&#x6d;e&#x40;w&#x69;&#101;&#x74;&#122;&#x65;&#110;&#x62;&#114;u&#99;h&#x73;c&#x68;u&#x6c;&#101;&#x2e;&#100;&#x65;<\/p>\n<\/div><\/div>\n\n\n\n<p><\/p>\n\n\n\n<div class=\"wp-block-media-text alignwide is-stacked-on-mobile\" style=\"grid-template-columns:15% auto\"><figure class=\"wp-block-media-text__media\"><img loading=\"lazy\" decoding=\"async\" width=\"465\" height=\"453\" src=\"https:\/\/wordpress.nibis.de\/gswiebru\/files\/2024\/09\/Logo_Fuchs_grau.jpg\" alt=\"\" class=\"wp-image-786 size-full\" srcset=\"https:\/\/wordpress.nibis.de\/gswiebru\/files\/2024\/09\/Logo_Fuchs_grau.jpg 465w, https:\/\/wordpress.nibis.de\/gswiebru\/files\/2024\/09\/Logo_Fuchs_grau-300x292.jpg 300w\" sizes=\"auto, (max-width: 465px) 100vw, 465px\" \/><\/figure><div class=\"wp-block-media-text__content\">\n<p class=\"has-medium-font-size\">Frau Camp<\/p>\n\n\n\n<p style=\"font-size:15px\">ca&#109;&#112;&#64;&#119;&#x69;&#x65;&#x74;&#x7a;&#x65;nb&#114;&#117;&#99;&#104;&#x73;&#x63;&#x68;&#x75;&#x6c;e&#46;&#100;&#101;<\/p>\n<\/div><\/div>\n\n\n\n<p><\/p>\n\n\n\n<div class=\"wp-block-media-text alignwide is-stacked-on-mobile\" style=\"grid-template-columns:15% auto\"><figure class=\"wp-block-media-text__media\"><img loading=\"lazy\" decoding=\"async\" width=\"465\" height=\"453\" src=\"https:\/\/wordpress.nibis.de\/gswiebru\/files\/2024\/09\/Logo_Fuchs_grau.jpg\" alt=\"\" class=\"wp-image-786 size-full\" srcset=\"https:\/\/wordpress.nibis.de\/gswiebru\/files\/2024\/09\/Logo_Fuchs_grau.jpg 465w, https:\/\/wordpress.nibis.de\/gswiebru\/files\/2024\/09\/Logo_Fuchs_grau-300x292.jpg 300w\" sizes=\"auto, (max-width: 465px) 100vw, 465px\" \/><\/figure><div class=\"wp-block-media-text__content\">\n<p class=\"has-medium-font-size\">Frau Dammeyer<\/p>\n\n\n\n<p style=\"font-size:15px\">&#x64;&#x61;&#109;&#109;e&#x79;&#x65;&#x72;&#64;&#119;i&#x65;&#x74;&#x7a;&#101;&#110;b&#x72;&#x75;&#x63;&#104;&#115;c&#x68;&#x75;&#x6c;&#101;&#46;d&#x65;<\/p>\n<\/div><\/div>\n\n\n\n<p><\/p>\n\n\n\n<div class=\"wp-block-media-text alignwide is-stacked-on-mobile\" style=\"grid-template-columns:15% auto\"><figure class=\"wp-block-media-text__media\"><img loading=\"lazy\" decoding=\"async\" width=\"465\" height=\"453\" src=\"https:\/\/wordpress.nibis.de\/gswiebru\/files\/2024\/09\/Logo_Fuchs_grau.jpg\" alt=\"\" class=\"wp-image-786 size-full\" srcset=\"https:\/\/wordpress.nibis.de\/gswiebru\/files\/2024\/09\/Logo_Fuchs_grau.jpg 465w, https:\/\/wordpress.nibis.de\/gswiebru\/files\/2024\/09\/Logo_Fuchs_grau-300x292.jpg 300w\" sizes=\"auto, (max-width: 465px) 100vw, 465px\" \/><\/figure><div class=\"wp-block-media-text__content\">\n<p class=\"has-medium-font-size\">Frau Diocl\u00e8s<\/p>\n\n\n\n<p style=\"font-size:15px\">d&#105;&#111;&#x63;&#x6c;e&#115;&#64;&#x77;&#x69;&#x65;t&#122;&#101;&#x6e;&#x62;ru&#99;&#x68;&#x73;&#x63;h&#117;&#108;&#x65;&#x2e;de<\/p>\n<\/div><\/div>\n\n\n\n<p><\/p>\n\n\n\n<div class=\"wp-block-media-text alignwide is-stacked-on-mobile\" style=\"grid-template-columns:15% auto\"><figure class=\"wp-block-media-text__media\"><img loading=\"lazy\" decoding=\"async\" width=\"465\" height=\"453\" src=\"https:\/\/wordpress.nibis.de\/gswiebru\/files\/2024\/09\/Logo_Fuchs_grau.jpg\" alt=\"\" class=\"wp-image-786 size-full\" srcset=\"https:\/\/wordpress.nibis.de\/gswiebru\/files\/2024\/09\/Logo_Fuchs_grau.jpg 465w, https:\/\/wordpress.nibis.de\/gswiebru\/files\/2024\/09\/Logo_Fuchs_grau-300x292.jpg 300w\" sizes=\"auto, (max-width: 465px) 100vw, 465px\" \/><\/figure><div class=\"wp-block-media-text__content\">\n<p class=\"has-medium-font-size\">Frau Donath (aktuell in Elternzeit)<\/p>\n\n\n\n<p style=\"font-size:15px\">donath&#64;wietz&#101;&#110;&#98;&#114;&#117;&#99;&#104;&#115;&#99;&#104;&#117;&#108;&#101;&#46;&#100;&#x65;<\/p>\n<\/div><\/div>\n\n\n\n<p><\/p>\n\n\n\n<div class=\"wp-block-media-text alignwide is-stacked-on-mobile\" style=\"grid-template-columns:15% auto\"><figure class=\"wp-block-media-text__media\"><img loading=\"lazy\" decoding=\"async\" width=\"465\" height=\"453\" src=\"https:\/\/wordpress.nibis.de\/gswiebru\/files\/2024\/09\/Logo_Fuchs_grau.jpg\" alt=\"\" class=\"wp-image-786 size-full\" srcset=\"https:\/\/wordpress.nibis.de\/gswiebru\/files\/2024\/09\/Logo_Fuchs_grau.jpg 465w, https:\/\/wordpress.nibis.de\/gswiebru\/files\/2024\/09\/Logo_Fuchs_grau-300x292.jpg 300w\" sizes=\"auto, (max-width: 465px) 100vw, 465px\" \/><\/figure><div class=\"wp-block-media-text__content\">\n<p class=\"has-medium-font-size\">Frau H\u00f6ppner<\/p>\n\n\n\n<p style=\"font-size:15px\">&#104;o&#101;p&#112;n&#x65;r&#x40;w&#x69;e&#x74;z&#x65;n&#x62;r&#x75;c&#x68;s&#x63;h&#x75;&#108;&#x65;&#46;&#x64;&#101;<\/p>\n<\/div><\/div>\n\n\n\n<p><\/p>\n\n\n\n<div class=\"wp-block-media-text alignwide is-stacked-on-mobile\" style=\"grid-template-columns:15% auto\"><figure class=\"wp-block-media-text__media\"><img loading=\"lazy\" decoding=\"async\" width=\"465\" height=\"453\" src=\"https:\/\/wordpress.nibis.de\/gswiebru\/files\/2024\/09\/Logo_Fuchs_grau.jpg\" alt=\"\" class=\"wp-image-786 size-full\" srcset=\"https:\/\/wordpress.nibis.de\/gswiebru\/files\/2024\/09\/Logo_Fuchs_grau.jpg 465w, https:\/\/wordpress.nibis.de\/gswiebru\/files\/2024\/09\/Logo_Fuchs_grau-300x292.jpg 300w\" sizes=\"auto, (max-width: 465px) 100vw, 465px\" \/><\/figure><div class=\"wp-block-media-text__content\">\n<p class=\"has-medium-font-size\">Frau Jerke<\/p>\n\n\n\n<p style=\"font-size:15px\">&#106;&#101;&#x72;k&#101;&#x40;&#x77;i&#101;&#x74;&#x7a;e&#110;&#x62;&#x72;u&#99;&#x68;&#x73;c&#104;&#x75;&#x6c;e&#46;&#x64;e<\/p>\n<\/div><\/div>\n\n\n\n<p><\/p>\n\n\n\n<div class=\"wp-block-media-text alignwide is-stacked-on-mobile\" style=\"grid-template-columns:15% auto\"><figure class=\"wp-block-media-text__media\"><img loading=\"lazy\" decoding=\"async\" width=\"465\" height=\"453\" src=\"https:\/\/wordpress.nibis.de\/gswiebru\/files\/2024\/09\/Logo_Fuchs_grau.jpg\" alt=\"\" class=\"wp-image-786 size-full\" srcset=\"https:\/\/wordpress.nibis.de\/gswiebru\/files\/2024\/09\/Logo_Fuchs_grau.jpg 465w, https:\/\/wordpress.nibis.de\/gswiebru\/files\/2024\/09\/Logo_Fuchs_grau-300x292.jpg 300w\" sizes=\"auto, (max-width: 465px) 100vw, 465px\" \/><\/figure><div class=\"wp-block-media-text__content\">\n<p class=\"has-medium-font-size\">Frau Paesch<\/p>\n\n\n\n<p style=\"font-size:15px\">p&#97;&#101;&#x73;&#x63;h&#64;&#119;&#x69;&#x65;&#x74;z&#101;&#110;&#x62;&#x72;uc&#104;&#x73;&#x63;&#x68;u&#108;&#101;&#x2e;&#x64;e<\/p>\n<\/div><\/div>\n\n\n\n<p><\/p>\n\n\n\n<div class=\"wp-block-media-text alignwide is-stacked-on-mobile\" style=\"grid-template-columns:15% auto\"><figure class=\"wp-block-media-text__media\"><img loading=\"lazy\" decoding=\"async\" width=\"465\" height=\"453\" src=\"https:\/\/wordpress.nibis.de\/gswiebru\/files\/2024\/09\/Logo_Fuchs_grau.jpg\" alt=\"\" class=\"wp-image-786 size-full\" srcset=\"https:\/\/wordpress.nibis.de\/gswiebru\/files\/2024\/09\/Logo_Fuchs_grau.jpg 465w, https:\/\/wordpress.nibis.de\/gswiebru\/files\/2024\/09\/Logo_Fuchs_grau-300x292.jpg 300w\" sizes=\"auto, (max-width: 465px) 100vw, 465px\" \/><\/figure><div class=\"wp-block-media-text__content\">\n<p class=\"has-medium-font-size\">Frau da Costa Pinto<\/p>\n\n\n\n<p style=\"font-size:15px\">&#x70;&#x69;&#110;&#116;&#111;&#64;&#x77;&#x69;&#x65;&#116;&#122;en&#x62;&#x72;&#x75;&#99;&#104;s&#x63;&#x68;&#x75;&#108;&#101;&#46;d&#x65;<\/p>\n<\/div><\/div>\n\n\n\n<p><\/p>\n\n\n\n<div class=\"wp-block-media-text alignwide is-stacked-on-mobile\" style=\"grid-template-columns:15% auto\"><figure class=\"wp-block-media-text__media\"><img loading=\"lazy\" decoding=\"async\" width=\"465\" height=\"453\" src=\"https:\/\/wordpress.nibis.de\/gswiebru\/files\/2024\/09\/Logo_Fuchs_grau.jpg\" alt=\"\" class=\"wp-image-786 size-full\" srcset=\"https:\/\/wordpress.nibis.de\/gswiebru\/files\/2024\/09\/Logo_Fuchs_grau.jpg 465w, https:\/\/wordpress.nibis.de\/gswiebru\/files\/2024\/09\/Logo_Fuchs_grau-300x292.jpg 300w\" sizes=\"auto, (max-width: 465px) 100vw, 465px\" \/><\/figure><div class=\"wp-block-media-text__content\">\n<p class=\"has-medium-font-size\">Frau Rehl\u00e4nder<\/p>\n\n\n\n<p style=\"font-size:15px\">&#x72;&#101;&#x68;&#x6c;a&#x65;&#110;d&#x65;&#114;&#64;&#x77;&#105;&#x65;&#x74;z&#x65;&#110;b&#x72;&#117;c&#x68;&#115;&#x63;&#x68;&#117;&#x6c;&#x65;&#46;&#x64;&#101;<\/p>\n<\/div><\/div>\n\n\n\n<p><\/p>\n\n\n\n<p class=\"has-background\" style=\"background-color:#3c8476;font-size:2px\"><\/p>\n\n\n\n<p><\/p>\n\n\n\n<div class=\"wp-block-media-text alignwide is-stacked-on-mobile\" style=\"grid-template-columns:15% auto\"><figure class=\"wp-block-media-text__media\"><img loading=\"lazy\" decoding=\"async\" width=\"465\" height=\"453\" src=\"https:\/\/wordpress.nibis.de\/gswiebru\/files\/2024\/09\/Logo_Fuchs_grau.jpg\" alt=\"\" class=\"wp-image-786 size-full\" srcset=\"https:\/\/wordpress.nibis.de\/gswiebru\/files\/2024\/09\/Logo_Fuchs_grau.jpg 465w, https:\/\/wordpress.nibis.de\/gswiebru\/files\/2024\/09\/Logo_Fuchs_grau-300x292.jpg 300w\" sizes=\"auto, (max-width: 465px) 100vw, 465px\" \/><\/figure><div class=\"wp-block-media-text__content\">\n<p class=\"has-medium-font-size\">Frau Rost (P\u00e4dagogische Mitarbeiterin)<\/p>\n\n\n\n<p style=\"font-size:15px\">&#x72;o&#x73;&#116;&#x40;&#x77;i&#x65;&#116;&#x7a;&#x65;n&#x62;&#114;&#x75;&#x63;h&#x73;&#99;&#x68;&#x75;l&#x65;&#46;&#x64;&#x65;<\/p>\n<\/div><\/div>\n\n\n\n<p><\/p>\n","protected":false},"excerpt":{"rendered":"<p>Das Team der Grundschule Wietzenbruch besteht aus 12 aktiven Lehrerinnen (inklusive der Schulleitung und der Konrektorin), 2 Lehrerinnen in Elternzeit, 1 p\u00e4dagogischen Mitarbeiterin, der Schulverwaltungskraft und dem Haustechniker. Gemeinsam sind wir &#8222;Wietzenbrucher F\u00fcchse&#8220; ein starkes Team, das sich gegenseitig unterst\u00fctzt und erg\u00e4nzt. T\u00e4glich arbeiten wir mit unterschiedlichen Aufgaben und Professionen mit den Sch\u00fclerinnen und Sch\u00fclern. Mit Herz und p\u00e4dagogischem Handeln sind wir f\u00fcr alle Kinder unserer Schule da. Frau Krumm (komm. Schulleitung) &#x6b;r&#x75;&#109;&#x6d;&#64;w&#x69;&#101;&#x74;&#122;e&#x6e;&#98;&#x72;&#117;c&#x68;s&#x63;&#104;&#x75;&#x6c;e&#x2e;&#100;&#x65; Frau Forgber-Henkel (komm. Konrektorin) (F\u00f6rderschullehrkraft) &#x66;&#x6f;&#x72;&#x67;&#x62;&#101;&#114;&#45;&#104;enk&#x65;&#x6c;&#x40;&#x77;&#x69;&#x65;&#116;&#122;&#101;nbr&#x75;&#x63;&#x68;&#x73;&#x63;&#x68;&#117;&#108;&#101;&#46;de Frau&#8230;<\/p>\n<p class=\"read-more\"><a class=\"btn btn-default\" href=\"https:\/\/wordpress.nibis.de\/gswiebru\/kollegium\/\">Weiterlesen<span class=\"screen-reader-text\"> Weiterlesen<\/span><\/a><\/p>\n","protected":false},"author":9194369,"featured_media":0,"parent":0,"menu_order":0,"comment_status":"closed","ping_status":"closed","template":"","meta":{"footnotes":""},"class_list":["post-298","page","type-page","status-publish","hentry"],"_links":{"self":[{"href":"https:\/\/wordpress.nibis.de\/gswiebru\/wp-json\/wp\/v2\/pages\/298","targetHints":{"allow":["GET"]}}],"collection":[{"href":"https:\/\/wordpress.nibis.de\/gswiebru\/wp-json\/wp\/v2\/pages"}],"about":[{"href":"https:\/\/wordpress.nibis.de\/gswiebru\/wp-json\/wp\/v2\/types\/page"}],"author":[{"embeddable":true,"href":"https:\/\/wordpress.nibis.de\/gswiebru\/wp-json\/wp\/v2\/users\/9194369"}],"replies":[{"embeddable":true,"href":"https:\/\/wordpress.nibis.de\/gswiebru\/wp-json\/wp\/v2\/comments?post=298"}],"version-history":[{"count":52,"href":"https:\/\/wordpress.nibis.de\/gswiebru\/wp-json\/wp\/v2\/pages\/298\/revisions"}],"predecessor-version":[{"id":1540,"href":"https:\/\/wordpress.nibis.de\/gswiebru\/wp-json\/wp\/v2\/pages\/298\/revisions\/1540"}],"wp:attachment":[{"href":"https:\/\/wordpress.nibis.de\/gswiebru\/wp-json\/wp\/v2\/media?parent=298"}],"curies":[{"name":"wp","href":"https:\/\/api.w.org\/{rel}","templated":true}]}}