{"id":39,"date":"2024-07-12T22:16:02","date_gmt":"2024-07-12T20:16:02","guid":{"rendered":"https:\/\/wordpress.nibis.de\/gswiebru\/?page_id=39"},"modified":"2026-01-15T21:06:23","modified_gmt":"2026-01-15T20:06:23","slug":"ganztagsangebote","status":"publish","type":"page","link":"https:\/\/wordpress.nibis.de\/gswiebru\/ganztagsangebote\/","title":{"rendered":"Angebote im Ganztag"},"content":{"rendered":"\n<p>Folgende Angebote im Ganztag finden statt (Stand: 13.12.25):<\/p>\n\n\n\n<figure class=\"wp-block-table\"><table><thead><tr><th class=\"has-text-align-left\" data-align=\"left\">Wochentag<\/th><th class=\"has-text-align-left\" data-align=\"left\">Angebot<\/th><\/tr><\/thead><tbody><tr><td class=\"has-text-align-left\" data-align=\"left\">Montag<\/td><td class=\"has-text-align-left\" data-align=\"left\">&#8211; B\u00fccherwurm<br>&#8211; Herbstwerkstatt (im JuWi)<br>&#8211; Holzwerkstatt AG<br>&#8211; Freispiel AG<br>&#8211; Lauf AG<br>&#8211; Wettspiele AG (in der Halle)<br>&#8211; Hausaufgaben AG (f\u00fcr Jahrgang 3 und 4)<\/td><\/tr><tr><td class=\"has-text-align-left\" data-align=\"left\">Dienstag<\/td><td class=\"has-text-align-left\" data-align=\"left\">&#8211; Handball AG<br>&#8211; Freispiel AG<br>&#8211; M\u00e4dchen Club AG<br>&#8211; M\u00e4dchen Traum AG (im JuWi)<br>&#8211; Papier und Stoff AG<\/td><\/tr><tr><td class=\"has-text-align-left\" data-align=\"left\">Mittwoch<\/td><td class=\"has-text-align-left\" data-align=\"left\">&#8211; &#8222;Aus Alt mach Neu&#8220; AG<br>&#8211; Chor<br>&#8211; Entdecker AG (im JuWi)<br>&#8211; Freispiel AG<br>&#8211; Fu\u00dfball AG<br>&#8211; Lego AG<br>&#8211; Spiele AG<br>&#8211; Tanz AG<\/td><\/tr><tr><td class=\"has-text-align-left\" data-align=\"left\">Donnerstag<\/td><td class=\"has-text-align-left\" data-align=\"left\">&#8211; Die Stammgruppen bleiben unter sich.<br>&#8211; Hausaufgaben AG (f\u00fcr Jahrgang 4)<br>&#8211; Freispiel AG<\/td><\/tr><\/tbody><\/table><\/figure>\n\n\n\n<p><\/p>\n\n\n\n<figure class=\"wp-block-image size-large\"><img loading=\"lazy\" decoding=\"async\" width=\"1024\" height=\"511\" src=\"https:\/\/wordpress.nibis.de\/gswiebru\/files\/2025\/02\/Ganztagsangebote_02_2025-1024x511.jpg\" alt=\"\" class=\"wp-image-1018\" srcset=\"https:\/\/wordpress.nibis.de\/gswiebru\/files\/2025\/02\/Ganztagsangebote_02_2025-1024x511.jpg 1024w, https:\/\/wordpress.nibis.de\/gswiebru\/files\/2025\/02\/Ganztagsangebote_02_2025-300x150.jpg 300w, https:\/\/wordpress.nibis.de\/gswiebru\/files\/2025\/02\/Ganztagsangebote_02_2025-768x383.jpg 768w, https:\/\/wordpress.nibis.de\/gswiebru\/files\/2025\/02\/Ganztagsangebote_02_2025-1536x766.jpg 1536w, https:\/\/wordpress.nibis.de\/gswiebru\/files\/2025\/02\/Ganztagsangebote_02_2025-2048x1021.jpg 2048w\" sizes=\"auto, (max-width: 1024px) 100vw, 1024px\" \/><\/figure>\n","protected":false},"excerpt":{"rendered":"<p>Folgende Angebote im Ganztag finden statt (Stand: 13.12.25): Wochentag Angebot Montag &#8211; B\u00fccherwurm&#8211; Herbstwerkstatt (im JuWi)&#8211; Holzwerkstatt AG&#8211; Freispiel AG&#8211; Lauf AG&#8211; Wettspiele AG (in der Halle)&#8211; Hausaufgaben AG (f\u00fcr Jahrgang 3 und 4) Dienstag &#8211; Handball AG&#8211; Freispiel AG&#8211; M\u00e4dchen Club AG&#8211; M\u00e4dchen Traum AG (im JuWi)&#8211; Papier und Stoff AG Mittwoch &#8211; &#8222;Aus Alt mach Neu&#8220; AG&#8211; Chor&#8211; Entdecker AG (im JuWi)&#8211; Freispiel AG&#8211; Fu\u00dfball AG&#8211; Lego AG&#8211; Spiele AG&#8211; Tanz AG Donnerstag &#8211; Die Stammgruppen bleiben unter&#8230;<\/p>\n<p class=\"read-more\"><a class=\"btn btn-default\" href=\"https:\/\/wordpress.nibis.de\/gswiebru\/ganztagsangebote\/\">Weiterlesen<span class=\"screen-reader-text\"> Weiterlesen<\/span><\/a><\/p>\n","protected":false},"author":9194369,"featured_media":0,"parent":0,"menu_order":0,"comment_status":"closed","ping_status":"closed","template":"","meta":{"footnotes":""},"class_list":["post-39","page","type-page","status-publish","hentry"],"_links":{"self":[{"href":"https:\/\/wordpress.nibis.de\/gswiebru\/wp-json\/wp\/v2\/pages\/39","targetHints":{"allow":["GET"]}}],"collection":[{"href":"https:\/\/wordpress.nibis.de\/gswiebru\/wp-json\/wp\/v2\/pages"}],"about":[{"href":"https:\/\/wordpress.nibis.de\/gswiebru\/wp-json\/wp\/v2\/types\/page"}],"author":[{"embeddable":true,"href":"https:\/\/wordpress.nibis.de\/gswiebru\/wp-json\/wp\/v2\/users\/9194369"}],"replies":[{"embeddable":true,"href":"https:\/\/wordpress.nibis.de\/gswiebru\/wp-json\/wp\/v2\/comments?post=39"}],"version-history":[{"count":32,"href":"https:\/\/wordpress.nibis.de\/gswiebru\/wp-json\/wp\/v2\/pages\/39\/revisions"}],"predecessor-version":[{"id":1386,"href":"https:\/\/wordpress.nibis.de\/gswiebru\/wp-json\/wp\/v2\/pages\/39\/revisions\/1386"}],"wp:attachment":[{"href":"https:\/\/wordpress.nibis.de\/gswiebru\/wp-json\/wp\/v2\/media?parent=39"}],"curies":[{"name":"wp","href":"https:\/\/api.w.org\/{rel}","templated":true}]}}