{"id":41,"date":"2024-07-12T22:14:46","date_gmt":"2024-07-12T20:14:46","guid":{"rendered":"https:\/\/wordpress.nibis.de\/gswiebru\/?page_id=41"},"modified":"2026-02-10T18:26:11","modified_gmt":"2026-02-10T17:26:11","slug":"buecherei","status":"publish","type":"page","link":"https:\/\/wordpress.nibis.de\/gswiebru\/buecherei\/","title":{"rendered":"B\u00fccherei"},"content":{"rendered":"\n<p>Jeden Freitag von 9:00 \u2013 11:40 Uhr k\u00f6nnen die Sch\u00fclerinnen und Sch\u00fcler der Wietzenbruchschule mit einem <strong>B\u00fcchereiausweis<\/strong>, den sie von ihrer Klassenlehrerin erhalten, B\u00fccher ausleihen.<\/p>\n\n\n\n<p>Die <strong>Ausleihfrist <\/strong>betr\u00e4gt <strong>2 Wochen<\/strong>, kann aber verl\u00e4ngert werden.<\/p>\n\n\n\n<p>Schon vor Jahren entwickelte Frau Barbara Mundt, damals Elternrats\u00advorsitzende, eigens f\u00fcr unsere Schule ein EDV-Programm f\u00fcr die Verwaltung der B\u00fccherausleihe. Inzwischen wurde der in die Jahre gekommene Computer durch einen neueren ersetzt und dabei das System um einen Barcodescanner erg\u00e4nzt. Das B\u00fcchereisystem wurde dabei auf OpenBiblio, ein frei benutzbares Bibliothekensystem, umgestellt.<\/p>\n\n\n\n<p>Im Anschluss wurden alle B\u00fccher und Medien in wochenlanger Arbeit von au\u00dferordentlich engagierten M\u00fcttern mit einem Scancode versehen und neu katalogisiert.<\/p>\n\n\n\n<p>Das Angebot wurde stetig um zeitgem\u00e4\u00dfe B\u00fccher, wie&nbsp;zum Beispiel&nbsp;Paluten und Pokemon,&nbsp;erneuert und erweitert.<\/p>\n\n\n\n<p>Die Ausleihe der B\u00fccher, aber auch Anschaffung und Bereitstellung neuer B\u00fccher, verdanken wir noch immer engagierten&nbsp; M\u00fcttern unserer Schule. <br>Vielen Dank daf\u00fcr!!! \ud83d\ude42<\/p>\n\n\n\n<figure class=\"wp-block-gallery has-nested-images columns-default is-cropped wp-block-gallery-1 is-layout-flex wp-block-gallery-is-layout-flex\">\n<figure class=\"wp-block-image size-large\"><img loading=\"lazy\" decoding=\"async\" width=\"1024\" height=\"503\" data-id=\"460\" src=\"https:\/\/wordpress.nibis.de\/gswiebru\/files\/2024\/07\/Buecherei_1-1024x503.jpg\" alt=\"\" class=\"wp-image-460\" srcset=\"https:\/\/wordpress.nibis.de\/gswiebru\/files\/2024\/07\/Buecherei_1-1024x503.jpg 1024w, https:\/\/wordpress.nibis.de\/gswiebru\/files\/2024\/07\/Buecherei_1-300x147.jpg 300w, https:\/\/wordpress.nibis.de\/gswiebru\/files\/2024\/07\/Buecherei_1-768x377.jpg 768w, https:\/\/wordpress.nibis.de\/gswiebru\/files\/2024\/07\/Buecherei_1-1536x754.jpg 1536w, https:\/\/wordpress.nibis.de\/gswiebru\/files\/2024\/07\/Buecherei_1-2048x1006.jpg 2048w\" sizes=\"auto, (max-width: 1024px) 100vw, 1024px\" \/><\/figure>\n\n\n\n<figure class=\"wp-block-image size-large\"><img loading=\"lazy\" decoding=\"async\" width=\"1024\" height=\"503\" data-id=\"461\" src=\"https:\/\/wordpress.nibis.de\/gswiebru\/files\/2024\/07\/Buecherei_2-1-1024x503.jpg\" alt=\"\" class=\"wp-image-461\" srcset=\"https:\/\/wordpress.nibis.de\/gswiebru\/files\/2024\/07\/Buecherei_2-1-1024x503.jpg 1024w, https:\/\/wordpress.nibis.de\/gswiebru\/files\/2024\/07\/Buecherei_2-1-300x147.jpg 300w, https:\/\/wordpress.nibis.de\/gswiebru\/files\/2024\/07\/Buecherei_2-1-768x377.jpg 768w, https:\/\/wordpress.nibis.de\/gswiebru\/files\/2024\/07\/Buecherei_2-1-1536x754.jpg 1536w, https:\/\/wordpress.nibis.de\/gswiebru\/files\/2024\/07\/Buecherei_2-1-2048x1005.jpg 2048w\" sizes=\"auto, (max-width: 1024px) 100vw, 1024px\" \/><\/figure>\n\n\n\n<figure class=\"wp-block-image size-large\"><img loading=\"lazy\" decoding=\"async\" width=\"1024\" height=\"502\" data-id=\"462\" src=\"https:\/\/wordpress.nibis.de\/gswiebru\/files\/2024\/07\/Buecherei_3-1024x502.jpg\" alt=\"\" class=\"wp-image-462\" srcset=\"https:\/\/wordpress.nibis.de\/gswiebru\/files\/2024\/07\/Buecherei_3-1024x502.jpg 1024w, https:\/\/wordpress.nibis.de\/gswiebru\/files\/2024\/07\/Buecherei_3-300x147.jpg 300w, https:\/\/wordpress.nibis.de\/gswiebru\/files\/2024\/07\/Buecherei_3-768x377.jpg 768w, https:\/\/wordpress.nibis.de\/gswiebru\/files\/2024\/07\/Buecherei_3-1536x754.jpg 1536w, https:\/\/wordpress.nibis.de\/gswiebru\/files\/2024\/07\/Buecherei_3-2048x1005.jpg 2048w\" sizes=\"auto, (max-width: 1024px) 100vw, 1024px\" \/><\/figure>\n<\/figure>\n\n\n\n<p><\/p>\n\n\n\n<p><\/p>\n\n\n\n<p><strong><span class=\"underline\" style=\"text-decoration: underline\">B\u00fcchereizeiten<\/span> <\/strong>(Stand: 06.02.26)<\/p>\n\n\n\n<figure class=\"wp-block-table\"><table><thead><tr><th>Stunde<\/th><th>Uhrzeit<\/th><th>Klasse<\/th><\/tr><\/thead><tbody><tr><td>2. <\/td><td>9:00 &#8211; 9:15 Uhr<\/td><td>3b<\/td><\/tr><tr><td>2. <\/td><td>9:15 &#8211; 9:30 Uhr <\/td><td>4a<\/td><\/tr><tr><td>Pause<\/td><td>9:40 &#8211; 10:05 Uhr<\/td><td><\/td><\/tr><tr><td>3.<\/td><td>10:10 &#8211; 10:25 Uhr<\/td><td>3a<\/td><\/tr><tr><td>3.<\/td><td>10:25 &#8211; 10:40 Uhr<\/td><td>4c<\/td><\/tr><tr><td>3.<\/td><td>10:40 &#8211; 10:55 Uhr<\/td><td>1a \/ 1b<\/td><\/tr><tr><td>4.<\/td><td>10:55 &#8211; 11:10 Uhr<\/td><td>2a<\/td><\/tr><tr><td>4.<\/td><td>11:10 &#8211; 11:25 Uhr<\/td><td>2b<\/td><\/tr><tr><td>4.<\/td><td>11:25 &#8211; 11:40 Uhr<\/td><td>4b<\/td><\/tr><\/tbody><\/table><\/figure>\n","protected":false},"excerpt":{"rendered":"<p>Jeden Freitag von 9:00 \u2013 11:40 Uhr k\u00f6nnen die Sch\u00fclerinnen und Sch\u00fcler der Wietzenbruchschule mit einem B\u00fcchereiausweis, den sie von ihrer Klassenlehrerin erhalten, B\u00fccher ausleihen. Die Ausleihfrist betr\u00e4gt 2 Wochen, kann aber verl\u00e4ngert werden. Schon vor Jahren entwickelte Frau Barbara Mundt, damals Elternrats\u00advorsitzende, eigens f\u00fcr unsere Schule ein EDV-Programm f\u00fcr die Verwaltung der B\u00fccherausleihe. Inzwischen wurde der in die Jahre gekommene Computer durch einen neueren ersetzt und dabei das System um einen Barcodescanner erg\u00e4nzt. Das B\u00fcchereisystem wurde dabei auf OpenBiblio,&#8230;<\/p>\n<p class=\"read-more\"><a class=\"btn btn-default\" href=\"https:\/\/wordpress.nibis.de\/gswiebru\/buecherei\/\">Weiterlesen<span class=\"screen-reader-text\"> Weiterlesen<\/span><\/a><\/p>\n","protected":false},"author":9194369,"featured_media":0,"parent":0,"menu_order":0,"comment_status":"closed","ping_status":"closed","template":"","meta":{"footnotes":""},"class_list":["post-41","page","type-page","status-publish","hentry"],"_links":{"self":[{"href":"https:\/\/wordpress.nibis.de\/gswiebru\/wp-json\/wp\/v2\/pages\/41","targetHints":{"allow":["GET"]}}],"collection":[{"href":"https:\/\/wordpress.nibis.de\/gswiebru\/wp-json\/wp\/v2\/pages"}],"about":[{"href":"https:\/\/wordpress.nibis.de\/gswiebru\/wp-json\/wp\/v2\/types\/page"}],"author":[{"embeddable":true,"href":"https:\/\/wordpress.nibis.de\/gswiebru\/wp-json\/wp\/v2\/users\/9194369"}],"replies":[{"embeddable":true,"href":"https:\/\/wordpress.nibis.de\/gswiebru\/wp-json\/wp\/v2\/comments?post=41"}],"version-history":[{"count":24,"href":"https:\/\/wordpress.nibis.de\/gswiebru\/wp-json\/wp\/v2\/pages\/41\/revisions"}],"predecessor-version":[{"id":1466,"href":"https:\/\/wordpress.nibis.de\/gswiebru\/wp-json\/wp\/v2\/pages\/41\/revisions\/1466"}],"wp:attachment":[{"href":"https:\/\/wordpress.nibis.de\/gswiebru\/wp-json\/wp\/v2\/media?parent=41"}],"curies":[{"name":"wp","href":"https:\/\/api.w.org\/{rel}","templated":true}]}}