{"id":425,"date":"2024-07-29T14:08:29","date_gmt":"2024-07-29T12:08:29","guid":{"rendered":"https:\/\/wordpress.nibis.de\/gswiebru\/?page_id=425"},"modified":"2025-08-04T18:27:30","modified_gmt":"2025-08-04T16:27:30","slug":"downloads","status":"publish","type":"page","link":"https:\/\/wordpress.nibis.de\/gswiebru\/downloads\/","title":{"rendered":"Downloads"},"content":{"rendered":"\n<p>Hier finden Sie einige Dokumente zum Herunterladen:<\/p>\n\n\n\n<ul class=\"wp-block-list\"><li>Schulbuchleasing (Schuljahr 2025\/2026)<\/li><li>Materiallisten Jahrgang 1-4 (Schuljahr 2025\/2026)<\/li><li>Einwilligungserkl\u00e4rung bez\u00fcglich der Datenschutzverordnung DSGVO<\/li><li>Ver\u00e4nderungsanzeige<\/li><\/ul>\n\n\n\n<p><strong>Bitte beachten Sie, dass die Materiallisten und die Kosten f\u00fcr das Leasing j\u00e4hrlich variieren (k\u00f6nnen)! <\/strong><\/p>\n\n\n\n<div data-wp-interactive=\"core\/file\" class=\"wp-block-file\"><object data-wp-bind--hidden=\"!state.hasPdfPreview\" hidden class=\"wp-block-file__embed\" data=\"https:\/\/wordpress.nibis.de\/gswiebru\/files\/2025\/08\/Schulbuch-Leasing_GS-Wietzenbruch_2025_2026.pdf\" type=\"application\/pdf\" style=\"width:100%;height:600px\" aria-label=\"Einbettung von Einbettung von Schulbuch-Leasing_GS-Wietzenbruch_2025_2026..\"><\/object><a id=\"wp-block-file--media-3f34e226-4e6f-4e37-b8d6-9bebf2b021c4\" href=\"https:\/\/wordpress.nibis.de\/gswiebru\/files\/2025\/08\/Schulbuch-Leasing_GS-Wietzenbruch_2025_2026.pdf\">Schulbuch-Leasing_GS-Wietzenbruch_2025_2026<\/a><a href=\"https:\/\/wordpress.nibis.de\/gswiebru\/files\/2025\/08\/Schulbuch-Leasing_GS-Wietzenbruch_2025_2026.pdf\" class=\"wp-block-file__button\" download aria-describedby=\"wp-block-file--media-3f34e226-4e6f-4e37-b8d6-9bebf2b021c4\">Herunterladen<\/a><\/div>\n\n\n\n<div data-wp-interactive=\"core\/file\" class=\"wp-block-file\"><object data-wp-bind--hidden=\"!state.hasPdfPreview\" hidden class=\"wp-block-file__embed\" data=\"https:\/\/wordpress.nibis.de\/gswiebru\/files\/2025\/08\/Materialliste_GS-Wietzenbruch_Jahrgang-1_Schuljahr-2025_2026.pdf\" type=\"application\/pdf\" style=\"width:100%;height:600px\" aria-label=\"Einbettung von Einbettung von Materialliste_GS-Wietzenbruch_Jahrgang-1_Schuljahr-2025_2026..\"><\/object><a id=\"wp-block-file--media-9bf6f1e1-b02c-4c1d-a777-fccd0b378e93\" href=\"https:\/\/wordpress.nibis.de\/gswiebru\/files\/2025\/08\/Materialliste_GS-Wietzenbruch_Jahrgang-1_Schuljahr-2025_2026.pdf\">Materialliste_GS-Wietzenbruch_Jahrgang-1_Schuljahr-2025_2026<\/a><a href=\"https:\/\/wordpress.nibis.de\/gswiebru\/files\/2025\/08\/Materialliste_GS-Wietzenbruch_Jahrgang-1_Schuljahr-2025_2026.pdf\" class=\"wp-block-file__button\" download aria-describedby=\"wp-block-file--media-9bf6f1e1-b02c-4c1d-a777-fccd0b378e93\">Herunterladen<\/a><\/div>\n\n\n\n<div data-wp-interactive=\"core\/file\" class=\"wp-block-file\"><object data-wp-bind--hidden=\"!state.hasPdfPreview\" hidden class=\"wp-block-file__embed\" data=\"https:\/\/wordpress.nibis.de\/gswiebru\/files\/2025\/08\/Materialliste_GS-Wietzenbruch_Klasse-2a_Schuljahr-2025_2026.pdf\" type=\"application\/pdf\" style=\"width:100%;height:600px\" aria-label=\"Einbettung von Einbettung von Materialliste_GS-Wietzenbruch_Klasse-2a_Schuljahr-2025_2026..\"><\/object><a id=\"wp-block-file--media-a7eb476e-87d1-4f65-b50a-56578b7cb339\" href=\"https:\/\/wordpress.nibis.de\/gswiebru\/files\/2025\/08\/Materialliste_GS-Wietzenbruch_Klasse-2a_Schuljahr-2025_2026.pdf\">Materialliste_GS-Wietzenbruch_Klasse-2a_Schuljahr-2025_2026<\/a><a href=\"https:\/\/wordpress.nibis.de\/gswiebru\/files\/2025\/08\/Materialliste_GS-Wietzenbruch_Klasse-2a_Schuljahr-2025_2026.pdf\" class=\"wp-block-file__button\" download aria-describedby=\"wp-block-file--media-a7eb476e-87d1-4f65-b50a-56578b7cb339\">Herunterladen<\/a><\/div>\n\n\n\n<div data-wp-interactive=\"core\/file\" class=\"wp-block-file\"><object data-wp-bind--hidden=\"!state.hasPdfPreview\" hidden class=\"wp-block-file__embed\" data=\"https:\/\/wordpress.nibis.de\/gswiebru\/files\/2025\/08\/Materialliste_GS-Wietzenbruch_Klasse-2b_Schuljahr-2025_2026.pdf\" type=\"application\/pdf\" style=\"width:100%;height:600px\" aria-label=\"Einbettung von Einbettung von Materialliste_GS-Wietzenbruch_Klasse-2b_Schuljahr-2025_2026..\"><\/object><a id=\"wp-block-file--media-b3631d5b-86ce-4446-a847-324cd11f99a6\" href=\"https:\/\/wordpress.nibis.de\/gswiebru\/files\/2025\/08\/Materialliste_GS-Wietzenbruch_Klasse-2b_Schuljahr-2025_2026.pdf\">Materialliste_GS-Wietzenbruch_Klasse-2b_Schuljahr-2025_2026<\/a><a href=\"https:\/\/wordpress.nibis.de\/gswiebru\/files\/2025\/08\/Materialliste_GS-Wietzenbruch_Klasse-2b_Schuljahr-2025_2026.pdf\" class=\"wp-block-file__button\" download aria-describedby=\"wp-block-file--media-b3631d5b-86ce-4446-a847-324cd11f99a6\">Herunterladen<\/a><\/div>\n\n\n\n<div data-wp-interactive=\"core\/file\" class=\"wp-block-file\"><object data-wp-bind--hidden=\"!state.hasPdfPreview\" hidden class=\"wp-block-file__embed\" data=\"https:\/\/wordpress.nibis.de\/gswiebru\/files\/2025\/08\/Materialliste_GS-Wietzenbruch_Jahrgang-3_Schuljahr-2025_2026.pdf\" type=\"application\/pdf\" style=\"width:100%;height:600px\" aria-label=\"Einbettung von Einbettung von Materialliste_GS-Wietzenbruch_Jahrgang-3_Schuljahr-2025_2026..\"><\/object><a id=\"wp-block-file--media-24c322d9-8db4-4457-8c2b-27e5b8b4f94a\" href=\"https:\/\/wordpress.nibis.de\/gswiebru\/files\/2025\/08\/Materialliste_GS-Wietzenbruch_Jahrgang-3_Schuljahr-2025_2026.pdf\">Materialliste_GS-Wietzenbruch_Jahrgang-3_Schuljahr-2025_2026<\/a><a href=\"https:\/\/wordpress.nibis.de\/gswiebru\/files\/2025\/08\/Materialliste_GS-Wietzenbruch_Jahrgang-3_Schuljahr-2025_2026.pdf\" class=\"wp-block-file__button\" download aria-describedby=\"wp-block-file--media-24c322d9-8db4-4457-8c2b-27e5b8b4f94a\">Herunterladen<\/a><\/div>\n\n\n\n<div data-wp-interactive=\"core\/file\" class=\"wp-block-file\"><object data-wp-bind--hidden=\"!state.hasPdfPreview\" hidden class=\"wp-block-file__embed\" data=\"https:\/\/wordpress.nibis.de\/gswiebru\/files\/2025\/08\/Materialliste_GS-Wietzenbruch_Jahrgang-4_Schuljahr-2025_2026.pdf\" type=\"application\/pdf\" style=\"width:100%;height:600px\" aria-label=\"Einbettung von Einbettung von Materialliste_GS-Wietzenbruch_Jahrgang-4_Schuljahr-2025_2026..\"><\/object><a id=\"wp-block-file--media-c3e3239d-8c9c-4526-a78e-a3a106ac5970\" href=\"https:\/\/wordpress.nibis.de\/gswiebru\/files\/2025\/08\/Materialliste_GS-Wietzenbruch_Jahrgang-4_Schuljahr-2025_2026.pdf\">Materialliste_GS-Wietzenbruch_Jahrgang-4_Schuljahr-2025_2026<\/a><a href=\"https:\/\/wordpress.nibis.de\/gswiebru\/files\/2025\/08\/Materialliste_GS-Wietzenbruch_Jahrgang-4_Schuljahr-2025_2026.pdf\" class=\"wp-block-file__button\" download aria-describedby=\"wp-block-file--media-c3e3239d-8c9c-4526-a78e-a3a106ac5970\">Herunterladen<\/a><\/div>\n\n\n\n<div data-wp-interactive=\"core\/file\" class=\"wp-block-file\"><object data-wp-bind--hidden=\"!state.hasPdfPreview\" hidden class=\"wp-block-file__embed\" data=\"https:\/\/wordpress.nibis.de\/gswiebru\/files\/2024\/08\/Einwilligungserklaerung-bezueglich-der-Datenschutzverordnung-DSGVO_Formular_GS-Wietzenbruch.pdf\" type=\"application\/pdf\" style=\"width:100%;height:600px\" aria-label=\"Einbettung von Einbettung von Einwilligungserklaerung-bezueglich-der-Datenschutzverordnung-DSGVO_Formular_GS-Wietzenbruch..\"><\/object><a id=\"wp-block-file--media-39822e6f-6949-42a9-afab-4e3bf7d7826a\" href=\"https:\/\/wordpress.nibis.de\/gswiebru\/files\/2024\/08\/Einwilligungserklaerung-bezueglich-der-Datenschutzverordnung-DSGVO_Formular_GS-Wietzenbruch.pdf\">Einwilligungserklaerung-bezueglich-der-Datenschutzverordnung-DSGVO_Formular_GS-Wietzenbruch<\/a><a href=\"https:\/\/wordpress.nibis.de\/gswiebru\/files\/2024\/08\/Einwilligungserklaerung-bezueglich-der-Datenschutzverordnung-DSGVO_Formular_GS-Wietzenbruch.pdf\" class=\"wp-block-file__button\" download aria-describedby=\"wp-block-file--media-39822e6f-6949-42a9-afab-4e3bf7d7826a\">Herunterladen<\/a><\/div>\n\n\n\n<div data-wp-interactive=\"core\/file\" class=\"wp-block-file\"><object data-wp-bind--hidden=\"!state.hasPdfPreview\" hidden class=\"wp-block-file__embed\" data=\"https:\/\/wordpress.nibis.de\/gswiebru\/files\/2024\/08\/Veraenderungsanzeige_GS-Wietzenbruch.pdf\" type=\"application\/pdf\" style=\"width:100%;height:600px\" aria-label=\"Einbettung von Einbettung von Veraenderungsanzeige_GS-Wietzenbruch..\"><\/object><a id=\"wp-block-file--media-e52d3177-6e09-4d84-b8e3-f6eb938b9ed0\" href=\"https:\/\/wordpress.nibis.de\/gswiebru\/files\/2024\/08\/Veraenderungsanzeige_GS-Wietzenbruch.pdf\">Veraenderungsanzeige_GS-Wietzenbruch<\/a><a href=\"https:\/\/wordpress.nibis.de\/gswiebru\/files\/2024\/08\/Veraenderungsanzeige_GS-Wietzenbruch.pdf\" class=\"wp-block-file__button\" download aria-describedby=\"wp-block-file--media-e52d3177-6e09-4d84-b8e3-f6eb938b9ed0\">Herunterladen<\/a><\/div>\n","protected":false},"excerpt":{"rendered":"<p>Hier finden Sie einige Dokumente zum Herunterladen: Schulbuchleasing (Schuljahr 2025\/2026) Materiallisten Jahrgang 1-4 (Schuljahr 2025\/2026) Einwilligungserkl\u00e4rung bez\u00fcglich der Datenschutzverordnung DSGVO Ver\u00e4nderungsanzeige Bitte beachten Sie, dass die Materiallisten und die Kosten f\u00fcr das Leasing j\u00e4hrlich variieren (k\u00f6nnen)!<\/p>\n","protected":false},"author":9194369,"featured_media":0,"parent":0,"menu_order":0,"comment_status":"closed","ping_status":"closed","template":"","meta":{"footnotes":""},"class_list":["post-425","page","type-page","status-publish","hentry"],"_links":{"self":[{"href":"https:\/\/wordpress.nibis.de\/gswiebru\/wp-json\/wp\/v2\/pages\/425","targetHints":{"allow":["GET"]}}],"collection":[{"href":"https:\/\/wordpress.nibis.de\/gswiebru\/wp-json\/wp\/v2\/pages"}],"about":[{"href":"https:\/\/wordpress.nibis.de\/gswiebru\/wp-json\/wp\/v2\/types\/page"}],"author":[{"embeddable":true,"href":"https:\/\/wordpress.nibis.de\/gswiebru\/wp-json\/wp\/v2\/users\/9194369"}],"replies":[{"embeddable":true,"href":"https:\/\/wordpress.nibis.de\/gswiebru\/wp-json\/wp\/v2\/comments?post=425"}],"version-history":[{"count":19,"href":"https:\/\/wordpress.nibis.de\/gswiebru\/wp-json\/wp\/v2\/pages\/425\/revisions"}],"predecessor-version":[{"id":1120,"href":"https:\/\/wordpress.nibis.de\/gswiebru\/wp-json\/wp\/v2\/pages\/425\/revisions\/1120"}],"wp:attachment":[{"href":"https:\/\/wordpress.nibis.de\/gswiebru\/wp-json\/wp\/v2\/media?parent=425"}],"curies":[{"name":"wp","href":"https:\/\/api.w.org\/{rel}","templated":true}]}}