{"id":43,"date":"2024-07-14T11:50:01","date_gmt":"2024-07-14T09:50:01","guid":{"rendered":"https:\/\/wordpress.nibis.de\/gswiebru\/?page_id=43"},"modified":"2024-09-17T17:41:40","modified_gmt":"2024-09-17T15:41:40","slug":"konfliktlotsen","status":"publish","type":"page","link":"https:\/\/wordpress.nibis.de\/gswiebru\/konfliktlotsen\/","title":{"rendered":"Konfliktlotsen"},"content":{"rendered":"\n<p>Seit dem Schuljahr 2001\/2002 werden an der Grundschule Wietzenbruch (damals GHS) Sch\u00fcler*innen zu Konfliktlotsen*innen<em> <\/em>(oder auch Streitschlichter*innen bzw. Mediatoren*innen) ausgebildet. Sie helfen Kindern, die zerstritten sind eine friedliche L\u00f6sung f\u00fcr ihren Konflikt zu finden. Sie sind keine Schiedsrichter, Richter oder gar Hilfspolizisten, sondern nur geschickte Helfer*innen der beiden streitenden Personen. Ziel einer Streitschlichtung ist immer eine \u201ewin \u2013 win\u201c L\u00f6sung, also eine L\u00f6sung bei der es keinen Verlierer gibt. Die Streitenden sollen am Ende des Gespr\u00e4ches beide zufrieden sein.<br><br>Die Konfliktlotsen*innen werden hierf\u00fcr <strong>ein Schuljahr lang, einmal w\u00f6chentlich, ausgebildet<\/strong> und auf ihre T\u00e4tigkeit vorbereitet. Das Angebot richtet sich an alle Sch\u00fcler*innen der 3. Klassen. F\u00fcr einige Durchg\u00e4nge haben wir es geschafft eine Fahrt zu organisieren, auf der die Teamfindung und gute Zusammenarbeit im Mittelpunkt steht. Weil Konfliktlotsen*innen immer im Team arbeiten ist das besonders wichtig! Zum Schluss der Ausbildung erhalten die ausgebildeten Konfliktlotsen*innen eine Teilnahmebest\u00e4tigung \u00fcber die Ausbildung oder ein <strong>Zertifikat<\/strong>. Die Konfliktlotsen*innen mit einem Zertifikat k\u00f6nnen sich dann entscheiden, ob sie einen Dienst im Konfliktlotsenhaus \u00fcbernehmen m\u00f6chten.<\/p>\n\n\n\n<div class=\"wp-block-image\"><figure class=\"aligncenter size-full is-resized\"><img loading=\"lazy\" decoding=\"async\" src=\"https:\/\/wordpress.nibis.de\/gswiebru\/files\/2024\/07\/Konfliktlotsenhaus_klein-3.jpg\" alt=\"\" class=\"wp-image-471\" width=\"532\" height=\"366\" srcset=\"https:\/\/wordpress.nibis.de\/gswiebru\/files\/2024\/07\/Konfliktlotsenhaus_klein-3.jpg 709w, https:\/\/wordpress.nibis.de\/gswiebru\/files\/2024\/07\/Konfliktlotsenhaus_klein-3-300x206.jpg 300w\" sizes=\"auto, (max-width: 532px) 100vw, 532px\" \/><\/figure><\/div>\n","protected":false},"excerpt":{"rendered":"<p>Seit dem Schuljahr 2001\/2002 werden an der Grundschule Wietzenbruch (damals GHS) Sch\u00fcler*innen zu Konfliktlotsen*innen (oder auch Streitschlichter*innen bzw. Mediatoren*innen) ausgebildet. Sie helfen Kindern, die zerstritten sind eine friedliche L\u00f6sung f\u00fcr ihren Konflikt zu finden. Sie sind keine Schiedsrichter, Richter oder gar Hilfspolizisten, sondern nur geschickte Helfer*innen der beiden streitenden Personen. Ziel einer Streitschlichtung ist immer eine \u201ewin \u2013 win\u201c L\u00f6sung, also eine L\u00f6sung bei der es keinen Verlierer gibt. Die Streitenden sollen am Ende des Gespr\u00e4ches beide zufrieden sein. Die&#8230;<\/p>\n<p class=\"read-more\"><a class=\"btn btn-default\" href=\"https:\/\/wordpress.nibis.de\/gswiebru\/konfliktlotsen\/\">Weiterlesen<span class=\"screen-reader-text\"> Weiterlesen<\/span><\/a><\/p>\n","protected":false},"author":9194369,"featured_media":0,"parent":0,"menu_order":0,"comment_status":"closed","ping_status":"closed","template":"","meta":{"footnotes":""},"class_list":["post-43","page","type-page","status-publish","hentry"],"_links":{"self":[{"href":"https:\/\/wordpress.nibis.de\/gswiebru\/wp-json\/wp\/v2\/pages\/43","targetHints":{"allow":["GET"]}}],"collection":[{"href":"https:\/\/wordpress.nibis.de\/gswiebru\/wp-json\/wp\/v2\/pages"}],"about":[{"href":"https:\/\/wordpress.nibis.de\/gswiebru\/wp-json\/wp\/v2\/types\/page"}],"author":[{"embeddable":true,"href":"https:\/\/wordpress.nibis.de\/gswiebru\/wp-json\/wp\/v2\/users\/9194369"}],"replies":[{"embeddable":true,"href":"https:\/\/wordpress.nibis.de\/gswiebru\/wp-json\/wp\/v2\/comments?post=43"}],"version-history":[{"count":9,"href":"https:\/\/wordpress.nibis.de\/gswiebru\/wp-json\/wp\/v2\/pages\/43\/revisions"}],"predecessor-version":[{"id":878,"href":"https:\/\/wordpress.nibis.de\/gswiebru\/wp-json\/wp\/v2\/pages\/43\/revisions\/878"}],"wp:attachment":[{"href":"https:\/\/wordpress.nibis.de\/gswiebru\/wp-json\/wp\/v2\/media?parent=43"}],"curies":[{"name":"wp","href":"https:\/\/api.w.org\/{rel}","templated":true}]}}