{"id":45,"date":"2024-07-14T11:49:49","date_gmt":"2024-07-14T09:49:49","guid":{"rendered":"https:\/\/wordpress.nibis.de\/gswiebru\/?page_id=45"},"modified":"2024-11-01T12:06:47","modified_gmt":"2024-11-01T11:06:47","slug":"schulobst","status":"publish","type":"page","link":"https:\/\/wordpress.nibis.de\/gswiebru\/schulobst\/","title":{"rendered":"Obst und Gem\u00fcse"},"content":{"rendered":"\n<p>Die Grundschule Wietzenbruch nimmt am &#8222;<strong>EU-Programm Niedersachsen_Obst, Gem\u00fcse und Milch f\u00fcr Kindertageseinrichtungen &amp; Schulen<\/strong>&#8220; teil. Damit m\u00f6chten wir einen Teil zur gesunden Ern\u00e4hrung unserer Kinder beitragen. Im Zuge des Programms erh\u00e4lt die Grundschule kostenfrei Obst und Gem\u00fcse aus \u00f6kologischem Anbau. <\/p>\n\n\n\n<p>Die Lieferung erfolgt aktuell <strong>1x w\u00f6chentlich<\/strong> (montags). Sollte es in einer Schulwoche unterrichtsfreie Tage geben, so variiert oder pausiert die Lieferung.<\/p>\n\n\n\n<p>Jede Klasse erh\u00e4lt eine Kiste. Die anzunehmende Menge pro Kind und Verzehrtag liegt bei 85g bis 100g. Gemeinsam im Klassenverband wird dann das Obst und Gem\u00fcse verzehrt. <\/p>\n\n\n\n<div class=\"wp-block-image\"><figure class=\"aligncenter size-full is-resized\"><img loading=\"lazy\" decoding=\"async\" src=\"https:\/\/wordpress.nibis.de\/gswiebru\/files\/2024\/11\/Schulobst.jpg\" alt=\"\" class=\"wp-image-1001\" width=\"480\" height=\"320\" srcset=\"https:\/\/wordpress.nibis.de\/gswiebru\/files\/2024\/11\/Schulobst.jpg 640w, https:\/\/wordpress.nibis.de\/gswiebru\/files\/2024\/11\/Schulobst-300x200.jpg 300w\" sizes=\"auto, (max-width: 480px) 100vw, 480px\" \/><\/figure><\/div>\n","protected":false},"excerpt":{"rendered":"<p>Die Grundschule Wietzenbruch nimmt am &#8222;EU-Programm Niedersachsen_Obst, Gem\u00fcse und Milch f\u00fcr Kindertageseinrichtungen &amp; Schulen&#8220; teil. Damit m\u00f6chten wir einen Teil zur gesunden Ern\u00e4hrung unserer Kinder beitragen. Im Zuge des Programms erh\u00e4lt die Grundschule kostenfrei Obst und Gem\u00fcse aus \u00f6kologischem Anbau. Die Lieferung erfolgt aktuell 1x w\u00f6chentlich (montags). Sollte es in einer Schulwoche unterrichtsfreie Tage geben, so variiert oder pausiert die Lieferung. Jede Klasse erh\u00e4lt eine Kiste. Die anzunehmende Menge pro Kind und Verzehrtag liegt bei 85g bis 100g. Gemeinsam im&#8230;<\/p>\n<p class=\"read-more\"><a class=\"btn btn-default\" href=\"https:\/\/wordpress.nibis.de\/gswiebru\/schulobst\/\">Weiterlesen<span class=\"screen-reader-text\"> Weiterlesen<\/span><\/a><\/p>\n","protected":false},"author":9194369,"featured_media":0,"parent":0,"menu_order":0,"comment_status":"closed","ping_status":"closed","template":"","meta":{"footnotes":""},"class_list":["post-45","page","type-page","status-publish","hentry"],"_links":{"self":[{"href":"https:\/\/wordpress.nibis.de\/gswiebru\/wp-json\/wp\/v2\/pages\/45","targetHints":{"allow":["GET"]}}],"collection":[{"href":"https:\/\/wordpress.nibis.de\/gswiebru\/wp-json\/wp\/v2\/pages"}],"about":[{"href":"https:\/\/wordpress.nibis.de\/gswiebru\/wp-json\/wp\/v2\/types\/page"}],"author":[{"embeddable":true,"href":"https:\/\/wordpress.nibis.de\/gswiebru\/wp-json\/wp\/v2\/users\/9194369"}],"replies":[{"embeddable":true,"href":"https:\/\/wordpress.nibis.de\/gswiebru\/wp-json\/wp\/v2\/comments?post=45"}],"version-history":[{"count":17,"href":"https:\/\/wordpress.nibis.de\/gswiebru\/wp-json\/wp\/v2\/pages\/45\/revisions"}],"predecessor-version":[{"id":1003,"href":"https:\/\/wordpress.nibis.de\/gswiebru\/wp-json\/wp\/v2\/pages\/45\/revisions\/1003"}],"wp:attachment":[{"href":"https:\/\/wordpress.nibis.de\/gswiebru\/wp-json\/wp\/v2\/media?parent=45"}],"curies":[{"name":"wp","href":"https:\/\/api.w.org\/{rel}","templated":true}]}}