{"id":491,"date":"2024-07-31T19:06:48","date_gmt":"2024-07-31T17:06:48","guid":{"rendered":"https:\/\/wordpress.nibis.de\/gswiebru\/?page_id=491"},"modified":"2024-08-27T19:49:04","modified_gmt":"2024-08-27T17:49:04","slug":"spielehaeuschen","status":"publish","type":"page","link":"https:\/\/wordpress.nibis.de\/gswiebru\/spielehaeuschen\/","title":{"rendered":"Spieleh\u00e4uschen"},"content":{"rendered":"\n<p>Auf unserem Pausenhof steht das &#8222;Spieleh\u00e4uschen&#8220;. In der Pause k\u00f6nnen sich dort alle Kinder Spielzeug ausleihen wie Roller, Ball, Stelzen oder F\u00f6rmchen f\u00fcr den Sandkasten. <\/p>\n\n\n\n<p>Betreut wird die Ausleihe der Spielsachen durch Kinder aus Jahrgang 4. Gegen Abgabe eine <strong>Ausleihausweises<\/strong>, welchen jedes Kind von seiner\/ihrer Klassenlehrerin erh\u00e4lt, k\u00f6nnen die Spielsachen ausgeliehen werden.<\/p>\n\n\n\n<p><\/p>\n\n\n\n<figure class=\"wp-block-gallery has-nested-images columns-default is-cropped wp-block-gallery-1 is-layout-flex wp-block-gallery-is-layout-flex\">\n<figure class=\"wp-block-image size-large\"><img loading=\"lazy\" decoding=\"async\" width=\"1024\" height=\"768\" data-id=\"496\" src=\"https:\/\/wordpress.nibis.de\/gswiebru\/files\/2024\/07\/Spielehaeuschen_1-1024x768.jpg\" alt=\"\" class=\"wp-image-496\" srcset=\"https:\/\/wordpress.nibis.de\/gswiebru\/files\/2024\/07\/Spielehaeuschen_1-1024x768.jpg 1024w, https:\/\/wordpress.nibis.de\/gswiebru\/files\/2024\/07\/Spielehaeuschen_1-300x225.jpg 300w, https:\/\/wordpress.nibis.de\/gswiebru\/files\/2024\/07\/Spielehaeuschen_1-768x576.jpg 768w, https:\/\/wordpress.nibis.de\/gswiebru\/files\/2024\/07\/Spielehaeuschen_1-1536x1152.jpg 1536w, https:\/\/wordpress.nibis.de\/gswiebru\/files\/2024\/07\/Spielehaeuschen_1-2048x1536.jpg 2048w\" sizes=\"auto, (max-width: 1024px) 100vw, 1024px\" \/><\/figure>\n\n\n\n<figure class=\"wp-block-image size-large\"><img loading=\"lazy\" decoding=\"async\" width=\"1024\" height=\"768\" data-id=\"497\" src=\"https:\/\/wordpress.nibis.de\/gswiebru\/files\/2024\/07\/Spielehaeuschen_2-1024x768.jpg\" alt=\"\" class=\"wp-image-497\" srcset=\"https:\/\/wordpress.nibis.de\/gswiebru\/files\/2024\/07\/Spielehaeuschen_2-1024x768.jpg 1024w, https:\/\/wordpress.nibis.de\/gswiebru\/files\/2024\/07\/Spielehaeuschen_2-300x225.jpg 300w, https:\/\/wordpress.nibis.de\/gswiebru\/files\/2024\/07\/Spielehaeuschen_2-768x576.jpg 768w, https:\/\/wordpress.nibis.de\/gswiebru\/files\/2024\/07\/Spielehaeuschen_2-1536x1152.jpg 1536w, https:\/\/wordpress.nibis.de\/gswiebru\/files\/2024\/07\/Spielehaeuschen_2-2048x1536.jpg 2048w\" sizes=\"auto, (max-width: 1024px) 100vw, 1024px\" \/><\/figure>\n<\/figure>\n","protected":false},"excerpt":{"rendered":"<p>Auf unserem Pausenhof steht das &#8222;Spieleh\u00e4uschen&#8220;. In der Pause k\u00f6nnen sich dort alle Kinder Spielzeug ausleihen wie Roller, Ball, Stelzen oder F\u00f6rmchen f\u00fcr den Sandkasten. Betreut wird die Ausleihe der Spielsachen durch Kinder aus Jahrgang 4. Gegen Abgabe eine Ausleihausweises, welchen jedes Kind von seiner\/ihrer Klassenlehrerin erh\u00e4lt, k\u00f6nnen die Spielsachen ausgeliehen werden.<\/p>\n","protected":false},"author":9194369,"featured_media":0,"parent":0,"menu_order":0,"comment_status":"closed","ping_status":"closed","template":"","meta":{"footnotes":""},"class_list":["post-491","page","type-page","status-publish","hentry"],"_links":{"self":[{"href":"https:\/\/wordpress.nibis.de\/gswiebru\/wp-json\/wp\/v2\/pages\/491","targetHints":{"allow":["GET"]}}],"collection":[{"href":"https:\/\/wordpress.nibis.de\/gswiebru\/wp-json\/wp\/v2\/pages"}],"about":[{"href":"https:\/\/wordpress.nibis.de\/gswiebru\/wp-json\/wp\/v2\/types\/page"}],"author":[{"embeddable":true,"href":"https:\/\/wordpress.nibis.de\/gswiebru\/wp-json\/wp\/v2\/users\/9194369"}],"replies":[{"embeddable":true,"href":"https:\/\/wordpress.nibis.de\/gswiebru\/wp-json\/wp\/v2\/comments?post=491"}],"version-history":[{"count":4,"href":"https:\/\/wordpress.nibis.de\/gswiebru\/wp-json\/wp\/v2\/pages\/491\/revisions"}],"predecessor-version":[{"id":532,"href":"https:\/\/wordpress.nibis.de\/gswiebru\/wp-json\/wp\/v2\/pages\/491\/revisions\/532"}],"wp:attachment":[{"href":"https:\/\/wordpress.nibis.de\/gswiebru\/wp-json\/wp\/v2\/media?parent=491"}],"curies":[{"name":"wp","href":"https:\/\/api.w.org\/{rel}","templated":true}]}}