{"id":70,"date":"2024-07-12T23:18:56","date_gmt":"2024-07-12T21:18:56","guid":{"rendered":"https:\/\/wordpress.nibis.de\/gswiebru\/?page_id=70"},"modified":"2024-09-09T19:25:28","modified_gmt":"2024-09-09T17:25:28","slug":"mitarbeiter","status":"publish","type":"page","link":"https:\/\/wordpress.nibis.de\/gswiebru\/mitarbeiter\/","title":{"rendered":"Schultag"},"content":{"rendered":"\n<p>Wie alle Grundschulen in Niedersachsen ist auch die Grundschule Wietzenbruch &#8222;verl\u00e4sslich&#8220;. Das bedeutet, dass f\u00fcr alle Sch\u00fcler*innen ein Schulangebot von t\u00e4glich mindestens f\u00fcnf Zeitstunden sichergestellt ist. <\/p>\n\n\n\n<div class=\"wp-block-image\"><figure class=\"aligncenter size-large is-resized\"><img loading=\"lazy\" decoding=\"async\" src=\"https:\/\/wordpress.nibis.de\/gswiebru\/files\/2024\/09\/Buchstaben_Lautbilder-1024x437.jpg\" alt=\"\" class=\"wp-image-796\" width=\"512\" height=\"219\" srcset=\"https:\/\/wordpress.nibis.de\/gswiebru\/files\/2024\/09\/Buchstaben_Lautbilder-1024x437.jpg 1024w, https:\/\/wordpress.nibis.de\/gswiebru\/files\/2024\/09\/Buchstaben_Lautbilder-300x128.jpg 300w, https:\/\/wordpress.nibis.de\/gswiebru\/files\/2024\/09\/Buchstaben_Lautbilder-768x328.jpg 768w, https:\/\/wordpress.nibis.de\/gswiebru\/files\/2024\/09\/Buchstaben_Lautbilder-1536x655.jpg 1536w, https:\/\/wordpress.nibis.de\/gswiebru\/files\/2024\/09\/Buchstaben_Lautbilder-2048x874.jpg 2048w\" sizes=\"auto, (max-width: 512px) 100vw, 512px\" \/><\/figure><\/div>\n\n\n\n<p><\/p>\n\n\n\n<p>Hier finden Sie die <strong>Kerncurricula f\u00fcr den Primarbereich in Niedersachsen<\/strong>. Auf diesen basieren die schulinternen Arbeitspl\u00e4ne der Grundschule Wietzenbruch:<br><a href=\"https:\/\/cuvo.nibis.de\/cuvo.php?p=search&amp;k0_0=Schulbereich&amp;v0_0=Primarbereich&amp;k0_1=Dokumentenart&amp;v0_1=Kerncurriculum&amp;\">Curriculare Vorgaben f\u00fcr allgemein bildende Schulen und berufliche Gymnasien (nibis.de)<\/a><\/p>\n","protected":false},"excerpt":{"rendered":"<p>Wie alle Grundschulen in Niedersachsen ist auch die Grundschule Wietzenbruch &#8222;verl\u00e4sslich&#8220;. Das bedeutet, dass f\u00fcr alle Sch\u00fcler*innen ein Schulangebot von t\u00e4glich mindestens f\u00fcnf Zeitstunden sichergestellt ist. Hier finden Sie die Kerncurricula f\u00fcr den Primarbereich in Niedersachsen. Auf diesen basieren die schulinternen Arbeitspl\u00e4ne der Grundschule Wietzenbruch:Curriculare Vorgaben f\u00fcr allgemein bildende Schulen und berufliche Gymnasien (nibis.de)<\/p>\n","protected":false},"author":9194369,"featured_media":0,"parent":0,"menu_order":0,"comment_status":"closed","ping_status":"closed","template":"","meta":{"footnotes":""},"class_list":["post-70","page","type-page","status-publish","hentry"],"_links":{"self":[{"href":"https:\/\/wordpress.nibis.de\/gswiebru\/wp-json\/wp\/v2\/pages\/70","targetHints":{"allow":["GET"]}}],"collection":[{"href":"https:\/\/wordpress.nibis.de\/gswiebru\/wp-json\/wp\/v2\/pages"}],"about":[{"href":"https:\/\/wordpress.nibis.de\/gswiebru\/wp-json\/wp\/v2\/types\/page"}],"author":[{"embeddable":true,"href":"https:\/\/wordpress.nibis.de\/gswiebru\/wp-json\/wp\/v2\/users\/9194369"}],"replies":[{"embeddable":true,"href":"https:\/\/wordpress.nibis.de\/gswiebru\/wp-json\/wp\/v2\/comments?post=70"}],"version-history":[{"count":20,"href":"https:\/\/wordpress.nibis.de\/gswiebru\/wp-json\/wp\/v2\/pages\/70\/revisions"}],"predecessor-version":[{"id":798,"href":"https:\/\/wordpress.nibis.de\/gswiebru\/wp-json\/wp\/v2\/pages\/70\/revisions\/798"}],"wp:attachment":[{"href":"https:\/\/wordpress.nibis.de\/gswiebru\/wp-json\/wp\/v2\/media?parent=70"}],"curies":[{"name":"wp","href":"https:\/\/api.w.org\/{rel}","templated":true}]}}