{"id":72,"date":"2024-07-14T11:47:32","date_gmt":"2024-07-14T09:47:32","guid":{"rendered":"https:\/\/wordpress.nibis.de\/gswiebru\/?page_id=72"},"modified":"2025-05-14T18:46:44","modified_gmt":"2025-05-14T16:46:44","slug":"ganztag","status":"publish","type":"page","link":"https:\/\/wordpress.nibis.de\/gswiebru\/ganztag\/","title":{"rendered":"Ganztag"},"content":{"rendered":"\n<p>Das Ganztagsangebot der Grundschule Wietzenbruch besteht seit Sommer 2008. Erste Schulsozialarbeiterin war Frau Hellmund, die quasi Pioniersarbeit leistete und ein Konzept f\u00fcr den Ganztag erarbeitet hat. Von 2011 bis 2022 leitete Frau Dreyer-Rentsch den Ganztagsbetrieb. Im Jahr 2013 setzte Sie sich daf\u00fcr ein, dass die Schule am Projekt &#8222;Schule auf Esskurs&#8220; teilnahm. Dazu wurden die Mensa- und Tischregeln \u00fcberarbeitet und neu festgelegt. In einer Koch AG machten sich die Kinder Gedanken zur gesunden Ern\u00e4hrung und erarbeiteten Punkte f\u00fcr ein gesundes Mittagessen. Die Aktion wurde belohnt und die Schule erhielt eine Auszeichnung mit zwei Sternen von der Verbraucherzentrale Niedersachsen.<\/p>\n\n\n\n<p>Das 10-j\u00e4hrige Bestehen von Ganztag wurde Mitte September 2018 mit einem Tag der offenen T\u00fcr gefeiert. <\/p>\n\n\n\n<p>Die AG Angebote im Ganztag waren stets vielseitig und ber\u00fccksichtigten dabei k\u00fcnstlerische, medienp\u00e4dagogische, naturwissenschaftliche, sportlich sowie freizeitp\u00e4dagogische Aspekte. Nat\u00fcrlich gab es immer auch die Hausaufgabenzeit und genug Raum zwischen den einzelnen Angeboten, sich frei zu bewegen und zur\u00fcckzuziehen. Eine Zeit lang bestanden Kooperationen mit der Johanneskirchengemeinde Wietzenbruch, dem Verein ESV Fortuna Celle, dem Caritasverband Celle, dem MTVE Celle, der Kreismusikschule Celle und dem Jugendtreff Wietzenbruch. <\/p>\n\n\n\n<p>Seit Sommer 2022 ist Frau Linke die Koordinatorin des Ganztags an der Grundschule Wietzenbruch. <br>Aktuell besteht eine Kooperation mit dem HBV Celle. <\/p>\n\n\n\n<p>W\u00e4hrend der Hausaufgabenzeit sind seit Kurzem drei Lesementorinnen anwesend, welche die Kinder in ihrem Leselernprozess unterst\u00fctzen. Wir danken Ihnen ganz herzlich f\u00fcr diese Unterst\u00fctzung! \ud83d\ude42<\/p>\n\n\n\n<p>Die aktuellen AG-Angebote finden Sie hier: <a href=\"https:\/\/wordpress.nibis.de\/gswiebru\/ganztagsangebote\/\">Angebote im Ganztag \u2013 Grundschule Wietzenbruch (nibis.de)<\/a><\/p>\n\n\n\n<div class=\"wp-block-image\"><figure class=\"aligncenter size-large\"><img loading=\"lazy\" decoding=\"async\" width=\"1024\" height=\"211\" src=\"https:\/\/wordpress.nibis.de\/gswiebru\/files\/2024\/08\/Leinwand_Schulsozialarbeit-1024x211.jpg\" alt=\"\" class=\"wp-image-595\" srcset=\"https:\/\/wordpress.nibis.de\/gswiebru\/files\/2024\/08\/Leinwand_Schulsozialarbeit-1024x211.jpg 1024w, https:\/\/wordpress.nibis.de\/gswiebru\/files\/2024\/08\/Leinwand_Schulsozialarbeit-300x62.jpg 300w, https:\/\/wordpress.nibis.de\/gswiebru\/files\/2024\/08\/Leinwand_Schulsozialarbeit-768x158.jpg 768w, https:\/\/wordpress.nibis.de\/gswiebru\/files\/2024\/08\/Leinwand_Schulsozialarbeit-1536x316.jpg 1536w, https:\/\/wordpress.nibis.de\/gswiebru\/files\/2024\/08\/Leinwand_Schulsozialarbeit-2048x422.jpg 2048w\" sizes=\"auto, (max-width: 1024px) 100vw, 1024px\" \/><\/figure><\/div>\n","protected":false},"excerpt":{"rendered":"<p>Das Ganztagsangebot der Grundschule Wietzenbruch besteht seit Sommer 2008. Erste Schulsozialarbeiterin war Frau Hellmund, die quasi Pioniersarbeit leistete und ein Konzept f\u00fcr den Ganztag erarbeitet hat. Von 2011 bis 2022 leitete Frau Dreyer-Rentsch den Ganztagsbetrieb. Im Jahr 2013 setzte Sie sich daf\u00fcr ein, dass die Schule am Projekt &#8222;Schule auf Esskurs&#8220; teilnahm. Dazu wurden die Mensa- und Tischregeln \u00fcberarbeitet und neu festgelegt. In einer Koch AG machten sich die Kinder Gedanken zur gesunden Ern\u00e4hrung und erarbeiteten Punkte f\u00fcr ein gesundes&#8230;<\/p>\n<p class=\"read-more\"><a class=\"btn btn-default\" href=\"https:\/\/wordpress.nibis.de\/gswiebru\/ganztag\/\">Weiterlesen<span class=\"screen-reader-text\"> Weiterlesen<\/span><\/a><\/p>\n","protected":false},"author":9194369,"featured_media":0,"parent":0,"menu_order":0,"comment_status":"closed","ping_status":"closed","template":"","meta":{"footnotes":""},"class_list":["post-72","page","type-page","status-publish","hentry"],"_links":{"self":[{"href":"https:\/\/wordpress.nibis.de\/gswiebru\/wp-json\/wp\/v2\/pages\/72","targetHints":{"allow":["GET"]}}],"collection":[{"href":"https:\/\/wordpress.nibis.de\/gswiebru\/wp-json\/wp\/v2\/pages"}],"about":[{"href":"https:\/\/wordpress.nibis.de\/gswiebru\/wp-json\/wp\/v2\/types\/page"}],"author":[{"embeddable":true,"href":"https:\/\/wordpress.nibis.de\/gswiebru\/wp-json\/wp\/v2\/users\/9194369"}],"replies":[{"embeddable":true,"href":"https:\/\/wordpress.nibis.de\/gswiebru\/wp-json\/wp\/v2\/comments?post=72"}],"version-history":[{"count":12,"href":"https:\/\/wordpress.nibis.de\/gswiebru\/wp-json\/wp\/v2\/pages\/72\/revisions"}],"predecessor-version":[{"id":1078,"href":"https:\/\/wordpress.nibis.de\/gswiebru\/wp-json\/wp\/v2\/pages\/72\/revisions\/1078"}],"wp:attachment":[{"href":"https:\/\/wordpress.nibis.de\/gswiebru\/wp-json\/wp\/v2\/media?parent=72"}],"curies":[{"name":"wp","href":"https:\/\/api.w.org\/{rel}","templated":true}]}}