{"id":76,"date":"2024-07-14T11:47:21","date_gmt":"2024-07-14T09:47:21","guid":{"rendered":"https:\/\/wordpress.nibis.de\/gswiebru\/?page_id=76"},"modified":"2025-12-04T19:40:17","modified_gmt":"2025-12-04T18:40:17","slug":"foerderverein","status":"publish","type":"page","link":"https:\/\/wordpress.nibis.de\/gswiebru\/foerderverein\/","title":{"rendered":"F\u00f6rderverein"},"content":{"rendered":"\n<p>Der F\u00f6rderverein (ehemals Schulverein Wietzenbruch e.V.) wurde am 06. November 2019 mit Beschluss der Mitgliederversammlung in F\u00f6rderverein Grundschule (kurz GS) und Kinderstagesst\u00e4tte (kurz Kita) e.V. umbenannt, nachdem sein F\u00f6rderzweck um die F\u00f6rderung der angrenzenden Kindertagesst\u00e4tte erweitert wurde. Zwei Jahre sp\u00e4ter, im November 2021 wurde der F\u00f6rderzweck abermals mit Beschluss der Mitgliederversammlung, um den ebenfalls angrenzende Jugendtreff Wietzenbruch erweitert. Er ist jetzt ein wichtiges Instrument im Ortsteil Wietzenbruch, wenn es um die F\u00f6rderung der gesamten Kinder- und Jugendarbeit im Ortsteil geht.<\/p>\n\n\n\n<p>Er ist im Prinzip eine Selbsthilfegruppe mit dem einfachen Ziel, das Grundschulleben der Kinder zu versch\u00f6nern und dort finanzielle Unterst\u00fctzung zu leisten, wo der normale Schuletat nicht ausreicht. Einiges muss nur einmalig angeschafft werden, aber manche Ausgaben sind immer wiederkehrend und oft m\u00fcssen auch neue Dinge aufgrund von Verschlei\u00df angeschafft werden.<\/p>\n\n\n\n<p>Beispielsweise wurden bereits diese Dinge vom F\u00f6rderverein finanziert:<\/p>\n\n\n\n<ul class=\"wp-block-list\">\n<li>Musikinstrumente (z.B. Klangh\u00f6lzer)<\/li>\n\n\n\n<li>CD-Player<\/li>\n\n\n\n<li>Material f\u00fcr den Werkunterricht<\/li>\n\n\n\n<li>Zuschuss f\u00fcr die Konfliktlotsenfahrt und Karnevalsfeier<\/li>\n\n\n\n<li>Lizenzen f\u00fcr Zahlenzorro<\/li>\n\n\n\n<li>Schulb\u00fccherei <\/li>\n\n\n\n<li>Klassens\u00e4tze<\/li>\n\n\n\n<li>Fahrradreparaturen<\/li>\n\n\n\n<li>neue Ausstattung f\u00fcr das Spiel-\/Ger\u00e4tehaus<\/li>\n\n\n\n<li>Zuschuss f\u00fcr Ausfl\u00fcge<\/li>\n<\/ul>\n\n\n\n<p>Das daf\u00fcr ben\u00f6tigte Geld wird von den derzeitigen Mitgliederbeitr\u00e4gen nur zu einem Bruchteil gedeckt, da l\u00e4ngst noch nicht alle in den F\u00f6rderverein eingetreten sind. OHNE den&nbsp;ihn&nbsp;sind bestimmte Projekte nicht umsetzbar! Gewisse Dinge w\u00fcrde es OHNE F\u00f6rderverein gar nicht geben oder die Kosten m\u00fcssten auf die Eltern umgelegt werden, was den Jahresbeitrag von 15 \u20ac bei weitem \u00fcbersteigen w\u00fcrde.<\/p>\n\n\n\n<p>&#8222;Gemeinsam zum Ziel&#8220; lautet die Devise des&nbsp;F\u00f6rdervereins. Daher freuen wir uns, wenn wir neue Mitglieder f\u00fcr den&nbsp;Verein gewinnen, die daf\u00fcr sorgen, dass er auch in der Zukunft viele tolle, neue Sachen und Projekte finanzieren und erm\u00f6glichen kann! Seien auch Sie dabei und treten Sie dem&nbsp;F\u00f6rderverein bei!<\/p>\n\n\n\n<p>Aktive und passive Mitglieder sind immer herzlich willkommen! Die Mitgliedschaft endet automatisch sobald Ihr Kind\/Ihre Kinder die Schule verlassen haben. Die Beitrittserkl\u00e4rung erhalten Sie im Sekretariat der Schule, in der Kita, im JuWi oder im obigen Men\u00fc.<\/p>\n\n\n\n<p>Alle&nbsp;F\u00f6rdervereinsmitglieder sind herzlich zum Stammtisch eingeladen. Der aktuelle Stammtischtermin wird \u00fcber die Eltern-WhatsApp-Gruppen Kita und Schule mitgeteilt.&nbsp;<\/p>\n\n\n\n<p>Wir freuen uns auf Sie! \ud83d\ude42 <\/p>\n\n\n\n<p>Der Vorstand des F\u00f6rdervereins Grundschule und Kindertagesst\u00e4tte Wietzenbruch e.V.<\/p>\n\n\n\n<p><strong>Vereinsvorstand:<\/strong><\/p>\n\n\n\n<figure class=\"wp-block-table is-style-regular\"><table><tbody><tr><td><strong>1. Vorsitzende<\/strong><\/td><td>Frau Englisch<\/td><\/tr><tr><td><strong>2.&nbsp;<\/strong><strong>Vorsitzende<\/strong><\/td><td>Frau Fahrenberg<\/td><\/tr><tr><td><strong>Kassenw\u00e4rtin<\/strong><\/td><td>Frau Roenelt<\/td><\/tr><\/tbody><\/table><\/figure>\n\n\n\n<p><strong>Kontakt<\/strong>: <a href=\"&#109;a&#x69;l&#x74;o&#x3a;s&#x63;&#104;&#x75;&#108;&#x76;&#101;&#x72;&#101;i&#110;&#64;&#x77;i&#x65;t&#x7a;&#101;&#x6e;&#98;&#x72;&#117;&#x63;&#104;&#x73;&#99;h&#117;l&#x65;&#46;&#x64;e\">&#115;&#x63;h&#117;&#x6c;v&#101;&#x72;e&#x69;&#x6e;&#119;&#x69;e&#116;&#x7a;e&#110;&#x62;r&#x75;&#x63;&#104;&#x40;&#x67;&#109;&#x61;i&#108;&#x2e;c&#111;&#x6d;<\/a><\/p>\n\n\n<div class=\"wp-block-image\">\n<figure class=\"aligncenter size-full\"><img loading=\"lazy\" decoding=\"async\" width=\"250\" height=\"250\" src=\"https:\/\/wordpress.nibis.de\/gswiebru\/files\/2024\/07\/FGuK-Wietzenbruch_Logo-rund-250px-1.jpg\" alt=\"\" class=\"wp-image-328\" srcset=\"https:\/\/wordpress.nibis.de\/gswiebru\/files\/2024\/07\/FGuK-Wietzenbruch_Logo-rund-250px-1.jpg 250w, https:\/\/wordpress.nibis.de\/gswiebru\/files\/2024\/07\/FGuK-Wietzenbruch_Logo-rund-250px-1-150x150.jpg 150w, https:\/\/wordpress.nibis.de\/gswiebru\/files\/2024\/07\/FGuK-Wietzenbruch_Logo-rund-250px-1-80x80.jpg 80w\" sizes=\"auto, (max-width: 250px) 100vw, 250px\" \/><\/figure>\n<\/div>","protected":false},"excerpt":{"rendered":"<p>Der F\u00f6rderverein (ehemals Schulverein Wietzenbruch e.V.) wurde am 06. November 2019 mit Beschluss der Mitgliederversammlung in F\u00f6rderverein Grundschule (kurz GS) und Kinderstagesst\u00e4tte (kurz Kita) e.V. umbenannt, nachdem sein F\u00f6rderzweck um die F\u00f6rderung der angrenzenden Kindertagesst\u00e4tte erweitert wurde. Zwei Jahre sp\u00e4ter, im November 2021 wurde der F\u00f6rderzweck abermals mit Beschluss der Mitgliederversammlung, um den ebenfalls angrenzende Jugendtreff Wietzenbruch erweitert. Er ist jetzt ein wichtiges Instrument im Ortsteil Wietzenbruch, wenn es um die F\u00f6rderung der gesamten Kinder- und Jugendarbeit im Ortsteil geht&#8230;.<\/p>\n<p class=\"read-more\"><a class=\"btn btn-default\" href=\"https:\/\/wordpress.nibis.de\/gswiebru\/foerderverein\/\">Weiterlesen<span class=\"screen-reader-text\"> Weiterlesen<\/span><\/a><\/p>\n","protected":false},"author":9194369,"featured_media":0,"parent":0,"menu_order":0,"comment_status":"closed","ping_status":"closed","template":"","meta":{"footnotes":""},"class_list":["post-76","page","type-page","status-publish","hentry"],"_links":{"self":[{"href":"https:\/\/wordpress.nibis.de\/gswiebru\/wp-json\/wp\/v2\/pages\/76","targetHints":{"allow":["GET"]}}],"collection":[{"href":"https:\/\/wordpress.nibis.de\/gswiebru\/wp-json\/wp\/v2\/pages"}],"about":[{"href":"https:\/\/wordpress.nibis.de\/gswiebru\/wp-json\/wp\/v2\/types\/page"}],"author":[{"embeddable":true,"href":"https:\/\/wordpress.nibis.de\/gswiebru\/wp-json\/wp\/v2\/users\/9194369"}],"replies":[{"embeddable":true,"href":"https:\/\/wordpress.nibis.de\/gswiebru\/wp-json\/wp\/v2\/comments?post=76"}],"version-history":[{"count":16,"href":"https:\/\/wordpress.nibis.de\/gswiebru\/wp-json\/wp\/v2\/pages\/76\/revisions"}],"predecessor-version":[{"id":1210,"href":"https:\/\/wordpress.nibis.de\/gswiebru\/wp-json\/wp\/v2\/pages\/76\/revisions\/1210"}],"wp:attachment":[{"href":"https:\/\/wordpress.nibis.de\/gswiebru\/wp-json\/wp\/v2\/media?parent=76"}],"curies":[{"name":"wp","href":"https:\/\/api.w.org\/{rel}","templated":true}]}}