{"id":80,"date":"2024-07-14T11:50:12","date_gmt":"2024-07-14T09:50:12","guid":{"rendered":"https:\/\/wordpress.nibis.de\/gswiebru\/?page_id=80"},"modified":"2024-09-08T15:05:14","modified_gmt":"2024-09-08T13:05:14","slug":"archiv","status":"publish","type":"page","link":"https:\/\/wordpress.nibis.de\/gswiebru\/archiv\/","title":{"rendered":"Archiv"},"content":{"rendered":"\n<p><strong>Hier finden Sie die letzten Beitr\u00e4ge zu unserem Schulgeschehen:<\/strong><\/p>\n\n\n\n<div class=\"wp-block-query is-layout-flow wp-block-query-is-layout-flow\"><ul class=\"wp-block-post-template is-layout-flow wp-block-post-template-is-layout-flow\"><li class=\"wp-block-post post-1516 post type-post status-publish format-standard hentry category-allgemein\">\n<h2 class=\"wp-block-post-title\"><a href=\"https:\/\/wordpress.nibis.de\/gswiebru\/2026\/03\/14\/eindruecke-aus-dem-werkunterricht-der-klasse-4b\/\" target=\"_self\" >Eindr\u00fccke aus dem Werkunterricht der Klasse 4b<\/a><\/h2>\n\n<div class=\"wp-block-post-date\"><time datetime=\"2026-03-14T14:45:58+01:00\">14. M\u00e4rz 2026<\/time><\/div>\n\n\n\n\n<hr class=\"wp-block-separator\" \/>\n\n<\/li><li class=\"wp-block-post post-1502 post type-post status-publish format-standard hentry category-allgemein\">\n<h2 class=\"wp-block-post-title\"><a href=\"https:\/\/wordpress.nibis.de\/gswiebru\/2026\/03\/08\/die-klasse-2b-schreibt-tiersteckbriefe-und-kleine-texte\/\" target=\"_self\" >Die Klasse 2b schreibt Tiersteckbriefe und kleine Texte<\/a><\/h2>\n\n<div class=\"wp-block-post-date\"><time datetime=\"2026-03-08T20:16:18+01:00\">8. M\u00e4rz 2026<\/time><\/div>\n\n\n\n\n<hr class=\"wp-block-separator\" \/>\n\n<\/li><li class=\"wp-block-post post-1440 post type-post status-publish format-standard hentry category-allgemein\">\n<h2 class=\"wp-block-post-title\"><a href=\"https:\/\/wordpress.nibis.de\/gswiebru\/2026\/02\/03\/es-schneit-es-schneit-kommt-alle-aus-dem-haus\/\" target=\"_self\" >Es schneit, es schneit, kommt alle aus dem Haus!<\/a><\/h2>\n\n<div class=\"wp-block-post-date\"><time datetime=\"2026-02-03T14:50:35+01:00\">3. Februar 2026<\/time><\/div>\n\n\n\n\n<hr class=\"wp-block-separator\" \/>\n\n<\/li><\/ul><\/div>\n\n\n\n<p><strong>Hier finden Sie alle \u00fcbrigen Beitr\u00e4ge zu unserem Schulgeschehen:<\/strong><\/p>\n\n\n<ul class=\"wp-block-archives-list wp-block-archives\">\t<li><a href='https:\/\/wordpress.nibis.de\/gswiebru\/2026\/03\/'>M\u00e4rz 2026<\/a><\/li>\n\t<li><a href='https:\/\/wordpress.nibis.de\/gswiebru\/2026\/02\/'>Februar 2026<\/a><\/li>\n\t<li><a href='https:\/\/wordpress.nibis.de\/gswiebru\/2025\/09\/'>September 2025<\/a><\/li>\n\t<li><a href='https:\/\/wordpress.nibis.de\/gswiebru\/2025\/08\/'>August 2025<\/a><\/li>\n\t<li><a href='https:\/\/wordpress.nibis.de\/gswiebru\/2025\/07\/'>Juli 2025<\/a><\/li>\n\t<li><a href='https:\/\/wordpress.nibis.de\/gswiebru\/2025\/06\/'>Juni 2025<\/a><\/li>\n\t<li><a href='https:\/\/wordpress.nibis.de\/gswiebru\/2024\/11\/'>November 2024<\/a><\/li>\n\t<li><a href='https:\/\/wordpress.nibis.de\/gswiebru\/2024\/10\/'>Oktober 2024<\/a><\/li>\n\t<li><a href='https:\/\/wordpress.nibis.de\/gswiebru\/2024\/09\/'>September 2024<\/a><\/li>\n<\/ul>","protected":false},"excerpt":{"rendered":"<p>Hier finden Sie die letzten Beitr\u00e4ge zu unserem Schulgeschehen: Hier finden Sie alle \u00fcbrigen Beitr\u00e4ge zu unserem Schulgeschehen:<\/p>\n","protected":false},"author":9194369,"featured_media":162,"parent":0,"menu_order":0,"comment_status":"closed","ping_status":"closed","template":"","meta":{"footnotes":""},"class_list":["post-80","page","type-page","status-publish","has-post-thumbnail","hentry"],"_links":{"self":[{"href":"https:\/\/wordpress.nibis.de\/gswiebru\/wp-json\/wp\/v2\/pages\/80","targetHints":{"allow":["GET"]}}],"collection":[{"href":"https:\/\/wordpress.nibis.de\/gswiebru\/wp-json\/wp\/v2\/pages"}],"about":[{"href":"https:\/\/wordpress.nibis.de\/gswiebru\/wp-json\/wp\/v2\/types\/page"}],"author":[{"embeddable":true,"href":"https:\/\/wordpress.nibis.de\/gswiebru\/wp-json\/wp\/v2\/users\/9194369"}],"replies":[{"embeddable":true,"href":"https:\/\/wordpress.nibis.de\/gswiebru\/wp-json\/wp\/v2\/comments?post=80"}],"version-history":[{"count":16,"href":"https:\/\/wordpress.nibis.de\/gswiebru\/wp-json\/wp\/v2\/pages\/80\/revisions"}],"predecessor-version":[{"id":417,"href":"https:\/\/wordpress.nibis.de\/gswiebru\/wp-json\/wp\/v2\/pages\/80\/revisions\/417"}],"wp:featuredmedia":[{"embeddable":true,"href":"https:\/\/wordpress.nibis.de\/gswiebru\/wp-json\/wp\/v2\/media\/162"}],"wp:attachment":[{"href":"https:\/\/wordpress.nibis.de\/gswiebru\/wp-json\/wp\/v2\/media?parent=80"}],"curies":[{"name":"wp","href":"https:\/\/api.w.org\/{rel}","templated":true}]}}