{"id":84,"date":"2024-07-12T23:16:43","date_gmt":"2024-07-12T21:16:43","guid":{"rendered":"https:\/\/wordpress.nibis.de\/gswiebru\/?page_id=84"},"modified":"2024-08-27T19:39:58","modified_gmt":"2024-08-27T17:39:58","slug":"unsere-schule","status":"publish","type":"page","link":"https:\/\/wordpress.nibis.de\/gswiebru\/unsere-schule\/","title":{"rendered":"Unsere Schule"},"content":{"rendered":"\n<p>Am 12. April 1923 wurde die heutige Grundschule Wietzenbruch als \u00f6rtliche Grundschule am &#8222;Alten Kanal&#8220; im Neust\u00e4dter Holz er\u00f6ffnet. Durch seine ruhige Lage war das Geb\u00e4ude wie geschaffen f\u00fcr Schulzwecke. Das Geb\u00e4ude war etwa f\u00fcr 100 Sch\u00fcler*innen ausgelegt.<\/p>\n\n\n\n<figure class=\"wp-block-image size-large is-style-default\"><img loading=\"lazy\" decoding=\"async\" width=\"1024\" height=\"635\" src=\"https:\/\/wordpress.nibis.de\/gswiebru\/files\/2024\/08\/GS-Wietzenbruch_frueher-1024x635.jpg\" alt=\"\" class=\"wp-image-550\" srcset=\"https:\/\/wordpress.nibis.de\/gswiebru\/files\/2024\/08\/GS-Wietzenbruch_frueher-1024x635.jpg 1024w, https:\/\/wordpress.nibis.de\/gswiebru\/files\/2024\/08\/GS-Wietzenbruch_frueher-300x186.jpg 300w, https:\/\/wordpress.nibis.de\/gswiebru\/files\/2024\/08\/GS-Wietzenbruch_frueher-768x476.jpg 768w, https:\/\/wordpress.nibis.de\/gswiebru\/files\/2024\/08\/GS-Wietzenbruch_frueher-1536x953.jpg 1536w, https:\/\/wordpress.nibis.de\/gswiebru\/files\/2024\/08\/GS-Wietzenbruch_frueher-2048x1271.jpg 2048w\" sizes=\"auto, (max-width: 1024px) 100vw, 1024px\" \/><\/figure>\n\n\n\n<p><span style=\"color:#000000\" class=\"tadv-color\">\u00dcber die Jahre erfolgten viele Umbauma\u00dfnahmen. Zudem erhielt die Hauptschule f\u00fcr eine Zeit lang Einzug in das Geb\u00e4ude. Seit 2011 ist die Schule wieder eine &#8222;reine&#8220; Grundschule und wird aktuell von rund 210 Sch\u00fcler*innen besucht.<\/span><\/p>\n\n\n\n<figure class=\"wp-block-image size-large\"><img loading=\"lazy\" decoding=\"async\" width=\"1024\" height=\"768\" src=\"https:\/\/wordpress.nibis.de\/gswiebru\/files\/2024\/08\/GS-Wietzenbruch_heute-1024x768.jpg\" alt=\"\" class=\"wp-image-554\" srcset=\"https:\/\/wordpress.nibis.de\/gswiebru\/files\/2024\/08\/GS-Wietzenbruch_heute-1024x768.jpg 1024w, https:\/\/wordpress.nibis.de\/gswiebru\/files\/2024\/08\/GS-Wietzenbruch_heute-300x225.jpg 300w, https:\/\/wordpress.nibis.de\/gswiebru\/files\/2024\/08\/GS-Wietzenbruch_heute-768x576.jpg 768w, https:\/\/wordpress.nibis.de\/gswiebru\/files\/2024\/08\/GS-Wietzenbruch_heute-1536x1152.jpg 1536w, https:\/\/wordpress.nibis.de\/gswiebru\/files\/2024\/08\/GS-Wietzenbruch_heute-2048x1536.jpg 2048w\" sizes=\"auto, (max-width: 1024px) 100vw, 1024px\" \/><\/figure>\n","protected":false},"excerpt":{"rendered":"<p>Am 12. April 1923 wurde die heutige Grundschule Wietzenbruch als \u00f6rtliche Grundschule am &#8222;Alten Kanal&#8220; im Neust\u00e4dter Holz er\u00f6ffnet. Durch seine ruhige Lage war das Geb\u00e4ude wie geschaffen f\u00fcr Schulzwecke. Das Geb\u00e4ude war etwa f\u00fcr 100 Sch\u00fcler*innen ausgelegt. \u00dcber die Jahre erfolgten viele Umbauma\u00dfnahmen. Zudem erhielt die Hauptschule f\u00fcr eine Zeit lang Einzug in das Geb\u00e4ude. Seit 2011 ist die Schule wieder eine &#8222;reine&#8220; Grundschule und wird aktuell von rund 210 Sch\u00fcler*innen besucht.<\/p>\n","protected":false},"author":9194369,"featured_media":0,"parent":0,"menu_order":0,"comment_status":"closed","ping_status":"closed","template":"","meta":{"footnotes":""},"class_list":["post-84","page","type-page","status-publish","hentry"],"_links":{"self":[{"href":"https:\/\/wordpress.nibis.de\/gswiebru\/wp-json\/wp\/v2\/pages\/84","targetHints":{"allow":["GET"]}}],"collection":[{"href":"https:\/\/wordpress.nibis.de\/gswiebru\/wp-json\/wp\/v2\/pages"}],"about":[{"href":"https:\/\/wordpress.nibis.de\/gswiebru\/wp-json\/wp\/v2\/types\/page"}],"author":[{"embeddable":true,"href":"https:\/\/wordpress.nibis.de\/gswiebru\/wp-json\/wp\/v2\/users\/9194369"}],"replies":[{"embeddable":true,"href":"https:\/\/wordpress.nibis.de\/gswiebru\/wp-json\/wp\/v2\/comments?post=84"}],"version-history":[{"count":10,"href":"https:\/\/wordpress.nibis.de\/gswiebru\/wp-json\/wp\/v2\/pages\/84\/revisions"}],"predecessor-version":[{"id":555,"href":"https:\/\/wordpress.nibis.de\/gswiebru\/wp-json\/wp\/v2\/pages\/84\/revisions\/555"}],"wp:attachment":[{"href":"https:\/\/wordpress.nibis.de\/gswiebru\/wp-json\/wp\/v2\/media?parent=84"}],"curies":[{"name":"wp","href":"https:\/\/api.w.org\/{rel}","templated":true}]}}