{"id":26,"date":"2022-10-31T09:26:15","date_gmt":"2022-10-31T08:26:15","guid":{"rendered":"https:\/\/wordpress.nibis.de\/gswiedel\/?page_id=26"},"modified":"2025-09-10T17:03:35","modified_gmt":"2025-09-10T15:03:35","slug":"impressum-datenschutz","status":"publish","type":"page","link":"https:\/\/wordpress.nibis.de\/gswiedel\/impressum-datenschutz\/","title":{"rendered":"Impressum\/Datenschutz"},"content":{"rendered":"<p><u><strong>Grundschule Wiedelah<br \/><\/strong><\/u><br \/>W\u00fclperoder Stra\u00dfe 8<br \/>38690 Goslar<br \/>Tel. &amp; Fax: 05324 1718<br \/><a href=\"&#x6d;&#x61;&#x69;&#x6c;&#x74;&#x6f;&#x3a;&#x47;&#83;&#87;&#105;&#101;&#100;&#101;&#108;ah&#64;g&#x6f;&#x73;&#x6c;&#x61;&#x72;&#x2e;&#x64;&#x65;\"> &#x67;&#x73;&#x77;&#x69;&#101;&#100;&#101;&#108;ah&#64;&#x67;&#x6f;&#x73;&#x6c;&#x61;&#114;&#46;&#100;e<\/a><\/p>\n<p>Schulleitung<br \/>Christiane Terbeck-Wendt<\/p>\n<p><strong><u>Schultr\u00e4gerschaft <\/u><\/strong><\/p>\n<p><strong><u><a href=\"http:\/\/www.goslar.de\/stadt-und-buerger\/bildung-erziehung\/schulen\">Stadt Goslar<\/a><\/u><\/strong><\/p>\n<p>Charley-Jacob-Stra\u00dfe 3<\/p>\n<p>38640 Goslar<\/p>\n<p>Telefon: 05321 704-0<\/p>\n<p>Telefax: 05321 704-445<\/p>\n<p><strong><br \/><u>Hinweis zur Internetpr\u00e4sentation<\/u><br \/><\/strong>Die Inhalte dieser Website werden mit gr\u00f6\u00dftm\u00f6glicher Sorgfalt recherchiert und implementiert. Fehler im Bearbeitungsvorgang sind dennoch nicht auszuschlie\u00dfen. <br \/>Hinweise und Korrekturen senden Sie bitte an die hier aufgef\u00fchrte Adresse der Grundschule <br \/>Wiedelah oder der Stadt Vienenburg.<strong><br \/>\u00a0<\/strong><\/p>\n<ol>\n<li><strong><u> Inhalt des Onlineangebotes<\/u><br \/><\/strong>Die Grundschule Wiedelah nachstehend als\u00a0GSWI genannt, \u00fcbernimmt keinerlei Gew\u00e4hr f\u00fcr die Aktualit\u00e4t, Korrektheit, Vollst\u00e4ndigkeit oder Qualit\u00e4t der bereitgestellten Informationen. Haftungsanspr\u00fcche gegen die GSWI, welche sich auf Sch\u00e4den materieller oder ideeller Art beziehen, die durch die Nutzung oder Nichtnutzung der dargebotenen Informationen bzw. durch die Nutzung fehlerhafter und unvollst\u00e4ndiger Informationen verursacht wurden, sind grunds\u00e4tzlich ausgeschlossen, sofern seitens der\u00a0GSWI kein nachweislich vors\u00e4tzliches Verschulden vorliegt. Alle Angebote sind freibleibend und unverbindlich. Die GSWI beh\u00e4lt es sich ausdr\u00fccklich vor, Teile der Seiten oder das gesamte Angebot ohne gesonderte Ank\u00fcndigung zu ver\u00e4ndern, zu erg\u00e4nzen, zu l\u00f6schen oder die Ver\u00f6ffentlichung zeitweise oder endg\u00fcltig einzustellen.<\/li>\n<li><strong><u> Verweise und Links<\/u><br \/><\/strong>Die GSWI haftet bei direkten oder indirekten Verweisen auf fremde Internetseiten (&#8222;Links&#8220;), die au\u00dferhalb seines Verantwortungsbereiches liegen, nicht f\u00fcr deren Inhalte. F\u00fcr illegale, fehlerhafte oder unvollst\u00e4ndige Inhalte und insbesondere f\u00fcr Sch\u00e4den, die aus der Nutzung oder Nichtnutzung solcher Art dargebotener Informationen entstehen, haftet allein der Anbieter <br \/>der Seite, auf welche verwiesen wurde. Die GSWI erkl\u00e4rt hiermit ausdr\u00fccklich, dass zum Zeitpunkt der Linksetzung die entsprechenden verlinkten Seiten seiner Kenntnis nach frei von illegalen Inhalten waren. Auf die aktuelle und zuk\u00fcnftige Gestaltung, die Inhalte oder Urheberschaft der verlinkten\/verkn\u00fcpften Seiten hat die GSWI keinerlei Einfluss. Deshalb distanziert sich die GSWI hiermit ausdr\u00fccklich von allen Inhalten aller gelinkten \/verkn\u00fcpften Seiten, die nach der Linksetzung ver\u00e4ndert wurden. Diese Feststellung gilt f\u00fcr alle innerhalb des eigenen Internetangebotes gesetzten Links und Verweise sowie f\u00fcr Fremdeintr\u00e4ge in evtl. von GSWI eingerichteten G\u00e4steb\u00fcchern, Diskussionsforen und Mailinglisten.<\/li>\n<li><strong><u> Urheber- und Kennzeichenrecht<\/u><br \/><\/strong>Die Bilder, Texte und\/oder graphischen Gestaltungen auf der Website sind urheberrechtlich gesch\u00fctzt. Das Copyright f\u00fcr ver\u00f6ffentlichte, selbst erstellte Objekte bleibt allein bei GSWI. Kein Teil des Inhalts dieser Website, das gilt insbesondere f\u00fcr Grafiken, Tondokumente, Videosequenzen und Texte, darf ohne schriftliche Genehmigung der\u00a0GSWI in anderen <br \/>elektronischen oder gedruckten Publikationen vervielf\u00e4ltigt oder verwendet werden.Alle innerhalb des Internetangebotes genannten und ggf. durch Dritte gesch\u00fctzten Marken- und Warenzeichen unterliegen uneingeschr\u00e4nkt den Bestimmungen des jeweils g\u00fcltigen Kennzeichenrechts und den Besitzrechten der jeweiligen eingetragenen Eigent\u00fcmer. Allein aufgrund der blo\u00dfen Nennung ist nicht der Schluss zu ziehen, dass Markenzeichen nicht durch Rechte Dritter gesch\u00fctzt sind!<\/li>\n<li><u><strong> Rechtswirksamkeit dieses Haftungsausschlusses<\/strong><\/u><br \/>Dieser Haftungsausschluss ist als Teil des Internetangebotes zu betrachten, von dem aus auf diese Seite verwiesen wurde. Sofern Teile oder einzelne Formulierungen dieses Textes der geltenden Rechtslage nicht, nicht mehr oder nicht vollst\u00e4ndig entsprechen sollten, bleiben die \u00fcbrigen Teile des Dokumentes in ihrem Inhalt und ihrer G\u00fcltigkeit davon unber\u00fchrt.<\/li>\n<li><u><strong> Kommunikation \u00fcber E-Mail<\/strong><\/u><br \/>Kommunikation via E-Mail kann Sicherheitsl\u00fccken aufweisen. Beispielsweise k\u00f6nnen E-Mails auf ihrem Weg an die Mitarbeiterinnen und Mitarbeiter der Stadt Vienenburg von versierten Internet-Nutzern aufgehalten und eingesehen werden.Sollten wir eine E-Mail von Ihnen erhalten, so gehen wir davon aus, dass wir zu einer Beantwortung per E-Mail berechtigt sind. <br \/>Ansonsten m\u00fcssen wir Sie ausdr\u00fccklich auf eine andere Art der Kommunikation verweisen.<\/li>\n<\/ol>\n<p>Datenschutz<\/p>\n<ol>\n<li><strong>Name und Anschrift des Verantwortlichen<\/strong><br \/>Grundschule Wiedelah<br \/>W\u00fclperoder Stra\u00dfe 8<br \/>38690 Goslar<br \/>Telefon: 05324-1718<br \/>E-Mail: <a href=\"&#109;&#x61;&#105;&#x6c;t&#x6f;:&#103;&#x73;&#119;&#x69;&#101;&#x64;e&#x6c;a&#104;&#x40;&#103;&#x6f;s&#x6c;a&#x72;&#x2e;&#100;&#x65;\">&#x67;&#x73;&#119;i&#x65;&#x64;&#x65;&#108;a&#x68;&#x40;&#x67;&#111;s&#x6c;&#x61;&#x72;&#46;d&#x65;<\/a><br \/>Vertretungsberechtigt<br \/>Christiane Terbeck-Wendt, Schulleitung<\/li>\n<li><strong>Name und Anschrift des beh\u00f6rdlichen Datenschutzbeauftragten<\/strong><br \/>Die Datenschutzbeauftragte des Verantwortlichen ist: <br \/>Tel.: 05324-1718<\/li>\n<\/ol>\n<p><strong>Kontaktformulare<\/strong><br \/>Wenn Sie einen Kommentar auf unserer Website schreiben, kann das eine Einwilligung sein, Ihren Namen, E-Mailadresse und Website in Cookies zu speichern. Dies ist eine Komfortfunktion, damit Sie nicht, wenn Sie einen weiteren Kommentar schreiben, all diese Daten erneut eingeben m\u00fcssen. Diese Cookies werden ein Jahr lang gespeichert.<\/p>\n<p><strong>Medien<\/strong><br \/>Wenn Sie ein registrierter Benutzer sind und Fotos auf diese Website laden, sollten Sie vermeiden Fotos mit einer EXIF-GPS-Standort hochzuladen. Besucher dieser Website k\u00f6nnten Fotos, die auf dieser Website gespeichert sind, herunterladen und deren Standort-Informationen extrahieren.<\/p>\n<ol>\n<li><strong>Eingebettete Inhalte von anderen Websites<\/strong><br \/>Beitr\u00e4ge auf dieser Website k\u00f6nnen eingebettete Inhalte beinhalten (z. B. Videos, Bilder, Beitr\u00e4ge etc.). Eingebettete Inhalte von anderen Websites verhalten sich exakt so, als ob der Besucher die andere Website besucht h\u00e4tte.<br \/>Diese Websites k\u00f6nnen Daten \u00fcber Sie sammeln, Cookies benutzen, zus\u00e4tzliche Tracking-Dienste von Dritten einbetten und Ihre Interaktion mit diesem eingebetteten Inhalt aufzeichnen, inklusive Ihrer Interaktion mit dem eingebetteten Inhalt, falls Sie ein Konto haben und auf dieser Website angemeldet sind.&#8220;<\/li>\n<li><strong>Betroffenenrechte<\/strong><br \/>Sie k\u00f6nnen folgende Rechte geltend machen:<br \/>o Auskunft\/ Akteneinsicht<br \/>Gem. Art. 15 DSGVO haben Sie das Recht, Auskunft bzw. Akteneinsicht \u00fcber die von uns verarbeiteten personenbezogenen Daten zu erhalten.<br \/>o Berichtigung<br \/>Sind bei uns gespeicherte personenbezogene Daten unrichtig oder unvollst\u00e4ndig, haben Sie gem. Art. 16 DSGVO das Recht, diese berichtigen bzw. vervollst\u00e4ndigen zu lassen.<br \/>o L\u00f6schung<br \/>Art. 17 DSGVO normiert das Recht auf L\u00f6schung personenbezogener Daten. Dieses Recht steht Ihnen insbesondere dann zu, wenn die Speicherung der personenbezogenen Daten zur Erf\u00fcllung unserer gesetzlichen Aufgaben nicht mehr erforderlich ist oder Sie Ihre Einwilligung zur Datenverarbeitung mit Wirkung f\u00fcr die Zukunft widerrufen haben.<br \/>o Einschr\u00e4nkung der Verarbeitung<br \/>Gem. Art. 18 DSGVO k\u00f6nnen Sie die Einschr\u00e4nkung der personenbezogenen Daten verlangen, wenn<br \/>&#8211; die Richtigkeit der Daten von Ihnen bestritten wird<br \/>&#8211; die Verarbeitung unrechtm\u00e4\u00dfig ist, Sie aber deren L\u00f6schung ablehnen<br \/>&#8211; wir die Daten nicht mehr ben\u00f6tigen, Sie jedoch diese zur Geltendmachung, Aus\u00fcbung oder Verteidigung von Rechtsanspr\u00fcchen ben\u00f6tigen<br \/>&#8211; oder Sie gem\u00e4\u00df Art. 21 DSGVO Widerspruch gegen die Verarbeitung eingelegt haben<br \/>o Widerspruch<br \/>Sie k\u00f6nnen bei Gr\u00fcnden, die sich aus Ihrer besonderen Situation ergeben, ein Widerspruchsrecht geltend machen. Gem. Art. 21 DSGVO ist jedoch zu ber\u00fccksichtigten, ob schutzw\u00fcrdige Gr\u00fcnde f\u00fcr die Verarbeitung vorliegen oder die Verarbeitung der Geltendmachung, Aus\u00fcbung oder Verteidigung von Rechtsanspr\u00fcchen dient.<br \/>o Daten\u00fcbertragbarkeit<br \/>Ist die Verarbeitung Ihrer Daten mit Hilfe eines automatisierten Verfahrens erfolgt, haben Sie gem. Art. 20 DSGVO das Recht, die Daten in einem g\u00e4ngigen und maschinenlesbaren Format zu erhalten und an eine andere Schule zu \u00fcbermitteln bzw. durch uns \u00fcbermitteln zu lassen.<br \/>o Widerruf der Einwilligung<br \/>Sie haben gem. Art. 7 Absatz 3 DSGVO das Recht, uns erteilte Einwilligungen jederzeit mit Wirkung f\u00fcr die Zukunft zu widerrufen.<br \/>o Beschwerde<br \/>Art. 77 DSGVO normiert ein Beschwerderecht bei der Aufsichtsbeh\u00f6rde. Die f\u00fcr uns zust\u00e4ndige Aufsichtsbeh\u00f6rde ist die Landesbeauftragte f\u00fcr den Datenschutz Niedersachsen, Prinzenstra\u00dfe 5, 30159 Hannover. E-Mail: <a href=\"&#x6d;&#x61;&#105;&#108;t&#x6f;&#x3a;&#x70;&#111;st&#x73;&#x74;&#101;&#108;l&#x65;&#x40;&#x6c;&#102;d&#46;&#x6e;&#x69;&#101;&#100;e&#x72;&#x73;&#x61;&#99;hs&#x65;&#x6e;&#46;&#100;e\">&#112;&#x6f;&#115;&#x74;s&#x74;e&#108;&#x6c;&#101;&#x40;&#108;&#x66;d&#x2e;n&#105;&#x65;&#100;&#x65;r&#x73;a&#x63;&#x68;&#115;&#x65;&#110;&#x2e;d&#x65;<\/a><\/li>\n<\/ol>\n\n\n<p><\/p>\n","protected":false},"excerpt":{"rendered":"<p>Grundschule WiedelahW\u00fclperoder Stra\u00dfe 838690 GoslarTel. &amp; Fax: 05324 1718 &#x67;&#x73;&#x77;&#x69;&#x65;&#x64;&#x65;&#x6c;&#x61;&#x68;&#x40;&#103;&#111;&#115;&#108;&#97;&#114;&#46;de SchulleitungChristiane Terbeck-Wendt Schultr\u00e4gerschaft Stadt Goslar Charley-Jacob-Stra\u00dfe 3 38640 Goslar Telefon: 05321 704-0 Telefax: 05321 704-445 Hinweis zur Internetpr\u00e4sentationDie Inhalte dieser Website werden mit gr\u00f6\u00dftm\u00f6glicher Sorgfalt recherchiert und implementiert. Fehler im &hellip; <a href=\"https:\/\/wordpress.nibis.de\/gswiedel\/impressum-datenschutz\/\">Weiterlesen <span class=\"meta-nav\">&rarr;<\/span><\/a><\/p>\n","protected":false},"author":9194071,"featured_media":0,"parent":0,"menu_order":0,"comment_status":"closed","ping_status":"closed","template":"","meta":{"footnotes":""},"class_list":["post-26","page","type-page","status-publish","hentry"],"_links":{"self":[{"href":"https:\/\/wordpress.nibis.de\/gswiedel\/wp-json\/wp\/v2\/pages\/26","targetHints":{"allow":["GET"]}}],"collection":[{"href":"https:\/\/wordpress.nibis.de\/gswiedel\/wp-json\/wp\/v2\/pages"}],"about":[{"href":"https:\/\/wordpress.nibis.de\/gswiedel\/wp-json\/wp\/v2\/types\/page"}],"author":[{"embeddable":true,"href":"https:\/\/wordpress.nibis.de\/gswiedel\/wp-json\/wp\/v2\/users\/9194071"}],"replies":[{"embeddable":true,"href":"https:\/\/wordpress.nibis.de\/gswiedel\/wp-json\/wp\/v2\/comments?post=26"}],"version-history":[{"count":8,"href":"https:\/\/wordpress.nibis.de\/gswiedel\/wp-json\/wp\/v2\/pages\/26\/revisions"}],"predecessor-version":[{"id":550,"href":"https:\/\/wordpress.nibis.de\/gswiedel\/wp-json\/wp\/v2\/pages\/26\/revisions\/550"}],"wp:attachment":[{"href":"https:\/\/wordpress.nibis.de\/gswiedel\/wp-json\/wp\/v2\/media?parent=26"}],"curies":[{"name":"wp","href":"https:\/\/api.w.org\/{rel}","templated":true}]}}