{"id":53,"date":"2022-10-31T10:17:36","date_gmt":"2022-10-31T09:17:36","guid":{"rendered":"https:\/\/wordpress.nibis.de\/gswiedel\/?page_id=53"},"modified":"2022-12-05T20:15:04","modified_gmt":"2022-12-05T19:15:04","slug":"unterrichts-und-pausenzeiten","status":"publish","type":"page","link":"https:\/\/wordpress.nibis.de\/gswiedel\/unterrichts-und-pausenzeiten\/","title":{"rendered":"Unterrichts- und Pausenzeiten"},"content":{"rendered":"\n<p style=\"text-align: justify\"><span style=\"font-family: arial, helvetica, sans-serif\">Die freiwillige Betreuung nach dem Unterricht f\u00fcr die Kinder der Klassen 1 und 2 wird durch eine p\u00e4dagogische Mitarbeiterin sichergestellt. Die Grundschule Wiedelah ist, wie alle nieders\u00e4chsischen Grundschulen, eine &#8222;Verl\u00e4ssliche Grundschule\u201c, d. h. alle Kinder der Klassen 1 und 2 k\u00f6nnen t\u00e4glich 5 Zeitstunden in der Schule betreut werden, wenn die Eltern dies w\u00fcnschen. <\/span><\/p>\n<p style=\"text-align: justify\"><span style=\"font-family: Comic Sans MS\"><span style=\"font-family: arial, helvetica, sans-serif\">Die Sch\u00fclerinnen und Sch\u00fcler der Klassen 3 und 4 haben einen umfangreicheren Stundenplan, so dass sie t\u00e4glich mindestens 5 oder 6 Unterrichtsstunden haben.<\/span> <\/span><\/p>\n<p style=\"text-align: justify\"><span style=\"font-family: arial, helvetica, sans-serif;font-size: 12pt\">Ab 7:45 Uhr beginnt die freie Anfangzeit. Die Sch\u00fclerinnen und Sch\u00fcler haben Zeit anzukommen, sich auszutauschen, etwas zu essen und ihren Platz vorzubereiten.<\/span><\/p>\n\n\n\n<p><span style=\"font-family: arial, helvetica, sans-serif;font-size: 14pt\"><strong>Zeitrahmen f\u00fcr die Klasse 1 und 2<br><\/strong><\/span><\/p>\n\n\n\n<figure class=\"wp-block-table\"><table><tbody><tr><td>08.00 Uhr \u2013 09.40 Uhr<\/td><td>1. und 2. Unterrichtsstunde<\/td><\/tr><tr><td>09.40 Uhr \u2013&nbsp;10.05 Uhr<\/td><td>Spiel- und Bewegungspause; gemeinsames Fr\u00fchst\u00fcck<\/td><\/tr><tr><td>10.05 Uhr \u2013 11.40 Uhr<\/td><td>3. und 4. Unterrichtsstunde<\/td><\/tr><tr><td>11.40 Uhr \u2013 12.00 Uhr<\/td><td>Spiel- und Bewegungspause<\/td><\/tr><tr><td>12.00 Uhr \u2013 12.45 Uhr<\/td><td>freiwillige Betreuungszeit f\u00fcr angemeldete Kinder<\/td><\/tr><\/tbody><\/table><\/figure>\n\n\n\n<p><span style=\"font-family: arial, helvetica, sans-serif;font-size: 14pt\"><strong>Zeitrahmen f\u00fcr die Klassen 3 und 4<\/strong><\/span><\/p>\n\n\n\n<figure class=\"wp-block-table is-style-regular\"><table><tbody><tr><td>08.00 Uhr \u2013 09.40 Uhr<\/td><td>1. und 2. Unterrichtsstunde<\/td><\/tr><tr><td>09.40 Uhr \u2013 10.05 Uhr<\/td><td>Spiel- und Bewegungspause; gemeinsames Fr\u00fchst\u00fcck<\/td><\/tr><tr><td>10.05 Uhr \u2013 11.40 Uhr<\/td><td>3. und 4. Unterrichtsstunde<\/td><\/tr><tr><td>11.40 Uhr \u2013 12.00 Uhr<\/td><td>Spiel- und Bewegungspause<\/td><\/tr><tr><td>12.00 Uhr \u2013 12.45 Uhr<\/td><td>5. Unterrichtsstunde &#8211; oder &#8211; freiwillige Betreuungszeit bis 12.45 f\u00fcr angemeldete Kinder der Klasse 2 (3 Tage pro Woche Betreuung, 2 Tage pro Woche Unterricht in der 5. Stunde)<\/td><\/tr><tr><td>12.50 Uhr \u2013 13.35 Uhr<\/td><td>6. Stunde Arbeitsgemeinschaft (einmal pro Woche) (jedes Kind der Klasse 3 und 4 nimmt mindestens an einer Arbeitsgemeinschaft teil)<\/td><\/tr><\/tbody><\/table><\/figure>\n","protected":false},"excerpt":{"rendered":"<p>Die freiwillige Betreuung nach dem Unterricht f\u00fcr die Kinder der Klassen 1 und 2 wird durch eine p\u00e4dagogische Mitarbeiterin sichergestellt. Die Grundschule Wiedelah ist, wie alle nieders\u00e4chsischen Grundschulen, eine &#8222;Verl\u00e4ssliche Grundschule\u201c, d. h. alle Kinder der Klassen 1 und 2 &hellip; <a href=\"https:\/\/wordpress.nibis.de\/gswiedel\/unterrichts-und-pausenzeiten\/\">Weiterlesen <span class=\"meta-nav\">&rarr;<\/span><\/a><\/p>\n","protected":false},"author":9194071,"featured_media":0,"parent":0,"menu_order":0,"comment_status":"closed","ping_status":"closed","template":"","meta":{"footnotes":""},"class_list":["post-53","page","type-page","status-publish","hentry"],"_links":{"self":[{"href":"https:\/\/wordpress.nibis.de\/gswiedel\/wp-json\/wp\/v2\/pages\/53","targetHints":{"allow":["GET"]}}],"collection":[{"href":"https:\/\/wordpress.nibis.de\/gswiedel\/wp-json\/wp\/v2\/pages"}],"about":[{"href":"https:\/\/wordpress.nibis.de\/gswiedel\/wp-json\/wp\/v2\/types\/page"}],"author":[{"embeddable":true,"href":"https:\/\/wordpress.nibis.de\/gswiedel\/wp-json\/wp\/v2\/users\/9194071"}],"replies":[{"embeddable":true,"href":"https:\/\/wordpress.nibis.de\/gswiedel\/wp-json\/wp\/v2\/comments?post=53"}],"version-history":[{"count":5,"href":"https:\/\/wordpress.nibis.de\/gswiedel\/wp-json\/wp\/v2\/pages\/53\/revisions"}],"predecessor-version":[{"id":124,"href":"https:\/\/wordpress.nibis.de\/gswiedel\/wp-json\/wp\/v2\/pages\/53\/revisions\/124"}],"wp:attachment":[{"href":"https:\/\/wordpress.nibis.de\/gswiedel\/wp-json\/wp\/v2\/media?parent=53"}],"curies":[{"name":"wp","href":"https:\/\/api.w.org\/{rel}","templated":true}]}}