{"id":55,"date":"2022-10-31T10:18:56","date_gmt":"2022-10-31T09:18:56","guid":{"rendered":"https:\/\/wordpress.nibis.de\/gswiedel\/?page_id=55"},"modified":"2023-01-28T10:37:33","modified_gmt":"2023-01-28T09:37:33","slug":"leitbild","status":"publish","type":"page","link":"https:\/\/wordpress.nibis.de\/gswiedel\/leitbild\/","title":{"rendered":"Leitbild"},"content":{"rendered":"\n<p><span style=\"font-size: 24pt;font-family: arial, helvetica, sans-serif\"><span style=\"text-decoration: underline\"><strong>Leits\u00e4tze der Grundschule Wiedelah<\/strong><\/span><\/span><\/p>\n\n\n\n<ul>\n<li>\n<p><span style=\"font-family: arial, helvetica, sans-serif;font-size: 14pt\">Wir sind als kleine Schule mit kleinen Klassen bestrebt, daf\u00fcr Sorge zu tragen, dass alle aufeinander achten und jeder f\u00fcr jeden da ist.<\/span><\/p>\n<\/li>\n<li>\n<p><span style=\"font-family: arial, helvetica, sans-serif;font-size: 14pt\">Wir ber\u00fccksichtigen unterschiedliche Lernvoraussetzungen der SuS und st\u00e4rken sie durch individualisiertes Lernen.<\/span><\/p>\n<\/li>\n<li>\n<p><span style=\"font-family: arial, helvetica, sans-serif;font-size: 14pt\">Es ist uns wichtig, die Kinder durch Methoden- \/ Lern- und Arbeitstechniken auf selbstst\u00e4ndiges Arbeiten vorzubereiten.<\/span><\/p>\n<\/li>\n<li>\n<p><span style=\"font-family: arial, helvetica, sans-serif;font-size: 14pt\">Wir legen besonderen Wert auf Lesef\u00f6rderung und Gesundheitsf\u00f6rderung.<\/span><\/p>\n<\/li>\n<li>\n<p><span style=\"font-family: arial, helvetica, sans-serif;font-size: 14pt\">In unserem kleinen Team im kollegialen Austausch, um uns fachlich abzusprechen und um f\u00fcr die SuS einen verbindlichen Rahmen f\u00fcr das Schulleben zu schaffen.<\/span><\/p>\n<\/li>\n<li>\n<p><span style=\"font-family: arial, helvetica, sans-serif;font-size: 14pt\">Die Teilnahme am kulturellen Leben des Dorfes ist uns wichtig.<\/span><\/p>\n<\/li>\n<li>\n<p><span style=\"font-family: arial, helvetica, sans-serif;font-size: 14pt\">Wir schaffen eine Lernatmosph\u00e4re, die soziale Kompetenzen fordert und f\u00f6rdert.<\/span><\/p>\n<\/li>\n<\/ul>\n","protected":false},"excerpt":{"rendered":"<p>Leits\u00e4tze der Grundschule Wiedelah Wir sind als kleine Schule mit kleinen Klassen bestrebt, daf\u00fcr Sorge zu tragen, dass alle aufeinander achten und jeder f\u00fcr jeden da ist. Wir ber\u00fccksichtigen unterschiedliche Lernvoraussetzungen der SuS und st\u00e4rken sie durch individualisiertes Lernen. Es &hellip; <a href=\"https:\/\/wordpress.nibis.de\/gswiedel\/leitbild\/\">Weiterlesen <span class=\"meta-nav\">&rarr;<\/span><\/a><\/p>\n","protected":false},"author":9194071,"featured_media":0,"parent":0,"menu_order":0,"comment_status":"closed","ping_status":"closed","template":"","meta":{"footnotes":""},"class_list":["post-55","page","type-page","status-publish","hentry"],"_links":{"self":[{"href":"https:\/\/wordpress.nibis.de\/gswiedel\/wp-json\/wp\/v2\/pages\/55","targetHints":{"allow":["GET"]}}],"collection":[{"href":"https:\/\/wordpress.nibis.de\/gswiedel\/wp-json\/wp\/v2\/pages"}],"about":[{"href":"https:\/\/wordpress.nibis.de\/gswiedel\/wp-json\/wp\/v2\/types\/page"}],"author":[{"embeddable":true,"href":"https:\/\/wordpress.nibis.de\/gswiedel\/wp-json\/wp\/v2\/users\/9194071"}],"replies":[{"embeddable":true,"href":"https:\/\/wordpress.nibis.de\/gswiedel\/wp-json\/wp\/v2\/comments?post=55"}],"version-history":[{"count":2,"href":"https:\/\/wordpress.nibis.de\/gswiedel\/wp-json\/wp\/v2\/pages\/55\/revisions"}],"predecessor-version":[{"id":146,"href":"https:\/\/wordpress.nibis.de\/gswiedel\/wp-json\/wp\/v2\/pages\/55\/revisions\/146"}],"wp:attachment":[{"href":"https:\/\/wordpress.nibis.de\/gswiedel\/wp-json\/wp\/v2\/media?parent=55"}],"curies":[{"name":"wp","href":"https:\/\/api.w.org\/{rel}","templated":true}]}}