{"id":241,"date":"2019-01-18T19:15:21","date_gmt":"2019-01-18T18:15:21","guid":{"rendered":"https:\/\/wordpress.nibis.de\/gswohltberg\/?page_id=241"},"modified":"2019-01-24T14:21:13","modified_gmt":"2019-01-24T13:21:13","slug":"impressum","status":"publish","type":"page","link":"https:\/\/wordpress.nibis.de\/gswohltberg\/impressum\/","title":{"rendered":"Impressum"},"content":{"rendered":"<div class=\"entry-content\">\n<p><span style=\"font-family: helvetica, arial, sans-serif\"><strong>Angaben gem\u00e4\u00df \u00a7 5 TMG:<\/strong><\/span><\/p>\n<p><span style=\"font-family: helvetica, arial, sans-serif\"><strong>Land Niedersachsen (Diensteanbieter im Sinne des Telemediengesetzes)<\/strong><\/span><\/p>\n<p><span style=\"font-family: helvetica, arial, sans-serif\"><strong>Das Land Niedersachsen ist eine juristische Person des \u00f6ffentlichen Rechts vertreten durch: <\/strong><\/span><\/p>\n<p><span style=\"font-family: helvetica, arial, sans-serif\"><strong>Schulleiterin<\/strong><\/span><br \/>\n<span style=\"font-family: helvetica, arial, sans-serif\">Ute Gezer<br \/>\n<\/span><\/p>\n<p><span style=\"font-family: helvetica, arial, sans-serif\"><strong>Grundschule Wohltberg<br \/>\n<\/strong><\/span>Danziger Stra\u00dfe 17<br \/>\n38440 Wolfsburg<\/p>\n<p>&nbsp;<\/p>\n<p><span style=\"font-family: helvetica, arial, sans-serif\"><strong>Sekretariat<\/strong><\/span><br \/>\n<span style=\"font-family: helvetica, arial, sans-serif\">Frau Schulze<\/span><br \/>\n<span style=\"font-family: helvetica, arial, sans-serif\"><strong>Tel.:<\/strong> (05361) 308 96 \u2013 0<\/span><br \/>\n<span style=\"font-family: helvetica, arial, sans-serif\"><strong>Fax:<\/strong> (05361) 308 96 \u2013 0<\/span><br \/>\n<span style=\"font-family: helvetica, arial, sans-serif\"><strong>E-Mail: <\/strong><a href=\"&#109;&#x61;&#105;&#x6c;&#116;&#x6f;:&#x67;s&#x2d;w&#111;&#x68;&#108;&#x74;&#98;&#x65;&#114;&#x67;&#64;&#x77;o&#x6c;f&#115;&#x62;&#117;&#x72;&#103;&#x2e;&#100;&#x65;\">gs-wohltberg(at)wolfsburg.de<\/a><\/span><br \/>\n<span style=\"font-family: helvetica, arial, sans-serif\"><strong>Online-Redaktion: <\/strong><a href=\"&#109;&#x61;i&#108;&#x74;o&#58;&#x67;s&#x2d;&#x77;&#111;&#x68;l&#116;&#x62;e&#114;&#x67;&#64;&#x77;&#x6f;&#108;&#x66;&#x73;&#98;&#x75;r&#103;&#x2e;d&#101;\">gs-wohltberg(at)wolfsburg.de<\/a><\/span><br \/>\n<span style=\"font-family: helvetica, arial, sans-serif\"><strong>Webmaster: <\/strong><a href=\"m&#97;&#105;&#108;&#x74;&#x6f;&#x3a;gs&#45;&#119;&#x6f;&#x68;&#x6c;&#x74;be&#114;&#103;&#x40;&#x77;&#x6f;&#x6c;f&#115;&#98;&#117;&#x72;&#x67;&#x2e;de\">gs-wohltberg(at)wolfsburg.de<\/a><\/span><br \/>\n<span style=\"font-family: helvetica, arial, sans-serif\"><strong> Schulische(r) Datenschutzbeauftragte(r):<\/strong> <a href=\"&#x6d;&#97;i&#x6c;&#116;&#111;&#x3a;&#x67;&#115;-&#x77;&#111;h&#x6c;&#x74;&#98;e&#x72;&#103;&#64;&#x77;&#x6f;&#108;f&#x73;&#98;u&#x72;&#x67;&#46;d&#x65;\">gs-wohltberg(at)wolfsburg.de<\/a><\/span><\/p>\n<p><span style=\"font-family: helvetica, arial, sans-serif\"><strong>B\u00fcrozeiten:<\/strong><br \/>\n<strong>Mo &#8211; Di<\/strong>\u00a0 8.15-11:30 Uhr<br \/>\n<strong>Do &#8211; Fr<\/strong>\u00a0 8.15-11:30 Uhr<br \/>\n<\/span><\/p>\n<p><span style=\"font-family: helvetica, arial, sans-serif\"><strong>Pausenzeiten<\/strong>:<br \/>\n9.40-10.10 Uhr und 11.45-12.15 Uhr<\/span><\/p>\n<p><span style=\"font-family: helvetica, arial, sans-serif\"><strong>Haftungsausschluss<\/strong><\/span><\/p>\n<p><span style=\"font-family: helvetica, arial, sans-serif\">Diese Webseite beinhaltet externe Links. Deren Inhalte entziehen sich unserer Einflussnahme, sodass eine Gew\u00e4hr f\u00fcr solche Inhalte von uns nicht \u00fcbernommen werden kann.<\/span><\/p>\n<p><span style=\"font-family: helvetica, arial, sans-serif\">Die Verantwortung liegt stets beim jeweiligen Betreiber der externen Seiten. Zum Zeitpunkt der Verkn\u00fcpfung der externen Links waren keine Rechtsverst\u00f6\u00dfe ersichtlich. Die permanente \u00dcberwachung fremder Inhalte auf Rechtsverst\u00f6\u00dfe ohne konkrete Hinweise ist uns nicht zumutbar.<\/span><\/p>\n<p><span style=\"font-family: helvetica, arial, sans-serif\">Sollten wir Kenntnis von Rechtsverletzungen erlangen, werden wir die entsprechenden externen Links unverz\u00fcglich entfernen.<\/span><\/p>\n<\/div>\n<p>&nbsp;<\/p>\n<p>Datenschutzerkl\u00e4rung: \u00a0 \u00a0<a href=\"https:\/\/wordpress.nibis.de\/gswohltberg\/?page_id=274&amp;preview=true\" target=\"_blank\" rel=\"noopener\">hier klicken<\/a> \u00a0\u00a0 (\u00f6ffnet einen neuen Tab)<\/p>\n","protected":false},"excerpt":{"rendered":"<p>Angaben gem\u00e4\u00df \u00a7 5 TMG: Land Niedersachsen (Diensteanbieter im Sinne des Telemediengesetzes) Das Land Niedersachsen ist eine juristische Person des \u00f6ffentlichen Rechts vertreten durch: Schulleiterin Ute Gezer Grundschule Wohltberg Danziger Stra\u00dfe 17 38440 Wolfsburg &nbsp; Sekretariat Frau Schulze Tel.: (05361) &hellip; <a href=\"https:\/\/wordpress.nibis.de\/gswohltberg\/impressum\/\">Weiterlesen <span class=\"meta-nav\">&rarr;<\/span><\/a><\/p>\n","protected":false},"author":9192774,"featured_media":0,"parent":0,"menu_order":1,"comment_status":"closed","ping_status":"closed","template":"","meta":{"footnotes":""},"class_list":["post-241","page","type-page","status-publish","hentry"],"_links":{"self":[{"href":"https:\/\/wordpress.nibis.de\/gswohltberg\/wp-json\/wp\/v2\/pages\/241","targetHints":{"allow":["GET"]}}],"collection":[{"href":"https:\/\/wordpress.nibis.de\/gswohltberg\/wp-json\/wp\/v2\/pages"}],"about":[{"href":"https:\/\/wordpress.nibis.de\/gswohltberg\/wp-json\/wp\/v2\/types\/page"}],"author":[{"embeddable":true,"href":"https:\/\/wordpress.nibis.de\/gswohltberg\/wp-json\/wp\/v2\/users\/9192774"}],"replies":[{"embeddable":true,"href":"https:\/\/wordpress.nibis.de\/gswohltberg\/wp-json\/wp\/v2\/comments?post=241"}],"version-history":[{"count":9,"href":"https:\/\/wordpress.nibis.de\/gswohltberg\/wp-json\/wp\/v2\/pages\/241\/revisions"}],"predecessor-version":[{"id":283,"href":"https:\/\/wordpress.nibis.de\/gswohltberg\/wp-json\/wp\/v2\/pages\/241\/revisions\/283"}],"wp:attachment":[{"href":"https:\/\/wordpress.nibis.de\/gswohltberg\/wp-json\/wp\/v2\/media?parent=241"}],"curies":[{"name":"wp","href":"https:\/\/api.w.org\/{rel}","templated":true}]}}