{"id":483,"date":"2019-03-12T13:19:33","date_gmt":"2019-03-12T12:19:33","guid":{"rendered":"https:\/\/wordpress.nibis.de\/gswohltberg\/?page_id=483"},"modified":"2019-03-13T07:21:40","modified_gmt":"2019-03-13T06:21:40","slug":"angebotesozialarbeit","status":"publish","type":"page","link":"https:\/\/wordpress.nibis.de\/gswohltberg\/schulsozialarbeit\/angebotesozialarbeit\/","title":{"rendered":"Angebote Sozialarbeit"},"content":{"rendered":"\n<p>Beratung, Vermittlung und Training &#8230;<\/p>\n<p>Kinder haben ein Recht auf Bildung und Teilhabe am Schulleben.<\/p>\n<p>Sie sollen Freude am Lernen haben und ein Teil der Gemeinschaft werden.<\/p>\n<p>Schulsozialarbeit unterst\u00fctzt die Schulkinder, deren Angeh\u00f6rige und die Mitarbeitenden der Schule.<\/p>\n<p>Dazu werden neben der allgemeinen Beratung und der Vermittlung von passgenauen Hilfen pr\u00e4ventive Angebote gemacht.<\/p>\n<p>Die Schulkinder nehmen an sozialen Trainings teil und werden dazu animiert Probleme zu erkennen und selbstst\u00e4ndig L\u00f6sungen zu entwickeln.<\/p>\n<p>Au\u00dferdem geht es um die F\u00f6rderung der Partizipation von Kindern und um die F\u00f6rderung der Akzeptanz in kultureller, religi\u00f6ser, sozialer und sexueller Vielfalt.<\/p>\n","protected":false},"excerpt":{"rendered":"<p>Beratung, Vermittlung und Training &#8230; Kinder haben ein Recht auf Bildung und Teilhabe am Schulleben. Sie sollen Freude am Lernen haben und ein Teil der Gemeinschaft werden. Schulsozialarbeit unterst\u00fctzt die Schulkinder, deren Angeh\u00f6rige und die Mitarbeitenden der Schule. Dazu werden &hellip; <a href=\"https:\/\/wordpress.nibis.de\/gswohltberg\/schulsozialarbeit\/angebotesozialarbeit\/\">Weiterlesen <span class=\"meta-nav\">&rarr;<\/span><\/a><\/p>\n","protected":false},"author":9192774,"featured_media":0,"parent":413,"menu_order":1,"comment_status":"closed","ping_status":"closed","template":"","meta":{"footnotes":""},"class_list":["post-483","page","type-page","status-publish","hentry"],"_links":{"self":[{"href":"https:\/\/wordpress.nibis.de\/gswohltberg\/wp-json\/wp\/v2\/pages\/483","targetHints":{"allow":["GET"]}}],"collection":[{"href":"https:\/\/wordpress.nibis.de\/gswohltberg\/wp-json\/wp\/v2\/pages"}],"about":[{"href":"https:\/\/wordpress.nibis.de\/gswohltberg\/wp-json\/wp\/v2\/types\/page"}],"author":[{"embeddable":true,"href":"https:\/\/wordpress.nibis.de\/gswohltberg\/wp-json\/wp\/v2\/users\/9192774"}],"replies":[{"embeddable":true,"href":"https:\/\/wordpress.nibis.de\/gswohltberg\/wp-json\/wp\/v2\/comments?post=483"}],"version-history":[{"count":5,"href":"https:\/\/wordpress.nibis.de\/gswohltberg\/wp-json\/wp\/v2\/pages\/483\/revisions"}],"predecessor-version":[{"id":514,"href":"https:\/\/wordpress.nibis.de\/gswohltberg\/wp-json\/wp\/v2\/pages\/483\/revisions\/514"}],"up":[{"embeddable":true,"href":"https:\/\/wordpress.nibis.de\/gswohltberg\/wp-json\/wp\/v2\/pages\/413"}],"wp:attachment":[{"href":"https:\/\/wordpress.nibis.de\/gswohltberg\/wp-json\/wp\/v2\/media?parent=483"}],"curies":[{"name":"wp","href":"https:\/\/api.w.org\/{rel}","templated":true}]}}