{"id":498,"date":"2019-03-12T13:35:10","date_gmt":"2019-03-12T12:35:10","guid":{"rendered":"https:\/\/wordpress.nibis.de\/gswohltberg\/?page_id=498"},"modified":"2019-03-12T13:57:37","modified_gmt":"2019-03-12T12:57:37","slug":"498-2","status":"publish","type":"page","link":"https:\/\/wordpress.nibis.de\/gswohltberg\/schulsozialarbeit\/498-2\/","title":{"rendered":"Angebote Schulseelsorge"},"content":{"rendered":"\n<p>Schulseelsorge \u2026<\/p>\n<p>&#8211; ber\u00e4t Kinder, Angeh\u00f6rige und Mitarbeitende in schwierigen Lebensphasen<\/p>\n<p>&#8211; soll Entlastung und Halt bei Kummer und Sorgen bringen<\/p>\n<p>&#8211; begleitet Menschen, die trauern<\/p>\n<p>&#8211; unterst\u00fctzt bei Sinnfragen<\/p>\n<p>&#8211; f\u00f6rdert das Verst\u00e4ndnis zwischen Kulturen und Religionen<\/p>\n<p>Seelsorge unterliegt der Verschwiegenheit &#8211; wer ein seelsorgerliches Gespr\u00e4ch in Anspruch nimmt, kann auf das Seelsorgegeheimnis bestehen und sicher sein, dass niemand davon erf\u00e4hrt.<\/p>\n","protected":false},"excerpt":{"rendered":"<p>Schulseelsorge \u2026 &#8211; ber\u00e4t Kinder, Angeh\u00f6rige und Mitarbeitende in schwierigen Lebensphasen &#8211; soll Entlastung und Halt bei Kummer und Sorgen bringen &#8211; begleitet Menschen, die trauern &#8211; unterst\u00fctzt bei Sinnfragen &#8211; f\u00f6rdert das Verst\u00e4ndnis zwischen Kulturen und Religionen Seelsorge unterliegt &hellip; <a href=\"https:\/\/wordpress.nibis.de\/gswohltberg\/schulsozialarbeit\/498-2\/\">Weiterlesen <span class=\"meta-nav\">&rarr;<\/span><\/a><\/p>\n","protected":false},"author":9192774,"featured_media":0,"parent":413,"menu_order":0,"comment_status":"closed","ping_status":"closed","template":"","meta":{"footnotes":""},"class_list":["post-498","page","type-page","status-publish","hentry"],"_links":{"self":[{"href":"https:\/\/wordpress.nibis.de\/gswohltberg\/wp-json\/wp\/v2\/pages\/498","targetHints":{"allow":["GET"]}}],"collection":[{"href":"https:\/\/wordpress.nibis.de\/gswohltberg\/wp-json\/wp\/v2\/pages"}],"about":[{"href":"https:\/\/wordpress.nibis.de\/gswohltberg\/wp-json\/wp\/v2\/types\/page"}],"author":[{"embeddable":true,"href":"https:\/\/wordpress.nibis.de\/gswohltberg\/wp-json\/wp\/v2\/users\/9192774"}],"replies":[{"embeddable":true,"href":"https:\/\/wordpress.nibis.de\/gswohltberg\/wp-json\/wp\/v2\/comments?post=498"}],"version-history":[{"count":5,"href":"https:\/\/wordpress.nibis.de\/gswohltberg\/wp-json\/wp\/v2\/pages\/498\/revisions"}],"predecessor-version":[{"id":1216,"href":"https:\/\/wordpress.nibis.de\/gswohltberg\/wp-json\/wp\/v2\/pages\/498\/revisions\/1216"}],"up":[{"embeddable":true,"href":"https:\/\/wordpress.nibis.de\/gswohltberg\/wp-json\/wp\/v2\/pages\/413"}],"wp:attachment":[{"href":"https:\/\/wordpress.nibis.de\/gswohltberg\/wp-json\/wp\/v2\/media?parent=498"}],"curies":[{"name":"wp","href":"https:\/\/api.w.org\/{rel}","templated":true}]}}