{"id":570,"date":"2019-03-25T12:51:33","date_gmt":"2019-03-25T11:51:33","guid":{"rendered":"https:\/\/wordpress.nibis.de\/gswohltberg\/?page_id=570"},"modified":"2025-12-17T21:18:45","modified_gmt":"2025-12-17T20:18:45","slug":"zeitstruktur","status":"publish","type":"page","link":"https:\/\/wordpress.nibis.de\/gswohltberg\/startseite\/zeitstruktur\/","title":{"rendered":"Zeitstruktur"},"content":{"rendered":"\n<p class=\"western\" style=\"text-align: left\" align=\"center\"><span style=\"font-size: x-large\"><b>Zeitstruktur der GS Wohltberg<\/b><\/span><\/p>\n<p class=\"western\" style=\"text-align: left\" align=\"center\">g\u00fcltig ab dem 03.08.2025<\/p>\n<p class=\"western\"><span style=\"font-size: x-large\">1. Stunde: 8.00 &#8211; 8.45 Uhr<\/span><\/p>\n<p class=\"western\"><span style=\"color: #008000\"><span style=\"font-size: x-large\">Fr\u00fchst\u00fcck: 8.45 &#8211; 8.55 Uhr<\/span><\/span><\/p>\n<p class=\"western\"><span style=\"font-size: x-large\">2. Stunde: 8.55 &#8211; 9.40 Uhr<\/span><\/p>\n<p class=\"western\"><span style=\"color: #008000\"><span style=\"font-size: x-large\">1.Pause : 9.40 &#8211; 10.10 Uhr<\/span><\/span><\/p>\n<p class=\"western\"><span style=\"font-size: x-large\">3. Stunde: 10.10 &#8211; 10.55 Uhr<\/span><\/p>\n<p class=\"western\"><span style=\"font-size: x-large\">4. Stunde: 11.00 \u2013 11.45 Uhr<\/span><\/p>\n<p class=\"western\"><span style=\"color: #008000\"><span style=\"font-size: x-large\">2.Pause: 11.45 \u2013 12.15 Uhr<\/span><\/span><\/p>\n<p class=\"western\"><span style=\"font-size: x-large\">5. Stunde: 12.15 \u2013 13.00 Uhr<\/span><\/p>\n<p class=\"western\"><span style=\"color: #008000\"><span style=\"font-size: x-large\">Mittagszeit: 13.00 \u2013 13.30 Uhr<\/span><\/span><\/p>\n<p class=\"western\"><span style=\"font-size: x-large\">Dienstags und Donnerstags <span style=\"color: #999999\"><em>Ganztag f\u00fcr alle Kinder bis 15:00Uhr<\/em><\/span><\/span><\/p>\n<table style=\"border-collapse: collapse;width: 76.3157%;height: 60px\">\n<tbody>\n<tr style=\"height: 20px\">\n<td style=\"width: 130.21px;text-align: center;height: 60px\" rowspan=\"3\">\n<p>\u00a0<br \/>Schulschluss<\/p>\n<p>(je nach Anmeldung)<br \/>\u00a0<\/p>\n<\/td>\n<td style=\"width: 130.21px;text-align: center;height: 20px\">15:00 Uhr<\/td>\n<\/tr>\n<tr style=\"height: 20px\">\n<td style=\"width: 130.21px;text-align: center;height: 20px\">16:00 Uhr<\/td>\n<\/tr>\n<tr style=\"height: 20px\">\n<td style=\"width: 130.21px;text-align: center;height: 20px\">17:00 Uhr<\/td>\n<\/tr>\n<\/tbody>\n<\/table>\n<address class=\"western\">\u00a0<\/address>\n<p>\u00a0<\/p>\n","protected":false},"excerpt":{"rendered":"<p>Zeitstruktur der GS Wohltberg g\u00fcltig ab dem 03.08.2025 1. Stunde: 8.00 &#8211; 8.45 Uhr Fr\u00fchst\u00fcck: 8.45 &#8211; 8.55 Uhr 2. Stunde: 8.55 &#8211; 9.40 Uhr 1.Pause : 9.40 &#8211; 10.10 Uhr 3. Stunde: 10.10 &#8211; 10.55 Uhr 4. Stunde: 11.00 &hellip; <a href=\"https:\/\/wordpress.nibis.de\/gswohltberg\/startseite\/zeitstruktur\/\">Weiterlesen <span class=\"meta-nav\">&rarr;<\/span><\/a><\/p>\n","protected":false},"author":9192774,"featured_media":0,"parent":155,"menu_order":0,"comment_status":"closed","ping_status":"closed","template":"","meta":{"footnotes":""},"class_list":["post-570","page","type-page","status-publish","hentry"],"_links":{"self":[{"href":"https:\/\/wordpress.nibis.de\/gswohltberg\/wp-json\/wp\/v2\/pages\/570","targetHints":{"allow":["GET"]}}],"collection":[{"href":"https:\/\/wordpress.nibis.de\/gswohltberg\/wp-json\/wp\/v2\/pages"}],"about":[{"href":"https:\/\/wordpress.nibis.de\/gswohltberg\/wp-json\/wp\/v2\/types\/page"}],"author":[{"embeddable":true,"href":"https:\/\/wordpress.nibis.de\/gswohltberg\/wp-json\/wp\/v2\/users\/9192774"}],"replies":[{"embeddable":true,"href":"https:\/\/wordpress.nibis.de\/gswohltberg\/wp-json\/wp\/v2\/comments?post=570"}],"version-history":[{"count":5,"href":"https:\/\/wordpress.nibis.de\/gswohltberg\/wp-json\/wp\/v2\/pages\/570\/revisions"}],"predecessor-version":[{"id":2768,"href":"https:\/\/wordpress.nibis.de\/gswohltberg\/wp-json\/wp\/v2\/pages\/570\/revisions\/2768"}],"up":[{"embeddable":true,"href":"https:\/\/wordpress.nibis.de\/gswohltberg\/wp-json\/wp\/v2\/pages\/155"}],"wp:attachment":[{"href":"https:\/\/wordpress.nibis.de\/gswohltberg\/wp-json\/wp\/v2\/media?parent=570"}],"curies":[{"name":"wp","href":"https:\/\/api.w.org\/{rel}","templated":true}]}}