{"id":230,"date":"2019-06-12T12:54:11","date_gmt":"2019-06-12T10:54:11","guid":{"rendered":"https:\/\/wordpress.nibis.de\/gsworth\/?page_id=230"},"modified":"2019-06-12T12:54:12","modified_gmt":"2019-06-12T10:54:12","slug":"leitbild-der-grundschule-worthschule","status":"publish","type":"page","link":"https:\/\/wordpress.nibis.de\/gsworth\/leitbild-der-grundschule-worthschule\/","title":{"rendered":"Leitbild der Grundschule Worthschule"},"content":{"rendered":"\n<p>Wir wollen, dass unsere Sch\u00fclerinnen und Sch\u00fcler sich zu verantwortungsbewussten und aufgeschlossenen Menschen entwickeln, die auf Grund ihrer F\u00e4higkeiten aktiv an der Gestaltung einer zuk\u00fcnftigen Gesellschaft mitwirken k\u00f6nnen.<br \/><br \/><strong>Neues wagen &#8211; Bew\u00e4hrtes erhalten<br \/><\/strong><br \/>Wir sch\u00e4tzen gewachsene bew\u00e4hrte Strukturen, \u00f6ffnen uns aber auch aktuellen Erkenntnissen. Wir bauen neue Werte und Techniken in unser Leben und Denken ein.<br \/>Vor dem Hintergrund der Auseinandersetzung wachsen Respekt und Wertsch\u00e4tzung sowie Toleranz. Eine konstruktive Konflikt- und Kritikf\u00e4higkeit wird entwickelt, ein gesundes Selbstvertrauen kann wachsen.<br \/><br \/><strong>Miteinander lernen &#8211; miteinander leben<br \/><\/strong><br \/>In einer gewaltfreien, von christlichen Grundwerten wie Menschlichkeit und Hilfsbereitschaft gepr\u00e4gten Atmosph\u00e4re kann man sich wohlf\u00fchlen. Wer frei von inneren Konflikten ist, kann Neugierde und Wissensdrang sowie Lernbereitschaft entfalten.<br \/>Gemeinsam erarbeitete Regeln pr\u00e4gen das Zusammenleben. Klassen- und Freir\u00e4ume, die gemeinsam gestaltet wurden, f\u00f6rdern Kreativit\u00e4t und Verantwortung und sorgen f\u00fcr ein gesundes Schulklima, in dem auch die Bed\u00fcrfnisse anderer wahrgenommen werden.<br \/><br \/><strong>Verantwortung st\u00e4rken &#8211; Begabung entfalten<br \/><\/strong><br \/>Wir f\u00f6rdern und fordern jedes Kind. In Zusammenarbeit mit den Eltern wird das Kind in seiner Pers\u00f6nlichkeitsentwicklung, in seiner Selbstorganisation und Eigenverantwortung unterst\u00fctzt, so dass es seinen individuellen Lernweg finden kann. Im Rahmen von Gruppen- und Projektarbeit wird die Teamf\u00e4higkeit gef\u00f6rdert.<\/p>\n","protected":false},"excerpt":{"rendered":"<p>Wir wollen, dass unsere Sch\u00fclerinnen und Sch\u00fcler sich zu verantwortungsbewussten und aufgeschlossenen Menschen entwickeln, die auf Grund ihrer F\u00e4higkeiten aktiv an der Gestaltung einer zuk\u00fcnftigen Gesellschaft mitwirken k\u00f6nnen. Neues wagen &#8211; Bew\u00e4hrtes erhaltenWir sch\u00e4tzen gewachsene bew\u00e4hrte Strukturen, \u00f6ffnen uns aber auch aktuellen Erkenntnissen. Wir bauen neue Werte und Techniken in unser Leben und Denken ein.Vor &hellip; <a href=\"https:\/\/wordpress.nibis.de\/gsworth\/leitbild-der-grundschule-worthschule\/\" class=\"more-link\">Weiterlesen <span class=\"screen-reader-text\">Leitbild der Grundschule Worthschule<\/span><\/a><\/p>\n","protected":false},"author":9193170,"featured_media":0,"parent":0,"menu_order":0,"comment_status":"closed","ping_status":"closed","template":"","meta":{"footnotes":""},"class_list":["post-230","page","type-page","status-publish","hentry","without-featured-image"],"_links":{"self":[{"href":"https:\/\/wordpress.nibis.de\/gsworth\/wp-json\/wp\/v2\/pages\/230","targetHints":{"allow":["GET"]}}],"collection":[{"href":"https:\/\/wordpress.nibis.de\/gsworth\/wp-json\/wp\/v2\/pages"}],"about":[{"href":"https:\/\/wordpress.nibis.de\/gsworth\/wp-json\/wp\/v2\/types\/page"}],"author":[{"embeddable":true,"href":"https:\/\/wordpress.nibis.de\/gsworth\/wp-json\/wp\/v2\/users\/9193170"}],"replies":[{"embeddable":true,"href":"https:\/\/wordpress.nibis.de\/gsworth\/wp-json\/wp\/v2\/comments?post=230"}],"version-history":[{"count":1,"href":"https:\/\/wordpress.nibis.de\/gsworth\/wp-json\/wp\/v2\/pages\/230\/revisions"}],"predecessor-version":[{"id":233,"href":"https:\/\/wordpress.nibis.de\/gsworth\/wp-json\/wp\/v2\/pages\/230\/revisions\/233"}],"wp:attachment":[{"href":"https:\/\/wordpress.nibis.de\/gsworth\/wp-json\/wp\/v2\/media?parent=230"}],"curies":[{"name":"wp","href":"https:\/\/api.w.org\/{rel}","templated":true}]}}