{"id":236,"date":"2019-06-12T12:59:35","date_gmt":"2019-06-12T10:59:35","guid":{"rendered":"https:\/\/wordpress.nibis.de\/gsworth\/?page_id=236"},"modified":"2025-05-20T18:26:40","modified_gmt":"2025-05-20T16:26:40","slug":"ganztagsbetreuung","status":"publish","type":"page","link":"https:\/\/wordpress.nibis.de\/gsworth\/ganztagsbetreuung\/","title":{"rendered":"Ganztagsbetreuung"},"content":{"rendered":"\n<p>Die GS Worthschule wird seit dem Schuljahr 2012\/13 als offene Ganztagsschule gef\u00fchrt.<br \/>Nach Unterrichtsschluss gehen die zur Ganztagsbetreuung (GTB) angemeldeten Kinder in die schuleigene Mensa zum Essen. Die Stadt Goslar hat f\u00fcr die Grundschulen mit GTB einen Cateringvertrag mit der Fa. Habekost &amp; Fichtner, die in der Bassgeige ans\u00e4ssig ist, abgeschlossen. Die Mitarbeiterin f\u00fcr die Essensausgabe und Pflege der dazu geh\u00f6rigen R\u00e4ume sowie des Geschirrs wurde ebenfalls von der Stadt Goslar eingestellt. Die Kontrolle der gesundheitlichen und hygienischen Auflagen obliegt dem Goslarer Geb\u00e4udemanagement.<br \/>An die Essenszeit schlie\u00dft sich f\u00fcr die Kinder eine Phase der Bewegung, des Spiels oder der Ruhe an, bevor die Hausaufgaben erledigt werden.\u00a0<br \/>Die Zeit der Hausaufgabenbetreuung wird auch als \u00dcbungszeit genutzt. Zum \u00dcben gibt es Materialsammlungen in den entsprechenden Klassenr\u00e4umen sowie individuelle Konzentrationsspiele oder Klassenb\u00fcchereien. W\u00e4hrend der Hausaufgabenzeit sind die Kinder festen Gruppen zugeteilt, damit die Betreuerin besser St\u00e4rken des Kindes unterst\u00fctzen oder Schw\u00e4chen ausgleichen kann und das Kind eine Beziehung zur Betreuerin aufbauen kann.<br \/>Nach der Hausaufgabenerledigung endet f\u00fcr einige Kinder die Ganztagsbetreuung um 14.45 Uhr. Von den anderen Kindern werden die verschiedenen Themenangebote (AGs) aufgesucht, welche immer zu Beginn eines Halbjahres gew\u00e4hlt wurden. So gibt es neben sportlichen auch kreative oder wissenserweiternde Angebote. Die Ganztagsbetreuung schlie\u00dft f\u00fcr diese Kinder um 15:30 Uhr.<\/p>\n\n\n\n<p><strong>Anmeldung zur Ganztagsbetreuung<\/strong><\/p>\n<p>Sie k\u00f6nnen Ihr Kind im Mai \/ Juni f\u00fcr das folgende Schuljahr zur Ganztagsbetreuung (GTB) anmelden.\u00a0<br \/>\u00c4nderungsw\u00fcnsche sind vor Beginn des zweiten Halbjahres m\u00f6glich.<\/p>\n","protected":false},"excerpt":{"rendered":"<p>Die GS Worthschule wird seit dem Schuljahr 2012\/13 als offene Ganztagsschule gef\u00fchrt.Nach Unterrichtsschluss gehen die zur Ganztagsbetreuung (GTB) angemeldeten Kinder in die schuleigene Mensa zum Essen. Die Stadt Goslar hat f\u00fcr die Grundschulen mit GTB einen Cateringvertrag mit der Fa. Habekost &amp; Fichtner, die in der Bassgeige ans\u00e4ssig ist, abgeschlossen. Die Mitarbeiterin f\u00fcr die Essensausgabe &hellip; <a href=\"https:\/\/wordpress.nibis.de\/gsworth\/ganztagsbetreuung\/\" class=\"more-link\">Weiterlesen <span class=\"screen-reader-text\">Ganztagsbetreuung<\/span><\/a><\/p>\n","protected":false},"author":9193170,"featured_media":0,"parent":0,"menu_order":0,"comment_status":"closed","ping_status":"closed","template":"","meta":{"footnotes":""},"class_list":["post-236","page","type-page","status-publish","hentry","without-featured-image"],"_links":{"self":[{"href":"https:\/\/wordpress.nibis.de\/gsworth\/wp-json\/wp\/v2\/pages\/236","targetHints":{"allow":["GET"]}}],"collection":[{"href":"https:\/\/wordpress.nibis.de\/gsworth\/wp-json\/wp\/v2\/pages"}],"about":[{"href":"https:\/\/wordpress.nibis.de\/gsworth\/wp-json\/wp\/v2\/types\/page"}],"author":[{"embeddable":true,"href":"https:\/\/wordpress.nibis.de\/gsworth\/wp-json\/wp\/v2\/users\/9193170"}],"replies":[{"embeddable":true,"href":"https:\/\/wordpress.nibis.de\/gsworth\/wp-json\/wp\/v2\/comments?post=236"}],"version-history":[{"count":8,"href":"https:\/\/wordpress.nibis.de\/gsworth\/wp-json\/wp\/v2\/pages\/236\/revisions"}],"predecessor-version":[{"id":2280,"href":"https:\/\/wordpress.nibis.de\/gsworth\/wp-json\/wp\/v2\/pages\/236\/revisions\/2280"}],"wp:attachment":[{"href":"https:\/\/wordpress.nibis.de\/gsworth\/wp-json\/wp\/v2\/media?parent=236"}],"curies":[{"name":"wp","href":"https:\/\/api.w.org\/{rel}","templated":true}]}}