{"id":251,"date":"2019-06-12T13:16:17","date_gmt":"2019-06-12T11:16:17","guid":{"rendered":"https:\/\/wordpress.nibis.de\/gsworth\/?page_id=251"},"modified":"2025-05-20T18:19:18","modified_gmt":"2025-05-20T16:19:18","slug":"kollegium","status":"publish","type":"page","link":"https:\/\/wordpress.nibis.de\/gsworth\/kollegium\/","title":{"rendered":"Kollegium"},"content":{"rendered":"<div class=\"rgs-postmetadataheader\">\n<h2 class=\"rgs-postheader\"><strong style=\"font-size: 16px;color: #191e23\">Klassenl<\/strong><strong style=\"font-size: 16px;color: #191e23\">ehrerinnen:<\/strong><\/h2>\n<\/div>\n<div class=\"rgs-postcontent rgs-postcontent-0 clearfix\">\n<div class=\"rgs-article\">\n<p>Klasse 1: Frau Wickner<\/p>\n<p>Klasse 2: Frau Kempe<\/p>\n<p>Klasse 3a: Frau Torke<br \/>\nKlasse 3b: Frau van Rahden<\/p>\n<p>Klasse 4: Frau Ehlert-Born<\/p>\n<\/div>\n<\/div>\n<div class=\"rgs-postcontent rgs-postcontent-0 clearfix\">\n<p><strong style=\"font-size: revert;color: initial\">Sonderp\u00e4dagogische Grundversorgung:<\/strong><\/p>\n<\/div>\n<p>Frau Wesemann-Keil hilft den Sch\u00fclerinnen und Sch\u00fclern in Mathematik und Deutsch, damit die L\u00fccken im Lernstoff leichter ausgeglichen werden k\u00f6nnen.<\/p>\n<p><strong>P\u00e4dagogischen <\/strong><strong>M<\/strong><strong>i<\/strong><strong>t<\/strong><strong>a<\/strong><strong>rbe<\/strong><strong>it<\/strong><strong>e<\/strong><strong>r<\/strong><strong>i<\/strong><strong>n<\/strong><strong>n<\/strong><strong>e<\/strong><strong>n:<\/strong><\/p>\n<p>Sie \u00fcbernehmen in der 1. und 2. Klasse die Betreuungsstunden und betreuen eine Klasse, wenn die Lehrerin krank oder zur Fortbildung ist.<\/p>\n<p style=\"text-align: left\"><span style=\"font-size: 12pt\">Frau Beyer<br \/>\n<\/span><span style=\"font-size: 12pt\">Frau Hammeran <\/span><br \/>\n<span style=\"font-size: 12pt\">Frau Heidrich<br \/>\n<\/span><\/p>\n<p><strong>Lehramtsanw\u00e4rterin:<\/strong><\/p>\n<p>Frau Merkel<\/p>\n","protected":false},"excerpt":{"rendered":"<p>Klassenlehrerinnen: Klasse 1: Frau Wickner Klasse 2: Frau Kempe Klasse 3a: Frau Torke Klasse 3b: Frau van Rahden Klasse 4: Frau Ehlert-Born Sonderp\u00e4dagogische Grundversorgung: Frau Wesemann-Keil hilft den Sch\u00fclerinnen und Sch\u00fclern in Mathematik und Deutsch, damit die L\u00fccken im Lernstoff leichter ausgeglichen werden k\u00f6nnen. P\u00e4dagogischen Mitarbeiterinnen: Sie \u00fcbernehmen in der 1. und 2. Klasse die &hellip; <a href=\"https:\/\/wordpress.nibis.de\/gsworth\/kollegium\/\" class=\"more-link\">Weiterlesen <span class=\"screen-reader-text\">Kollegium<\/span><\/a><\/p>\n","protected":false},"author":9193170,"featured_media":0,"parent":0,"menu_order":0,"comment_status":"closed","ping_status":"closed","template":"","meta":{"footnotes":""},"class_list":["post-251","page","type-page","status-publish","hentry","without-featured-image"],"_links":{"self":[{"href":"https:\/\/wordpress.nibis.de\/gsworth\/wp-json\/wp\/v2\/pages\/251","targetHints":{"allow":["GET"]}}],"collection":[{"href":"https:\/\/wordpress.nibis.de\/gsworth\/wp-json\/wp\/v2\/pages"}],"about":[{"href":"https:\/\/wordpress.nibis.de\/gsworth\/wp-json\/wp\/v2\/types\/page"}],"author":[{"embeddable":true,"href":"https:\/\/wordpress.nibis.de\/gsworth\/wp-json\/wp\/v2\/users\/9193170"}],"replies":[{"embeddable":true,"href":"https:\/\/wordpress.nibis.de\/gsworth\/wp-json\/wp\/v2\/comments?post=251"}],"version-history":[{"count":23,"href":"https:\/\/wordpress.nibis.de\/gsworth\/wp-json\/wp\/v2\/pages\/251\/revisions"}],"predecessor-version":[{"id":2278,"href":"https:\/\/wordpress.nibis.de\/gsworth\/wp-json\/wp\/v2\/pages\/251\/revisions\/2278"}],"wp:attachment":[{"href":"https:\/\/wordpress.nibis.de\/gsworth\/wp-json\/wp\/v2\/media?parent=251"}],"curies":[{"name":"wp","href":"https:\/\/api.w.org\/{rel}","templated":true}]}}