{"id":255,"date":"2019-06-12T13:15:58","date_gmt":"2019-06-12T11:15:58","guid":{"rendered":"https:\/\/wordpress.nibis.de\/gsworth\/?page_id=255"},"modified":"2019-07-22T12:02:17","modified_gmt":"2019-07-22T10:02:17","slug":"seniorpartner-in-school-sis","status":"publish","type":"page","link":"https:\/\/wordpress.nibis.de\/gsworth\/seniorpartner-in-school-sis\/","title":{"rendered":"Seniorpartner in School (SiS)"},"content":{"rendered":"\n<p>SiS ist eine bundesweite Vereinigung mit Hauptsitz in Berlin:<\/p>\n<p>SiS l\u00e4sst durch anerkannte Fachkr\u00e4fte Schulmediatoren ausbilden, die bei Auseinandersetzungen und Sorgen vermitteln. Sie arbeiten unabh\u00e4ngig von Schule, Lehrern und Eltern mit den Sch\u00fclerinnen und Sch\u00fclern und unterliegen der Schweigepflicht.<\/p>\n<p>Das Motto lautet: Nur wer den Kopf frei hat, kann sich auf das Wesentliche konzentrieren!<\/p>\n<p>Es ist das Ziel einer mediatorischen Konfliktl\u00f6sung, dass die Kinder eine eigene Vereinbarung oder M\u00f6glichkeit erarbeiten und finden, um ihre Unstimmigkeiten oder Probleme zu beheben. Die L\u00f6sung m\u00fcssen die Kinder akzeptieren und einhalten k\u00f6nnen. Ziel ist auch, das Vertrauen zwischen Alt und Jung herzustellen, um eine andere M\u00f6glichkeit der Streitkultur zu vermitteln. Streit und Eskalation sollen unter Nutzung der Lebenserfahrung der Mediatoren verhindert werden.<\/p>\n<p>\u00a0<\/p>\n<p>Jeden Mittwoch k\u00f6nnen die Kinder zu uns kommen\u00a0<strong>von 09:30 Uhr &#8211; 12:30 Uhr<\/strong>\u00a0in den\u00a0<strong>RAUM DER GUTEN L\u00d6SUNGEN.<\/strong><\/p>\n<p>Frau von Vegesack und Herr Dornbusch stehen als Seniorpartner in der Worthschule zur Verf\u00fcgung.<\/p>\n<p>Wenn Sie als Eltern bemerken, dass Ihr Kind Probleme hat, k\u00f6nnen auch Sie es gern ermutigen, zu uns zu kommen.<\/p>\n","protected":false},"excerpt":{"rendered":"<p>SiS ist eine bundesweite Vereinigung mit Hauptsitz in Berlin: SiS l\u00e4sst durch anerkannte Fachkr\u00e4fte Schulmediatoren ausbilden, die bei Auseinandersetzungen und Sorgen vermitteln. Sie arbeiten unabh\u00e4ngig von Schule, Lehrern und Eltern mit den Sch\u00fclerinnen und Sch\u00fclern und unterliegen der Schweigepflicht. Das Motto lautet: Nur wer den Kopf frei hat, kann sich auf das Wesentliche konzentrieren! Es &hellip; <a href=\"https:\/\/wordpress.nibis.de\/gsworth\/seniorpartner-in-school-sis\/\" class=\"more-link\">Weiterlesen <span class=\"screen-reader-text\">Seniorpartner in School (SiS)<\/span><\/a><\/p>\n","protected":false},"author":9193005,"featured_media":0,"parent":0,"menu_order":0,"comment_status":"closed","ping_status":"closed","template":"","meta":{"footnotes":""},"class_list":["post-255","page","type-page","status-publish","hentry","without-featured-image"],"_links":{"self":[{"href":"https:\/\/wordpress.nibis.de\/gsworth\/wp-json\/wp\/v2\/pages\/255","targetHints":{"allow":["GET"]}}],"collection":[{"href":"https:\/\/wordpress.nibis.de\/gsworth\/wp-json\/wp\/v2\/pages"}],"about":[{"href":"https:\/\/wordpress.nibis.de\/gsworth\/wp-json\/wp\/v2\/types\/page"}],"author":[{"embeddable":true,"href":"https:\/\/wordpress.nibis.de\/gsworth\/wp-json\/wp\/v2\/users\/9193005"}],"replies":[{"embeddable":true,"href":"https:\/\/wordpress.nibis.de\/gsworth\/wp-json\/wp\/v2\/comments?post=255"}],"version-history":[{"count":3,"href":"https:\/\/wordpress.nibis.de\/gsworth\/wp-json\/wp\/v2\/pages\/255\/revisions"}],"predecessor-version":[{"id":515,"href":"https:\/\/wordpress.nibis.de\/gsworth\/wp-json\/wp\/v2\/pages\/255\/revisions\/515"}],"wp:attachment":[{"href":"https:\/\/wordpress.nibis.de\/gsworth\/wp-json\/wp\/v2\/media?parent=255"}],"curies":[{"name":"wp","href":"https:\/\/api.w.org\/{rel}","templated":true}]}}