{"id":262,"date":"2019-06-12T13:58:41","date_gmt":"2019-06-12T11:58:41","guid":{"rendered":"https:\/\/wordpress.nibis.de\/gsworth\/?page_id=262"},"modified":"2025-09-17T17:38:42","modified_gmt":"2025-09-17T15:38:42","slug":"schulverein-2","status":"publish","type":"page","link":"https:\/\/wordpress.nibis.de\/gsworth\/schulverein-2\/","title":{"rendered":"Schulverein"},"content":{"rendered":"\n<p>Liebe Freunde der GS Worthschule,<\/p>\n<p>wir freuen uns, Ihnen den\u00a0<br \/><strong>Schulverein Worthschule Goslar e.V.<br \/><\/strong>vorstellen zu d\u00fcrfen! In Zeiten knapper Haushaltsmittel kann die Grundschule Worthschule mit ihren besonderen Vorz\u00fcgen durch den Schulverein finanziell unterst\u00fctzt werden.\u00a0<\/p>\n<p>\u00a0<\/p>\n<p><strong>Die Mitglieder des Vorstandes:<\/strong><\/p>\n<p>\u00a0 \u00a0 \u00a0Hannah Henning &#8211; Vorstandsvorsitzende<br \/>\u00a0 \u00a0 \u00a0Rainer St\u00e4hle &#8211; Stellvertretender Vorsitzender<br \/>\u00a0 \u00a0 \u00a0Udo Fricke &#8211; Schatzmeister<br \/>\u00a0 \u00a0 \u00a0Saskia St\u00e4hle-Thamm &#8211; Protokollf\u00fchrerin<\/p>\n<p><br \/><strong>Unsere Ziele sind:<\/strong><\/p>\n<ul>\n<li>die katholische Grundschule Worthschule und ihre im Glauben wurzelnden und sich am christlichen Menschenbild orientierenden Bildungs- und Erziehungsgrunds\u00e4tze in der \u00d6ffentlichkeit zu f\u00f6rdern<\/li>\n<li>die praktische Arbeit der Schule unterst\u00fctzend zu begleiten<\/li>\n<li>Unterst\u00fctzung von Sch\u00fclerinnen und Sch\u00fclern in besonderen Situationen<\/li>\n<\/ul>\n<p>\u00a0<\/p>\n<p><strong>Der Schulverein unterst\u00fctzt das aktive Schulleben durch:<\/strong><\/p>\n<ul>\n<li>F\u00f6rderung von Schulprojekten<\/li>\n<li>Anschaffung von Lernsoftware<\/li>\n<li>Aktive und finanzielle Unterst\u00fctzung bei der Umgestaltung des Schulhofes<\/li>\n<li>Bereitstellung besonderer Unterrichtsmaterialien<\/li>\n<li>Zus\u00e4tzliche Klassenausstattung<\/li>\n<li>Zusch\u00fcsse f\u00fcr gemeinsame Unternehmungen<\/li>\n<li>Aktive Unterst\u00fctzung bei schulischen Projekten<\/li>\n<li>Erweiterung der Sch\u00fclerb\u00fccherei<\/li>\n<\/ul>\n<p><br \/>Vereinsreg.-Nr. VR 110513 Amtsgericht Braunschweig<\/p>\n<p><strong>Bankverbindung:<\/strong><\/p>\n<p>Sparkasse Hildesheim Goslar Peine<br \/>IBAN: DE76 2595 0130 0006 4711 63<br \/>BIC: NOLADE21HIK<\/p>\n<p><strong>Kontakt:<br \/><\/strong><a href=\"m&#97;&#105;&#x6c;&#x74;o:&#115;&#99;&#x68;&#x75;lv&#101;&#114;&#x65;&#x69;n&#64;&#119;&#x6f;&#x72;&#x74;h&#115;&#99;&#x68;&#x75;&#x6c;e&#46;&#115;&#x63;&#x68;&#x75;l&#115;&#101;&#x72;&#x76;&#x65;r&#46;&#100;&#x65;\">&#115;&#x63;&#104;&#x75;&#108;&#x76;&#101;&#x72;e&#x69;n&#x40;w&#x6f;r&#116;&#x68;&#115;&#x63;&#104;&#x75;&#108;&#x65;&#46;&#x73;c&#x68;u&#x6c;s&#x65;r&#118;&#x65;&#114;&#x2e;&#100;&#x65;<\/a><\/p>\n","protected":false},"excerpt":{"rendered":"<p>Liebe Freunde der GS Worthschule, wir freuen uns, Ihnen den\u00a0Schulverein Worthschule Goslar e.V.vorstellen zu d\u00fcrfen! In Zeiten knapper Haushaltsmittel kann die Grundschule Worthschule mit ihren besonderen Vorz\u00fcgen durch den Schulverein finanziell unterst\u00fctzt werden.\u00a0 \u00a0 Die Mitglieder des Vorstandes: \u00a0 \u00a0 \u00a0Hannah Henning &#8211; Vorstandsvorsitzende\u00a0 \u00a0 \u00a0Rainer St\u00e4hle &#8211; Stellvertretender Vorsitzender\u00a0 \u00a0 \u00a0Udo Fricke &#8211; Schatzmeister\u00a0 &hellip; <a href=\"https:\/\/wordpress.nibis.de\/gsworth\/schulverein-2\/\" class=\"more-link\">Weiterlesen <span class=\"screen-reader-text\">Schulverein<\/span><\/a><\/p>\n","protected":false},"author":9193005,"featured_media":0,"parent":0,"menu_order":0,"comment_status":"closed","ping_status":"closed","template":"","meta":{"footnotes":""},"class_list":["post-262","page","type-page","status-publish","hentry","without-featured-image"],"_links":{"self":[{"href":"https:\/\/wordpress.nibis.de\/gsworth\/wp-json\/wp\/v2\/pages\/262","targetHints":{"allow":["GET"]}}],"collection":[{"href":"https:\/\/wordpress.nibis.de\/gsworth\/wp-json\/wp\/v2\/pages"}],"about":[{"href":"https:\/\/wordpress.nibis.de\/gsworth\/wp-json\/wp\/v2\/types\/page"}],"author":[{"embeddable":true,"href":"https:\/\/wordpress.nibis.de\/gsworth\/wp-json\/wp\/v2\/users\/9193005"}],"replies":[{"embeddable":true,"href":"https:\/\/wordpress.nibis.de\/gsworth\/wp-json\/wp\/v2\/comments?post=262"}],"version-history":[{"count":11,"href":"https:\/\/wordpress.nibis.de\/gsworth\/wp-json\/wp\/v2\/pages\/262\/revisions"}],"predecessor-version":[{"id":2302,"href":"https:\/\/wordpress.nibis.de\/gsworth\/wp-json\/wp\/v2\/pages\/262\/revisions\/2302"}],"wp:attachment":[{"href":"https:\/\/wordpress.nibis.de\/gsworth\/wp-json\/wp\/v2\/media?parent=262"}],"curies":[{"name":"wp","href":"https:\/\/api.w.org\/{rel}","templated":true}]}}