{"id":301,"date":"2019-07-01T15:05:37","date_gmt":"2019-07-01T13:05:37","guid":{"rendered":"https:\/\/wordpress.nibis.de\/gsworth\/?page_id=301"},"modified":"2020-03-24T11:15:16","modified_gmt":"2020-03-24T10:15:16","slug":"ruz","status":"publish","type":"page","link":"https:\/\/wordpress.nibis.de\/gsworth\/ruz\/","title":{"rendered":"Regionales Umweltbildungszentrum (RUZ) Nationalpark Harz"},"content":{"rendered":"\n<p>Das\u00a0<strong>R<\/strong>egionale <strong>U<\/strong>mweltbildungs<strong>z<\/strong>entrum (RUZ) Nationalpark Harz ist ein au\u00dferschulischer Lernort in Bad Harzburg. Dort werden verschiedene Programme und Projekte f\u00fcr Schulklassen der Region angeboten.<\/p>\n<p>Im ersten Schuljahr erhalten die Kinder durch spielerische Aktivit\u00e4ten einen Zugang zum Lebensraum Wald und seinen Bewohnern. Im zweiten und dritten Schuljahr steht die handlungsorientierte Erkundung der Themen Baum, Waldboden und Bach im Mittelpunkt. Im vierten Schuljahr wird der Lebensraum Wald n\u00e4her untersucht. Die Kinder f\u00fchren u.a. Messungen durch, dokumentieren und vergleichen Ergebnisse.<\/p>\n<p>Jede Klasse der Worthschule f\u00e4hrt ein- bis zweimal im Schuljahr ins RUZ.<\/p>\n<p>N\u00e4here Infos zum RUZ Nationalpark Harz unter: <a href=\"https:\/\/www.ruz-nph.de\/ruz\/de\/start\/start\/\">RUZ Bad Harzburg<\/a><\/p>\n","protected":false},"excerpt":{"rendered":"<p>Das\u00a0Regionale Umweltbildungszentrum (RUZ) Nationalpark Harz ist ein au\u00dferschulischer Lernort in Bad Harzburg. Dort werden verschiedene Programme und Projekte f\u00fcr Schulklassen der Region angeboten. Im ersten Schuljahr erhalten die Kinder durch spielerische Aktivit\u00e4ten einen Zugang zum Lebensraum Wald und seinen Bewohnern. Im zweiten und dritten Schuljahr steht die handlungsorientierte Erkundung der Themen Baum, Waldboden und Bach &hellip; <a href=\"https:\/\/wordpress.nibis.de\/gsworth\/ruz\/\" class=\"more-link\">Weiterlesen <span class=\"screen-reader-text\">Regionales Umweltbildungszentrum (RUZ) Nationalpark Harz<\/span><\/a><\/p>\n","protected":false},"author":9193005,"featured_media":0,"parent":0,"menu_order":0,"comment_status":"closed","ping_status":"closed","template":"","meta":{"footnotes":""},"class_list":["post-301","page","type-page","status-publish","hentry","without-featured-image"],"_links":{"self":[{"href":"https:\/\/wordpress.nibis.de\/gsworth\/wp-json\/wp\/v2\/pages\/301","targetHints":{"allow":["GET"]}}],"collection":[{"href":"https:\/\/wordpress.nibis.de\/gsworth\/wp-json\/wp\/v2\/pages"}],"about":[{"href":"https:\/\/wordpress.nibis.de\/gsworth\/wp-json\/wp\/v2\/types\/page"}],"author":[{"embeddable":true,"href":"https:\/\/wordpress.nibis.de\/gsworth\/wp-json\/wp\/v2\/users\/9193005"}],"replies":[{"embeddable":true,"href":"https:\/\/wordpress.nibis.de\/gsworth\/wp-json\/wp\/v2\/comments?post=301"}],"version-history":[{"count":3,"href":"https:\/\/wordpress.nibis.de\/gsworth\/wp-json\/wp\/v2\/pages\/301\/revisions"}],"predecessor-version":[{"id":882,"href":"https:\/\/wordpress.nibis.de\/gsworth\/wp-json\/wp\/v2\/pages\/301\/revisions\/882"}],"wp:attachment":[{"href":"https:\/\/wordpress.nibis.de\/gsworth\/wp-json\/wp\/v2\/media?parent=301"}],"curies":[{"name":"wp","href":"https:\/\/api.w.org\/{rel}","templated":true}]}}